{"id":1529,"date":"2023-10-03T09:47:51","date_gmt":"2023-10-03T07:47:51","guid":{"rendered":"https:\/\/www.thermannpro.cz\/?page_id=1529"},"modified":"2026-04-23T09:37:52","modified_gmt":"2026-04-23T07:37:52","slug":"dotace","status":"publish","type":"page","link":"https:\/\/www.thermannpro.cz\/de\/dotace\/","title":{"rendered":"Subvention"},"content":{"rendered":"<div data-elementor-type=\"wp-page\" data-elementor-id=\"1529\" class=\"elementor elementor-1529\">\n\t\t\t\t\t\t\t\t\t<section class=\"elementor-section elementor-top-section elementor-element elementor-element-5464f510 elementor-section-boxed elementor-section-height-default elementor-section-height-default wpr-equal-height-no\" data-id=\"5464f510\" data-element_type=\"section\">\n\t\t\t\t\t\t<div class=\"elementor-container elementor-column-gap-default\">\n\t\t\t\t\t<div class=\"elementor-column elementor-col-100 elementor-top-column elementor-element elementor-element-6511b615\" data-id=\"6511b615\" data-element_type=\"column\" data-settings=\"{&quot;background_background&quot;:&quot;classic&quot;}\">\n\t\t\t<div class=\"elementor-widget-wrap elementor-element-populated\">\n\t\t\t\t\t<div class=\"elementor-background-overlay\"><\/div>\n\t\t\t\t\t\t\t\t<div class=\"elementor-element elementor-element-c83fbde elementor-invisible elementor-widget elementor-widget-heading\" data-id=\"c83fbde\" data-element_type=\"widget\" data-settings=\"{&quot;_animation&quot;:&quot;fadeInDown&quot;,&quot;_animation_delay&quot;:&quot;100&quot;}\" data-widget_type=\"heading.default\">\n\t\t\t\t<div class=\"elementor-widget-container\">\n\t\t\t<h1 class=\"elementor-heading-title elementor-size-default\">Subvention<\/h1>\t\t<\/div>\n\t\t\t\t<\/div>\n\t\t\t\t\t<\/div>\n\t\t<\/div>\n\t\t\t\t\t\t\t<\/div>\n\t\t<\/section>\n\t\t\t\t<section class=\"elementor-section elementor-top-section elementor-element elementor-element-4bc7ac2 elementor-section-boxed elementor-section-height-default elementor-section-height-default wpr-equal-height-no\" data-id=\"4bc7ac2\" data-element_type=\"section\">\n\t\t\t\t\t\t<div class=\"elementor-container elementor-column-gap-default\">\n\t\t\t\t\t<div class=\"elementor-column elementor-col-100 elementor-top-column elementor-element elementor-element-c04f2bc\" data-id=\"c04f2bc\" data-element_type=\"column\">\n\t\t\t<div class=\"elementor-widget-wrap elementor-element-populated\">\n\t\t\t\t\t\t\t\t<div class=\"elementor-element elementor-element-68c021c elementor-invisible elementor-widget elementor-widget-heading\" data-id=\"68c021c\" data-element_type=\"widget\" data-settings=\"{&quot;_animation&quot;:&quot;fadeIn&quot;}\" data-widget_type=\"heading.default\">\n\t\t\t\t<div class=\"elementor-widget-container\">\n\t\t\t<h2 class=\"elementor-heading-title elementor-size-default\">Subventionen f\u00fcr W\u00e4rmepumpen \u2013 aktueller Stand 2026<\/h2>\t\t<\/div>\n\t\t\t\t<\/div>\n\t\t\t\t<div class=\"elementor-element elementor-element-9009ec7 elementor-invisible elementor-widget elementor-widget-heading\" data-id=\"9009ec7\" data-element_type=\"widget\" data-settings=\"{&quot;_animation&quot;:&quot;fadeIn&quot;}\" data-widget_type=\"heading.default\">\n\t\t\t\t<div class=\"elementor-widget-container\">\n\t\t\t<p class=\"elementor-heading-title elementor-size-default\">Das New Green Savings-Programm wird derzeit \u00fcberarbeitet und die F\u00f6rderbedingungen werden schrittweise angepasst.<\/p>\t\t<\/div>\n\t\t\t\t<\/div>\n\t\t\t\t<div class=\"elementor-element elementor-element-d34fe05 elementor-align-center elementor-mobile-align-center elementor-invisible elementor-widget elementor-widget-button\" data-id=\"d34fe05\" data-element_type=\"widget\" data-settings=\"{&quot;_animation&quot;:&quot;fadeIn&quot;}\" data-widget_type=\"button.default\">\n\t\t\t\t<div class=\"elementor-widget-container\">\n\t\t\t\t\t<div class=\"elementor-button-wrapper\">\n\t\t\t<a class=\"elementor-button elementor-button-link elementor-size-lg\" href=\"\/de\/kontakty\/\">\n\t\t\t\t\t\t<span class=\"elementor-button-content-wrapper\">\n\t\t\t\t\t\t<span class=\"elementor-button-text\">Ich m\u00f6chte ein unverbindliches Angebot<\/span>\n\t\t<\/span>\n\t\t\t\t\t<\/a>\n\t\t<\/div>\n\t\t\t\t<\/div>\n\t\t\t\t<\/div>\n\t\t\t\t<div class=\"elementor-element elementor-element-51e6018 elementor-widget elementor-widget-text-editor\" data-id=\"51e6018\" data-element_type=\"widget\" data-widget_type=\"text-editor.default\">\n\t\t\t\t<div class=\"elementor-widget-container\">\n\t\t\t\t\t\t\t<p style=\"text-align: center;\">F\u00fcr die meisten Haushalte ist die wichtigste Form der Unterst\u00fctzung jetzt <strong>Vorzugsfinanzierung (zinsfrei)<\/strong>.<\/p><p style=\"text-align: center;\"><strong>Direkte Subventionen stehen haupts\u00e4chlich Haushalten mit niedrigem Einkommen zur Verf\u00fcgung (NZ\u00da Light).<\/strong><\/p><p style=\"text-align: center;\">Einzelgespr\u00e4che werden fortlaufend gef\u00fchrt und die Bedingungen k\u00f6nnen sich \u00e4ndern.<\/p>\t\t\t\t\t\t<\/div>\n\t\t\t\t<\/div>\n\t\t\t\t<div class=\"elementor-element elementor-element-5298afe elementor-widget elementor-widget-image\" data-id=\"5298afe\" data-element_type=\"widget\" data-widget_type=\"image.default\">\n\t\t\t\t<div class=\"elementor-widget-container\">\n\t\t\t\t\t\t\t\t\t\t\t\t\t\t\t<img decoding=\"async\" width=\"200\" height=\"178\" data-src=\"https:\/\/www.thermannpro.cz\/wp-content\/uploads\/2023\/10\/nova-zelena-usporam.png\" class=\"attachment-large size-large wp-image-1531 lazyload\" alt=\"\" data-srcset=\"https:\/\/www.thermannpro.cz\/wp-content\/uploads\/2023\/10\/nova-zelena-usporam.png 200w, https:\/\/www.thermannpro.cz\/wp-content\/uploads\/2023\/10\/nova-zelena-usporam-112x100.png 112w, https:\/\/www.thermannpro.cz\/wp-content\/uploads\/2023\/10\/nova-zelena-usporam-90x80.png 90w\" data-sizes=\"(max-width: 200px) 100vw, 200px\" src=\"data:image\/svg+xml;base64,PHN2ZyB3aWR0aD0iMSIgaGVpZ2h0PSIxIiB4bWxucz0iaHR0cDovL3d3dy53My5vcmcvMjAwMC9zdmciPjwvc3ZnPg==\" style=\"--smush-placeholder-width: 200px; --smush-placeholder-aspect-ratio: 200\/178;\" \/>\t\t\t\t\t\t\t\t\t\t\t\t\t\t\t<\/div>\n\t\t\t\t<\/div>\n\t\t\t\t\t<\/div>\n\t\t<\/div>\n\t\t\t\t\t\t\t<\/div>\n\t\t<\/section>\n\t\t\t\t\t\t\t<\/div>","protected":false},"excerpt":{"rendered":"<p>Dotace Dotace na tepeln\u00e9 \u010derpadlo \u2013 aktu\u00e1ln\u00ed stav 2026 Program Nov\u00e1 zelen\u00e1 \u00faspor\u00e1m aktu\u00e1ln\u011b proch\u00e1z\u00ed zm\u011bnami a podm\u00ednky podpory se postupn\u011b upravuj\u00ed. Chci nez\u00e1vaznou nab\u00eddku Pro v\u011bt\u0161inu dom\u00e1cnost\u00ed je nyn\u00ed hlavn\u00ed formou podpory zv\u00fdhodn\u011bn\u00e9 (bez\u00faro\u010dn\u00e9) financov\u00e1n\u00ed. P\u0159\u00edm\u00e9 dotace jsou dostupn\u00e9 &hellip; <a href=\"https:\/\/www.thermannpro.cz\/de\/dotace\/\">Mehr lesen<\/a><\/p>","protected":false},"author":3,"featured_media":0,"parent":0,"menu_order":0,"comment_status":"closed","ping_status":"closed","template":"","meta":{"footnotes":""},"class_list":["post-1529","page","type-page","status-publish","hentry"],"_links":{"self":[{"href":"https:\/\/www.thermannpro.cz\/de\/wp-json\/wp\/v2\/pages\/1529","targetHints":{"allow":["GET"]}}],"collection":[{"href":"https:\/\/www.thermannpro.cz\/de\/wp-json\/wp\/v2\/pages"}],"about":[{"href":"https:\/\/www.thermannpro.cz\/de\/wp-json\/wp\/v2\/types\/page"}],"author":[{"embeddable":true,"href":"https:\/\/www.thermannpro.cz\/de\/wp-json\/wp\/v2\/users\/3"}],"replies":[{"embeddable":true,"href":"https:\/\/www.thermannpro.cz\/de\/wp-json\/wp\/v2\/comments?post=1529"}],"version-history":[{"count":7,"href":"https:\/\/www.thermannpro.cz\/de\/wp-json\/wp\/v2\/pages\/1529\/revisions"}],"predecessor-version":[{"id":3709,"href":"https:\/\/www.thermannpro.cz\/de\/wp-json\/wp\/v2\/pages\/1529\/revisions\/3709"}],"wp:attachment":[{"href":"https:\/\/www.thermannpro.cz\/de\/wp-json\/wp\/v2\/media?parent=1529"}],"curies":[{"name":"wp","href":"https:\/\/api.w.org\/{rel}","templated":true}]}}