{"id":1541,"date":"2023-10-03T10:06:31","date_gmt":"2023-10-03T08:06:31","guid":{"rendered":"https:\/\/www.thermannpro.cz\/?page_id=1541"},"modified":"2024-09-10T17:39:53","modified_gmt":"2024-09-10T15:39:53","slug":"servis","status":"publish","type":"page","link":"https:\/\/www.thermannpro.cz\/de\/servis\/","title":{"rendered":"Service"},"content":{"rendered":"\t\t<div data-elementor-type=\"wp-page\" data-elementor-id=\"1541\" class=\"elementor elementor-1541\">\n\t\t\t\t\t\t\t\t\t<section class=\"elementor-section elementor-top-section elementor-element elementor-element-5464f510 elementor-section-boxed elementor-section-height-default elementor-section-height-default wpr-equal-height-no\" data-id=\"5464f510\" data-element_type=\"section\">\n\t\t\t\t\t\t<div class=\"elementor-container elementor-column-gap-default\">\n\t\t\t\t\t<div class=\"elementor-column elementor-col-100 elementor-top-column elementor-element elementor-element-6511b615\" data-id=\"6511b615\" data-element_type=\"column\" data-settings=\"{&quot;background_background&quot;:&quot;classic&quot;}\">\n\t\t\t<div class=\"elementor-widget-wrap elementor-element-populated\">\n\t\t\t\t\t<div class=\"elementor-background-overlay\"><\/div>\n\t\t\t\t\t\t\t\t<div class=\"elementor-element elementor-element-c83fbde elementor-invisible elementor-widget elementor-widget-heading\" data-id=\"c83fbde\" data-element_type=\"widget\" data-settings=\"{&quot;_animation&quot;:&quot;fadeInDown&quot;,&quot;_animation_delay&quot;:&quot;100&quot;}\" data-widget_type=\"heading.default\">\n\t\t\t\t<div class=\"elementor-widget-container\">\n\t\t\t<h1 class=\"elementor-heading-title elementor-size-default\">Servis<\/h1>\t\t<\/div>\n\t\t\t\t<\/div>\n\t\t\t\t\t<\/div>\n\t\t<\/div>\n\t\t\t\t\t\t\t<\/div>\n\t\t<\/section>\n\t\t\t\t<section class=\"elementor-section elementor-top-section elementor-element elementor-element-4bc7ac2 elementor-section-boxed elementor-section-height-default elementor-section-height-default wpr-equal-height-no\" data-id=\"4bc7ac2\" data-element_type=\"section\">\n\t\t\t\t\t\t<div class=\"elementor-container elementor-column-gap-default\">\n\t\t\t\t\t<div class=\"elementor-column elementor-col-100 elementor-top-column elementor-element elementor-element-c04f2bc\" data-id=\"c04f2bc\" data-element_type=\"column\">\n\t\t\t<div class=\"elementor-widget-wrap elementor-element-populated\">\n\t\t\t\t\t\t\t\t<div class=\"elementor-element elementor-element-68c021c elementor-invisible elementor-widget elementor-widget-heading\" data-id=\"68c021c\" data-element_type=\"widget\" data-settings=\"{&quot;_animation&quot;:&quot;fadeIn&quot;}\" data-widget_type=\"heading.default\">\n\t\t\t\t<div class=\"elementor-widget-container\">\n\t\t\t<h2 class=\"elementor-heading-title elementor-size-default\">Samoz\u0159ejmost\u00ed je poskytov\u00e1n\u00ed pravideln\u00e9ho servisu a \u00fadr\u017eby Va\u0161eho tepeln\u00e9ho \u010derpadla.<\/h2>\t\t<\/div>\n\t\t\t\t<\/div>\n\t\t\t\t<div class=\"elementor-element elementor-element-51e6018 elementor-widget elementor-widget-text-editor\" data-id=\"51e6018\" data-element_type=\"widget\" data-widget_type=\"text-editor.default\">\n\t\t\t\t<div class=\"elementor-widget-container\">\n\t\t\t\t\t\t\t<p style=\"text-align: center;\">Jen tak lze zaru\u010dit, \u017ee nebude pot\u0159eba dal\u0161\u00edch investic v p\u0159\u00edpad\u011b poruchy tohoto za\u0159\u00edzen\u00ed po uplynut\u00ed standartn\u00ed<br \/>z\u00e1konn\u00e9 z\u00e1ru\u010dn\u00ed lh\u016fty.<\/p><p style=\"text-align: center;\">Pravideln\u00e1 prohl\u00eddka tepeln\u00e9ho \u010derpadla p\u0159in\u00e1\u0161\u00ed \u0159adu v\u00fdhod \u2013 zvy\u0161uje provozuschopnost za\u0159\u00edzen\u00ed, \u00fasporu provozn\u00edch n\u00e1klad\u016f a minimalizuje dopady na \u017eivotn\u00ed prost\u0159ed\u00ed.<\/p><p style=\"text-align: center;\">Prohl\u00eddku zaji\u0161\u0165uj\u00ed odborn\u011b vy\u0161kolen\u00e9 servisn\u00ed firmy s p\u0159\u00edslu\u0161nou autorizac\u00ed<\/p>\t\t\t\t\t\t<\/div>\n\t\t\t\t<\/div>\n\t\t\t\t<div class=\"elementor-element elementor-element-9bffac8 elementor-invisible elementor-widget elementor-widget-heading\" data-id=\"9bffac8\" data-element_type=\"widget\" data-settings=\"{&quot;_animation&quot;:&quot;fadeIn&quot;}\" data-widget_type=\"heading.default\">\n\t\t\t\t<div class=\"elementor-widget-container\">\n\t\t\t<h2 class=\"elementor-heading-title elementor-size-default\">Domluvit si servis<\/h2>\t\t<\/div>\n\t\t\t\t<\/div>\n\t\t\t\t<div class=\"elementor-element elementor-element-654aa92 elementor-widget elementor-widget-formidable\" data-id=\"654aa92\" data-element_type=\"widget\" data-widget_type=\"formidable.default\">\n\t\t\t\t<div class=\"elementor-widget-container\">\n\t\t\t<div class=\"frm_forms  with_frm_style frm_style_formidable-style\" id=\"frm_form_12_container\" data-token=\"ef472c7fc77a7b85c83ffd01e049d3b8\">\n<form enctype=\"multipart\/form-data\" method=\"post\" class=\"frm-show-form \" id=\"form_servis\" data-token=\"ef472c7fc77a7b85c83ffd01e049d3b8\">\n<div class=\"frm_form_fields \">\n<fieldset>\n<legend class=\"frm_screen_reader\">Objednat servis<\/legend>\r\n\r\n<div class=\"frm_fields_container\">\n<input type=\"hidden\" name=\"frm_action\" value=\"create\" \/>\n<input type=\"hidden\" name=\"form_id\" value=\"12\" \/>\n<input type=\"hidden\" name=\"frm_hide_fields_12\" id=\"frm_hide_fields_12\" value=\"\" \/>\n<input type=\"hidden\" name=\"form_key\" value=\"servis\" \/>\n<input type=\"hidden\" name=\"item_meta[0]\" value=\"\" \/>\n<input type=\"hidden\" id=\"frm_submit_entry_12\" name=\"frm_submit_entry_12\" value=\"4e5a0c9b5c\" \/><input type=\"hidden\" name=\"_wp_http_referer\" value=\"\/de\/wp-json\/wp\/v2\/pages\/1541\" \/><div id=\"frm_field_56_container\" class=\"frm_form_field form-field  frm_required_field frm_top_container\">\r\n    <label for=\"field_n76sy3\" id=\"field_n76sy3_label\" class=\"frm_primary_label\">Jm\u00e9no a p\u0159\u00edjmen\u00ed\r\n        <span class=\"frm_required\" aria-hidden=\"true\">*<\/span>\r\n    <\/label>\r\n    <input type=\"text\" id=\"field_n76sy3\" name=\"item_meta[56]\" value=\"\"  data-reqmsg=\"Pros\u00edm vypl\u0148te jm\u00e9no\" aria-required=\"true\" data-invmsg=\"Text is invalid\" aria-invalid=\"false\"  \/>\r\n    \r\n    \r\n<\/div>\n<div id=\"frm_field_57_container\" class=\"frm_form_field form-field  frm_required_field frm_top_container\">\r\n    <label for=\"field_bv8pt3\" id=\"field_bv8pt3_label\" class=\"frm_primary_label\">Email\r\n        <span class=\"frm_required\" aria-hidden=\"true\">*<\/span>\r\n    <\/label>\r\n    <input type=\"email\" id=\"field_bv8pt3\" name=\"item_meta[57]\" value=\"\"  data-reqmsg=\"Pros\u00edm vypl\u0148te email\" aria-required=\"true\" data-invmsg=\"Email je ve \u0161patn\u00e9m form\u00e1tu\" aria-invalid=\"false\"  \/>\r\n    \r\n    \r\n<\/div>\n<div id=\"frm_field_58_container\" class=\"frm_form_field form-field  frm_required_field frm_top_container\">\r\n    <label for=\"field_3n64u3\" id=\"field_3n64u3_label\" class=\"frm_primary_label\">Mobil\r\n        <span class=\"frm_required\" aria-hidden=\"true\">*<\/span>\r\n    <\/label>\r\n    <input type=\"tel\" id=\"field_3n64u3\" name=\"item_meta[58]\" value=\"\"  data-reqmsg=\"Pros\u00edm vypl\u0148te mobil\" aria-required=\"true\" data-invmsg=\"Mobil je ve \u0161patn\u00e9m form\u00e1tu\" aria-invalid=\"false\" pattern=\"((\\+\\d{1,3}(-|.| )?\\(?\\d\\)?(-| |.)?\\d{1,5})|(\\(?\\d{2,6}\\)?))(-|.| )?(\\d{3,4})(-|.| )?(\\d{4})(( x| ext)\\d{1,5}){0,1}$\"  \/>\r\n    \r\n    \r\n<\/div>\n<div id=\"frm_field_62_container\" class=\"frm_form_field form-field  frm_required_field frm_top_container\">\n    <label for=\"field_vyc1e\" id=\"field_vyc1e_label\" class=\"frm_primary_label\">Adresa\n        <span class=\"frm_required\" aria-hidden=\"true\">*<\/span>\n    <\/label>\n    <input type=\"text\" id=\"field_vyc1e\" name=\"item_meta[62]\" value=\"\"  data-reqmsg=\"Pole mus\u00ed b\u00fdt vypln\u011bn\u00e9.\" aria-required=\"true\" data-invmsg=\"Text is invalid\" aria-invalid=\"false\"  \/>\n    \n    \n<\/div>\n<div id=\"frm_field_59_container\" class=\"frm_form_field form-field  frm_top_container frm12 frm_first\">\r\n    <label for=\"field_3q8583\" id=\"field_3q8583_label\" class=\"frm_primary_label\">Pozn\u00e1mka k servisu\r\n        <span class=\"frm_required\" aria-hidden=\"true\"><\/span>\r\n    <\/label>\r\n    <textarea name=\"item_meta[59]\" id=\"field_3q8583\"  data-invmsg=\"Pozn\u00e1mka k servisu ist ung\u00fcltig\" aria-invalid=\"false\"   aria-describedby=\"frm_desc_field_3q8583\"><\/textarea>\r\n    <div class=\"frm_description\" id=\"frm_desc_field_3q8583\">Odesl\u00e1n\u00edm formul\u00e1\u0159e souhlas\u00edte se zpracov\u00e1n\u00edm osobn\u00edch \u00fadaj\u016f.<\/div>\r\n    \r\n<\/div>\n\t<input type=\"hidden\" name=\"item_key\" value=\"\" \/>\n\t\t\t<div id=\"frm_field_115_container\">\n\t\t\t<label for=\"field_nhwif\" >\n\t\t\t\tFalls Du menschlich bist, lasse dieses Feld leer.\t\t\t<\/label>\n\t\t\t<input  id=\"field_nhwif\" type=\"text\" class=\"frm_form_field form-field frm_verify\" name=\"item_meta[115]\" value=\"\"  \/>\n\t\t<\/div>\n\t\t<input name=\"frm_state\" type=\"hidden\" value=\"Fu0dPSP+OvBpqeoGaKMtFHIvVm\/D2MFDGXQI8Zd\/16E=\" \/><div class=\"frm_submit\">\r\n\r\n<button class=\"frm_button_submit\" type=\"submit\"  >Poptat objedn\u00e1n\u00ed servisu<\/button>\r\n\r\n\r\n<\/div><\/div>\n<\/fieldset>\n<\/div>\n\n<\/form>\n<\/div>\n\t\t<\/div>\n\t\t\t\t<\/div>\n\t\t\t\t\t<\/div>\n\t\t<\/div>\n\t\t\t\t\t\t\t<\/div>\n\t\t<\/section>\n\t\t\t\t\t\t\t<\/div>\n\t\t","protected":false},"excerpt":{"rendered":"<p>Servis Samoz\u0159ejmost\u00ed je poskytov\u00e1n\u00ed pravideln\u00e9ho servisu a \u00fadr\u017eby Va\u0161eho tepeln\u00e9ho \u010derpadla. Jen tak lze zaru\u010dit, \u017ee nebude pot\u0159eba dal\u0161\u00edch investic v p\u0159\u00edpad\u011b poruchy tohoto za\u0159\u00edzen\u00ed po uplynut\u00ed standartn\u00edz\u00e1konn\u00e9 z\u00e1ru\u010dn\u00ed lh\u016fty. Pravideln\u00e1 prohl\u00eddka tepeln\u00e9ho \u010derpadla p\u0159in\u00e1\u0161\u00ed \u0159adu v\u00fdhod \u2013 zvy\u0161uje provozuschopnost &hellip; <a href=\"https:\/\/www.thermannpro.cz\/de\/servis\/\">Mehr lesen<\/a><\/p>","protected":false},"author":3,"featured_media":0,"parent":0,"menu_order":0,"comment_status":"closed","ping_status":"closed","template":"","meta":{"footnotes":""},"class_list":["post-1541","page","type-page","status-publish","hentry"],"_links":{"self":[{"href":"https:\/\/www.thermannpro.cz\/de\/wp-json\/wp\/v2\/pages\/1541","targetHints":{"allow":["GET"]}}],"collection":[{"href":"https:\/\/www.thermannpro.cz\/de\/wp-json\/wp\/v2\/pages"}],"about":[{"href":"https:\/\/www.thermannpro.cz\/de\/wp-json\/wp\/v2\/types\/page"}],"author":[{"embeddable":true,"href":"https:\/\/www.thermannpro.cz\/de\/wp-json\/wp\/v2\/users\/3"}],"replies":[{"embeddable":true,"href":"https:\/\/www.thermannpro.cz\/de\/wp-json\/wp\/v2\/comments?post=1541"}],"version-history":[{"count":16,"href":"https:\/\/www.thermannpro.cz\/de\/wp-json\/wp\/v2\/pages\/1541\/revisions"}],"predecessor-version":[{"id":2539,"href":"https:\/\/www.thermannpro.cz\/de\/wp-json\/wp\/v2\/pages\/1541\/revisions\/2539"}],"wp:attachment":[{"href":"https:\/\/www.thermannpro.cz\/de\/wp-json\/wp\/v2\/media?parent=1541"}],"curies":[{"name":"wp","href":"https:\/\/api.w.org\/{rel}","templated":true}]}}