{"id":1734,"date":"2023-10-11T17:01:33","date_gmt":"2023-10-11T15:01:33","guid":{"rendered":"https:\/\/www.thermannpro.cz\/?page_id=1734"},"modified":"2024-01-08T15:24:38","modified_gmt":"2024-01-08T14:24:38","slug":"tepelne-cerpadlo-the-024f3","status":"publish","type":"page","link":"https:\/\/www.thermannpro.cz\/de\/tepelne-cerpadlo-the-024f3\/","title":{"rendered":"W\u00e4rmepumpe THE-024F3"},"content":{"rendered":"<div data-elementor-type=\"wp-page\" data-elementor-id=\"1734\" class=\"elementor elementor-1734\">\n\t\t\t\t\t\t\t\t\t<section class=\"elementor-section elementor-top-section elementor-element elementor-element-8e8fd47 elementor-section-boxed elementor-section-height-default elementor-section-height-default wpr-equal-height-no\" data-id=\"8e8fd47\" data-element_type=\"section\">\n\t\t\t\t\t\t<div class=\"elementor-container elementor-column-gap-default\">\n\t\t\t\t\t<div class=\"elementor-column elementor-col-100 elementor-top-column elementor-element elementor-element-3f9d801\" data-id=\"3f9d801\" data-element_type=\"column\" data-settings=\"{&quot;background_background&quot;:&quot;classic&quot;}\">\n\t\t\t<div class=\"elementor-widget-wrap elementor-element-populated\">\n\t\t\t\t\t<div class=\"elementor-background-overlay\"><\/div>\n\t\t\t\t\t\t\t\t<div class=\"elementor-element elementor-element-abb0823 elementor-invisible elementor-widget elementor-widget-heading\" data-id=\"abb0823\" data-element_type=\"widget\" data-settings=\"{&quot;_animation&quot;:&quot;fadeInDown&quot;,&quot;_animation_delay&quot;:&quot;100&quot;}\" data-widget_type=\"heading.default\">\n\t\t\t\t<div class=\"elementor-widget-container\">\n\t\t\t<h1 class=\"elementor-heading-title elementor-size-default\">W\u00e4rmepumpe THE-024F3<\/h1>\t\t<\/div>\n\t\t\t\t<\/div>\n\t\t\t\t\t<\/div>\n\t\t<\/div>\n\t\t\t\t\t\t\t<\/div>\n\t\t<\/section>\n\t\t\t\t<section class=\"elementor-section elementor-top-section elementor-element elementor-element-7af23cb elementor-section-boxed elementor-section-height-default elementor-section-height-default wpr-equal-height-no\" data-id=\"7af23cb\" data-element_type=\"section\">\n\t\t\t\t\t\t<div class=\"elementor-container elementor-column-gap-wide\">\n\t\t\t\t\t<div class=\"elementor-column elementor-col-50 elementor-top-column elementor-element elementor-element-9224c8d\" data-id=\"9224c8d\" data-element_type=\"column\">\n\t\t\t<div class=\"elementor-widget-wrap elementor-element-populated\">\n\t\t\t\t\t\t\t\t<div class=\"elementor-element elementor-element-4f79d94 animated-fast elementor-invisible elementor-widget elementor-widget-heading\" data-id=\"4f79d94\" data-element_type=\"widget\" data-settings=\"{&quot;_animation&quot;:&quot;fadeInLeft&quot;,&quot;_animation_delay&quot;:200}\" data-widget_type=\"heading.default\">\n\t\t\t\t<div class=\"elementor-widget-container\">\n\t\t\t<h2 class=\"elementor-heading-title elementor-size-default\">THERMANNPRO W\u00e4rmepumpen<\/h2>\t\t<\/div>\n\t\t\t\t<\/div>\n\t\t\t\t\t<\/div>\n\t\t<\/div>\n\t\t\t\t<div class=\"elementor-column elementor-col-50 elementor-top-column elementor-element elementor-element-5288b51\" data-id=\"5288b51\" data-element_type=\"column\">\n\t\t\t<div class=\"elementor-widget-wrap elementor-element-populated\">\n\t\t\t\t\t\t\t\t<div class=\"elementor-element elementor-element-22c4487 animated-fast elementor-invisible elementor-widget elementor-widget-heading\" data-id=\"22c4487\" data-element_type=\"widget\" data-settings=\"{&quot;_animation&quot;:&quot;fadeInRight&quot;,&quot;_animation_delay&quot;:&quot;200&quot;}\" data-widget_type=\"heading.default\">\n\t\t\t\t<div class=\"elementor-widget-container\">\n\t\t\t<h5 class=\"elementor-heading-title elementor-size-default\">W\u00e4rmepumpe THE-024F3 mit einer Leistung von 24,33 kW in 3-Phasen-Ausf\u00fchrung.<\/h5>\t\t<\/div>\n\t\t\t\t<\/div>\n\t\t\t\t\t<\/div>\n\t\t<\/div>\n\t\t\t\t\t\t\t<\/div>\n\t\t<\/section>\n\t\t\t\t<section class=\"elementor-section elementor-top-section elementor-element elementor-element-3447819 elementor-section-boxed elementor-section-height-default elementor-section-height-default wpr-equal-height-no\" data-id=\"3447819\" data-element_type=\"section\">\n\t\t\t\t\t\t<div class=\"elementor-container elementor-column-gap-default\">\n\t\t\t\t\t<div class=\"elementor-column elementor-col-100 elementor-top-column elementor-element elementor-element-339c922\" data-id=\"339c922\" data-element_type=\"column\" data-settings=\"{&quot;background_background&quot;:&quot;classic&quot;}\">\n\t\t\t<div class=\"elementor-widget-wrap elementor-element-populated\">\n\t\t\t\t\t\t\t\t<div class=\"elementor-element elementor-element-235d704 animated-fast elementor-invisible elementor-widget elementor-widget-heading\" data-id=\"235d704\" data-element_type=\"widget\" data-settings=\"{&quot;_animation&quot;:&quot;fadeInUp&quot;}\" data-widget_type=\"heading.default\">\n\t\t\t\t<div class=\"elementor-widget-container\">\n\t\t\t<h2 class=\"elementor-heading-title elementor-size-default\">Technische Informationen<\/h2>\t\t<\/div>\n\t\t\t\t<\/div>\n\t\t\t\t<div class=\"elementor-element elementor-element-589bea9 animated-fast elementor-invisible elementor-widget elementor-widget-heading\" data-id=\"589bea9\" data-element_type=\"widget\" data-settings=\"{&quot;_animation&quot;:&quot;fadeInUp&quot;}\" data-widget_type=\"heading.default\">\n\t\t\t\t<div class=\"elementor-widget-container\">\n\t\t\t<p class=\"elementor-heading-title elementor-size-default\">der W\u00e4rmepumpe THE-024F3<\/p>\t\t<\/div>\n\t\t\t\t<\/div>\n\t\t\t\t\t<\/div>\n\t\t<\/div>\n\t\t\t\t\t\t\t<\/div>\n\t\t<\/section>\n\t\t\t\t<section class=\"elementor-section elementor-top-section elementor-element elementor-element-74623c5 elementor-section-boxed elementor-section-height-default elementor-section-height-default wpr-equal-height-no\" data-id=\"74623c5\" data-element_type=\"section\" data-settings=\"{&quot;background_background&quot;:&quot;classic&quot;}\">\n\t\t\t\t\t\t<div class=\"elementor-container elementor-column-gap-default\">\n\t\t\t\t\t<div class=\"elementor-column elementor-col-100 elementor-top-column elementor-element elementor-element-80413cd\" data-id=\"80413cd\" data-element_type=\"column\">\n\t\t\t<div class=\"elementor-widget-wrap elementor-element-populated\">\n\t\t\t\t\t\t\t\t<div class=\"elementor-element elementor-element-2d90071 elementor-widget elementor-widget-image\" data-id=\"2d90071\" data-element_type=\"widget\" data-widget_type=\"image.default\">\n\t\t\t\t<div class=\"elementor-widget-container\">\n\t\t\t\t\t\t\t\t\t\t\t\t\t\t\t\t<a href=\"https:\/\/www.thermannpro.cz\/wp-content\/uploads\/2025\/03\/THE-024F3-DE.png\" data-elementor-open-lightbox=\"yes\" data-elementor-lightbox-title=\"tech-info_024F3_230925\" data-e-action-hash=\"#elementor-action%3Aaction%3Dlightbox%26settings%3DeyJpZCI6MTgzMiwidXJsIjoiaHR0cHM6XC9cL3d3dy50aGVybWFubnByby5jelwvd3AtY29udGVudFwvdXBsb2Fkc1wvMjAyM1wvMTBcL3RlY2gtaW5mb18wMjRGM18yMzA5MjUucG5nIn0%3D\">\n\t\t\t\t\t\t\t<img fetchpriority=\"high\" decoding=\"async\" width=\"605\" height=\"862\" src=\"https:\/\/www.thermannpro.cz\/wp-content\/uploads\/2025\/03\/THE-024F3-DE.png\" class=\"attachment-full size-full wp-image-1832\" alt=\"\" srcset=\"https:\/\/www.thermannpro.cz\/wp-content\/uploads\/2025\/03\/THE-024F3-DE.png 567w, https:\/\/www.thermannpro.cz\/wp-content\/uploads\/2025\/03\/THE-024F3-DE-207x300.png 207w, https:\/\/www.thermannpro.cz\/wp-content\/uploads\/2025\/03\/THE-024F3-DE-8x12.png 8w, https:\/\/www.thermannpro.cz\/wp-content\/uploads\/2025\/03\/THE-024F3-DE-69x100.png 69w, https:\/\/www.thermannpro.cz\/wp-content\/uploads\/2025\/03\/THE-024F3-DE-55x80.png 55w, https:\/\/www.thermannpro.cz\/wp-content\/uploads\/2025\/03\/THE-024F3-DE-209x303.png 209w, https:\/\/www.thermannpro.cz\/wp-content\/uploads\/2025\/03\/THE-024F3-DE-483x700.png 483w\" sizes=\"(max-width: 605px) 100vw, 605px\" \/>\t\t\t\t\t\t\t\t<\/a>\n\t\t\t\t\t\t\t\t\t\t\t\t\t\t\t<\/div>\n\t\t\t\t<\/div>\n\t\t\t\t\t<\/div>\n\t\t<\/div>\n\t\t\t\t\t\t\t<\/div>\n\t\t<\/section>\n\t\t\t\t<section class=\"elementor-section elementor-top-section elementor-element elementor-element-2d49b7c elementor-section-boxed elementor-section-height-default elementor-section-height-default wpr-equal-height-no\" data-id=\"2d49b7c\" data-element_type=\"section\">\n\t\t\t\t\t\t<div class=\"elementor-container elementor-column-gap-default\">\n\t\t\t\t\t<div class=\"elementor-column elementor-col-100 elementor-top-column elementor-element elementor-element-e23e787\" data-id=\"e23e787\" data-element_type=\"column\">\n\t\t\t<div class=\"elementor-widget-wrap elementor-element-populated\">\n\t\t\t\t\t\t\t\t<div class=\"elementor-element elementor-element-2754f7d animated-fast elementor-invisible elementor-widget elementor-widget-heading\" data-id=\"2754f7d\" data-element_type=\"widget\" data-settings=\"{&quot;_animation&quot;:&quot;fadeInUp&quot;}\" data-widget_type=\"heading.default\">\n\t\t\t\t<div class=\"elementor-widget-container\">\n\t\t\t<h2 class=\"elementor-heading-title elementor-size-default\">Vollst\u00e4ndiges technisches Datenblatt<\/h2>\t\t<\/div>\n\t\t\t\t<\/div>\n\t\t\t\t<div class=\"elementor-element elementor-element-1bec01c elementor-align-center elementor-mobile-align-center elementor-invisible elementor-widget elementor-widget-button\" data-id=\"1bec01c\" data-element_type=\"widget\" data-settings=\"{&quot;_animation&quot;:&quot;fadeIn&quot;}\" data-widget_type=\"button.default\">\n\t\t\t\t<div class=\"elementor-widget-container\">\n\t\t\t\t\t<div class=\"elementor-button-wrapper\">\n\t\t\t<a class=\"elementor-button elementor-button-link elementor-size-lg\" href=\"https:\/\/www.thermannpro.cz\/wp-content\/uploads\/2023\/12\/Technicky_list_024F3_231215.pdf\" target=\"_blank\">\n\t\t\t\t\t\t<span class=\"elementor-button-content-wrapper\">\n\t\t\t\t\t\t<span class=\"elementor-button-text\">Technisches Datenblatt herunterladen<\/span>\n\t\t<\/span>\n\t\t\t\t\t<\/a>\n\t\t<\/div>\n\t\t\t\t<\/div>\n\t\t\t\t<\/div>\n\t\t\t\t\t<\/div>\n\t\t<\/div>\n\t\t\t\t\t\t\t<\/div>\n\t\t<\/section>\n\t\t\t\t<section class=\"elementor-section elementor-top-section elementor-element elementor-element-7619acb elementor-section-boxed elementor-section-height-default elementor-section-height-default wpr-equal-height-no\" data-id=\"7619acb\" data-element_type=\"section\" data-settings=\"{&quot;background_background&quot;:&quot;classic&quot;}\">\n\t\t\t\t\t\t<div class=\"elementor-container elementor-column-gap-default\">\n\t\t\t\t\t<div class=\"elementor-column elementor-col-50 elementor-top-column elementor-element elementor-element-7355a23\" data-id=\"7355a23\" data-element_type=\"column\" data-settings=\"{&quot;background_background&quot;:&quot;classic&quot;}\">\n\t\t\t<div class=\"elementor-widget-wrap elementor-element-populated\">\n\t\t\t\t\t\t\t\t<div class=\"elementor-element elementor-element-c6f1e58 animated-fast elementor-invisible elementor-widget elementor-widget-heading\" data-id=\"c6f1e58\" data-element_type=\"widget\" data-settings=\"{&quot;_animation&quot;:&quot;fadeInLeft&quot;,&quot;_animation_delay&quot;:200}\" data-widget_type=\"heading.default\">\n\t\t\t\t<div class=\"elementor-widget-container\">\n\t\t\t<h2 class=\"elementor-heading-title elementor-size-default\">Energielabel f\u00fcr W\u00e4rmepumpen THE-024F3<\/h2>\t\t<\/div>\n\t\t\t\t<\/div>\n\t\t\t\t\t<\/div>\n\t\t<\/div>\n\t\t\t\t<div class=\"elementor-column elementor-col-50 elementor-top-column elementor-element elementor-element-dd3d96d\" data-id=\"dd3d96d\" data-element_type=\"column\" data-settings=\"{&quot;background_background&quot;:&quot;classic&quot;}\">\n\t\t\t<div class=\"elementor-widget-wrap elementor-element-populated\">\n\t\t\t\t\t\t\t\t<div class=\"elementor-element elementor-element-cb5f0fa elementor-widget elementor-widget-image\" data-id=\"cb5f0fa\" data-element_type=\"widget\" data-widget_type=\"image.default\">\n\t\t\t\t<div class=\"elementor-widget-container\">\n\t\t\t\t\t\t\t\t\t\t\t\t\t\t\t\t<a href=\"https:\/\/www.thermannpro.cz\/wp-content\/uploads\/2023\/10\/energeticky-stitek_THE-024TF3_231026.jpg\" data-elementor-open-lightbox=\"yes\" data-elementor-lightbox-title=\"energeticky-stitek_THE-024TF3_231026\" data-e-action-hash=\"#elementor-action%3Aaction%3Dlightbox%26settings%3DeyJpZCI6MTg2MywidXJsIjoiaHR0cHM6XC9cL3d3dy50aGVybWFubnByby5jelwvd3AtY29udGVudFwvdXBsb2Fkc1wvMjAyM1wvMTBcL2VuZXJnZXRpY2t5LXN0aXRla19USEUtMDI0VEYzXzIzMTAyNi5qcGcifQ%3D%3D\">\n\t\t\t\t\t\t\t<img decoding=\"async\" width=\"525\" height=\"1000\" data-src=\"https:\/\/www.thermannpro.cz\/wp-content\/uploads\/2023\/10\/energeticky-stitek_THE-024TF3_231026.jpg\" class=\"attachment-full size-full wp-image-1863 lazyload\" alt=\"\" data-srcset=\"https:\/\/www.thermannpro.cz\/wp-content\/uploads\/2023\/10\/energeticky-stitek_THE-024TF3_231026.jpg 525w, https:\/\/www.thermannpro.cz\/wp-content\/uploads\/2023\/10\/energeticky-stitek_THE-024TF3_231026-158x300.jpg 158w, https:\/\/www.thermannpro.cz\/wp-content\/uploads\/2023\/10\/energeticky-stitek_THE-024TF3_231026-53x100.jpg 53w, https:\/\/www.thermannpro.cz\/wp-content\/uploads\/2023\/10\/energeticky-stitek_THE-024TF3_231026-42x80.jpg 42w, https:\/\/www.thermannpro.cz\/wp-content\/uploads\/2023\/10\/energeticky-stitek_THE-024TF3_231026-159x303.jpg 159w, https:\/\/www.thermannpro.cz\/wp-content\/uploads\/2023\/10\/energeticky-stitek_THE-024TF3_231026-368x700.jpg 368w, https:\/\/www.thermannpro.cz\/wp-content\/uploads\/2023\/10\/energeticky-stitek_THE-024TF3_231026-499x950.jpg 499w\" data-sizes=\"(max-width: 525px) 100vw, 525px\" src=\"data:image\/svg+xml;base64,PHN2ZyB3aWR0aD0iMSIgaGVpZ2h0PSIxIiB4bWxucz0iaHR0cDovL3d3dy53My5vcmcvMjAwMC9zdmciPjwvc3ZnPg==\" style=\"--smush-placeholder-width: 525px; --smush-placeholder-aspect-ratio: 525\/1000;\" \/>\t\t\t\t\t\t\t\t<\/a>\n\t\t\t\t\t\t\t\t\t\t\t\t\t\t\t<\/div>\n\t\t\t\t<\/div>\n\t\t\t\t\t<\/div>\n\t\t<\/div>\n\t\t\t\t\t\t\t<\/div>\n\t\t<\/section>\n\t\t\t\t<section class=\"elementor-section elementor-top-section elementor-element elementor-element-c7c19e4 elementor-section-boxed elementor-section-height-default elementor-section-height-default wpr-equal-height-no\" data-id=\"c7c19e4\" data-element_type=\"section\">\n\t\t\t\t\t\t<div class=\"elementor-container elementor-column-gap-default\">\n\t\t\t\t\t<div class=\"elementor-column elementor-col-100 elementor-top-column elementor-element elementor-element-e59223f\" data-id=\"e59223f\" data-element_type=\"column\">\n\t\t\t<div class=\"elementor-widget-wrap elementor-element-populated\">\n\t\t\t\t\t\t\t\t<div class=\"elementor-element elementor-element-0488b4c elementor-widget elementor-widget-themo-image-gallery\" data-id=\"0488b4c\" data-element_type=\"widget\" data-widget_type=\"themo-image-gallery.default\">\n\t\t\t\t<div class=\"elementor-widget-container\">\n\t\t\t\t\t<div class=\"elementor-image-gallery\">\n\t\t\t<div class=\"gallery gallery-1734-1\"><div class=\"row gallery-row\"><div class=\"col-sm-6 col-lg-6\"><a data-toggle=\"lightbox\" data-gallery=\"multiimages\" data-title=\"\"  class=\"thumbnail img-thumbnail\" href='https:\/\/www.thermannpro.cz\/wp-content\/uploads\/2024\/01\/the-018-f1_01_231220.jpg'><img decoding=\"async\" width=\"768\" height=\"432\" data-src=\"https:\/\/www.thermannpro.cz\/wp-content\/uploads\/2024\/01\/the-018-f1_01_231220-768x432.jpg\" class=\"attachment-medium_large size-medium_large lazyload\" alt=\"\" data-srcset=\"https:\/\/www.thermannpro.cz\/wp-content\/uploads\/2024\/01\/the-018-f1_01_231220-768x432.jpg 768w, https:\/\/www.thermannpro.cz\/wp-content\/uploads\/2024\/01\/the-018-f1_01_231220-300x169.jpg 300w, https:\/\/www.thermannpro.cz\/wp-content\/uploads\/2024\/01\/the-018-f1_01_231220-1024x576.jpg 1024w, https:\/\/www.thermannpro.cz\/wp-content\/uploads\/2024\/01\/the-018-f1_01_231220-178x100.jpg 178w, https:\/\/www.thermannpro.cz\/wp-content\/uploads\/2024\/01\/the-018-f1_01_231220-142x80.jpg 142w, https:\/\/www.thermannpro.cz\/wp-content\/uploads\/2024\/01\/the-018-f1_01_231220-394x222.jpg 394w, https:\/\/www.thermannpro.cz\/wp-content\/uploads\/2024\/01\/the-018-f1_01_231220-915x515.jpg 915w, https:\/\/www.thermannpro.cz\/wp-content\/uploads\/2024\/01\/the-018-f1_01_231220.jpg 1200w\" data-sizes=\"(max-width: 768px) 100vw, 768px\" src=\"data:image\/svg+xml;base64,PHN2ZyB3aWR0aD0iMSIgaGVpZ2h0PSIxIiB4bWxucz0iaHR0cDovL3d3dy53My5vcmcvMjAwMC9zdmciPjwvc3ZnPg==\" style=\"--smush-placeholder-width: 768px; --smush-placeholder-aspect-ratio: 768\/432;\" \/><\/a><div class=\"gallery-text\"><div class=\"image-title\">the-018-f1_01_231220<\/div><\/div><\/div><div class=\"col-sm-6 col-lg-6\"><a data-toggle=\"lightbox\" data-gallery=\"multiimages\" data-title=\"\"  class=\"thumbnail img-thumbnail\" href='https:\/\/www.thermannpro.cz\/wp-content\/uploads\/2024\/01\/the-018-f1_02_231220.jpg'><img decoding=\"async\" width=\"768\" height=\"432\" data-src=\"https:\/\/www.thermannpro.cz\/wp-content\/uploads\/2024\/01\/the-018-f1_02_231220-768x432.jpg\" class=\"attachment-medium_large size-medium_large lazyload\" alt=\"\" data-srcset=\"https:\/\/www.thermannpro.cz\/wp-content\/uploads\/2024\/01\/the-018-f1_02_231220-768x432.jpg 768w, https:\/\/www.thermannpro.cz\/wp-content\/uploads\/2024\/01\/the-018-f1_02_231220-300x169.jpg 300w, https:\/\/www.thermannpro.cz\/wp-content\/uploads\/2024\/01\/the-018-f1_02_231220-1024x576.jpg 1024w, https:\/\/www.thermannpro.cz\/wp-content\/uploads\/2024\/01\/the-018-f1_02_231220-178x100.jpg 178w, https:\/\/www.thermannpro.cz\/wp-content\/uploads\/2024\/01\/the-018-f1_02_231220-142x80.jpg 142w, https:\/\/www.thermannpro.cz\/wp-content\/uploads\/2024\/01\/the-018-f1_02_231220-394x222.jpg 394w, https:\/\/www.thermannpro.cz\/wp-content\/uploads\/2024\/01\/the-018-f1_02_231220-915x515.jpg 915w, https:\/\/www.thermannpro.cz\/wp-content\/uploads\/2024\/01\/the-018-f1_02_231220.jpg 1200w\" data-sizes=\"(max-width: 768px) 100vw, 768px\" src=\"data:image\/svg+xml;base64,PHN2ZyB3aWR0aD0iMSIgaGVpZ2h0PSIxIiB4bWxucz0iaHR0cDovL3d3dy53My5vcmcvMjAwMC9zdmciPjwvc3ZnPg==\" style=\"--smush-placeholder-width: 768px; --smush-placeholder-aspect-ratio: 768\/432;\" \/><\/a><div class=\"gallery-text\"><div class=\"image-title\">the-018-f1_02_231220<\/div><\/div><\/div><\/div><div class=\"row gallery-row\"><div class=\"col-sm-6 col-lg-6\"><a data-toggle=\"lightbox\" data-gallery=\"multiimages\" data-title=\"\"  class=\"thumbnail img-thumbnail\" href='https:\/\/www.thermannpro.cz\/wp-content\/uploads\/2024\/01\/the-018-f1_03_231220.jpg'><img decoding=\"async\" width=\"768\" height=\"432\" data-src=\"https:\/\/www.thermannpro.cz\/wp-content\/uploads\/2024\/01\/the-018-f1_03_231220-768x432.jpg\" class=\"attachment-medium_large size-medium_large lazyload\" alt=\"\" data-srcset=\"https:\/\/www.thermannpro.cz\/wp-content\/uploads\/2024\/01\/the-018-f1_03_231220-768x432.jpg 768w, https:\/\/www.thermannpro.cz\/wp-content\/uploads\/2024\/01\/the-018-f1_03_231220-300x169.jpg 300w, https:\/\/www.thermannpro.cz\/wp-content\/uploads\/2024\/01\/the-018-f1_03_231220-1024x576.jpg 1024w, https:\/\/www.thermannpro.cz\/wp-content\/uploads\/2024\/01\/the-018-f1_03_231220-178x100.jpg 178w, https:\/\/www.thermannpro.cz\/wp-content\/uploads\/2024\/01\/the-018-f1_03_231220-142x80.jpg 142w, https:\/\/www.thermannpro.cz\/wp-content\/uploads\/2024\/01\/the-018-f1_03_231220-394x222.jpg 394w, https:\/\/www.thermannpro.cz\/wp-content\/uploads\/2024\/01\/the-018-f1_03_231220-915x515.jpg 915w, https:\/\/www.thermannpro.cz\/wp-content\/uploads\/2024\/01\/the-018-f1_03_231220.jpg 1200w\" data-sizes=\"(max-width: 768px) 100vw, 768px\" src=\"data:image\/svg+xml;base64,PHN2ZyB3aWR0aD0iMSIgaGVpZ2h0PSIxIiB4bWxucz0iaHR0cDovL3d3dy53My5vcmcvMjAwMC9zdmciPjwvc3ZnPg==\" style=\"--smush-placeholder-width: 768px; --smush-placeholder-aspect-ratio: 768\/432;\" \/><\/a><div class=\"gallery-text\"><div class=\"image-title\">the-018-f1_03_231220<\/div><\/div><\/div><\/div><\/div>\t\t<\/div>\n\t\t\t\t<\/div>\n\t\t\t\t<\/div>\n\t\t\t\t\t<\/div>\n\t\t<\/div>\n\t\t\t\t\t\t\t<\/div>\n\t\t<\/section>\n\t\t\t\t\t\t\t<\/div>","protected":false},"excerpt":{"rendered":"<p>Tepeln\u00e9 \u010derpadlo THE-024F3 Tepeln\u00e1 \u010derpadla THERMANNPRO Tepeln\u00e9 \u010derpadlo THE-024F3 s v\u00fdkonem 24,33kW v 3-f\u00e1zov\u00e9m proveden\u00ed. Technick\u00e9 informace\u200b tepeln\u00e9ho \u010derpadla THE-024F3 Kompletn\u00ed technick\u00fd list St\u00e1hnout technick\u00fd list Energetick\u00fd \u0161t\u00edtek tepeln\u00e9ho \u010derpadla THE-024F3 the-018-f1_01_231220the-018-f1_02_231220the-018-f1_03_231220<\/p>","protected":false},"author":3,"featured_media":0,"parent":0,"menu_order":0,"comment_status":"closed","ping_status":"closed","template":"","meta":{"footnotes":""},"class_list":["post-1734","page","type-page","status-publish","hentry"],"_links":{"self":[{"href":"https:\/\/www.thermannpro.cz\/de\/wp-json\/wp\/v2\/pages\/1734","targetHints":{"allow":["GET"]}}],"collection":[{"href":"https:\/\/www.thermannpro.cz\/de\/wp-json\/wp\/v2\/pages"}],"about":[{"href":"https:\/\/www.thermannpro.cz\/de\/wp-json\/wp\/v2\/types\/page"}],"author":[{"embeddable":true,"href":"https:\/\/www.thermannpro.cz\/de\/wp-json\/wp\/v2\/users\/3"}],"replies":[{"embeddable":true,"href":"https:\/\/www.thermannpro.cz\/de\/wp-json\/wp\/v2\/comments?post=1734"}],"version-history":[{"count":19,"href":"https:\/\/www.thermannpro.cz\/de\/wp-json\/wp\/v2\/pages\/1734\/revisions"}],"predecessor-version":[{"id":2190,"href":"https:\/\/www.thermannpro.cz\/de\/wp-json\/wp\/v2\/pages\/1734\/revisions\/2190"}],"wp:attachment":[{"href":"https:\/\/www.thermannpro.cz\/de\/wp-json\/wp\/v2\/media?parent=1734"}],"curies":[{"name":"wp","href":"https:\/\/api.w.org\/{rel}","templated":true}]}}