{"id":2160,"date":"2023-12-19T17:34:40","date_gmt":"2023-12-19T16:34:40","guid":{"rendered":"https:\/\/www.thermannpro.cz\/?page_id=2160"},"modified":"2025-05-26T16:47:25","modified_gmt":"2025-05-26T14:47:25","slug":"registrace-skoleni-tc-thermannpro","status":"publish","type":"page","link":"https:\/\/www.thermannpro.cz\/de\/registrace-skoleni-tc-thermannpro\/","title":{"rendered":"Anmeldung zur T\u010c Thermannpro-Schulung"},"content":{"rendered":"\t\t<div data-elementor-type=\"wp-page\" data-elementor-id=\"2160\" class=\"elementor elementor-2160\">\n\t\t\t\t\t\t\t\t\t<section class=\"elementor-section elementor-top-section elementor-element elementor-element-5464f510 elementor-section-boxed elementor-section-height-default elementor-section-height-default wpr-equal-height-no\" data-id=\"5464f510\" data-element_type=\"section\">\n\t\t\t\t\t\t<div class=\"elementor-container elementor-column-gap-default\">\n\t\t\t\t\t<div class=\"elementor-column elementor-col-100 elementor-top-column elementor-element elementor-element-6511b615\" data-id=\"6511b615\" data-element_type=\"column\" data-settings=\"{&quot;background_background&quot;:&quot;classic&quot;}\">\n\t\t\t<div class=\"elementor-widget-wrap elementor-element-populated\">\n\t\t\t\t\t<div class=\"elementor-background-overlay\"><\/div>\n\t\t\t\t\t\t\t\t<div class=\"elementor-element elementor-element-c83fbde elementor-invisible elementor-widget elementor-widget-heading\" data-id=\"c83fbde\" data-element_type=\"widget\" data-settings=\"{&quot;_animation&quot;:&quot;fadeInDown&quot;,&quot;_animation_delay&quot;:&quot;100&quot;}\" data-widget_type=\"heading.default\">\n\t\t\t\t<div class=\"elementor-widget-container\">\n\t\t\t<h1 class=\"elementor-heading-title elementor-size-default\">\u0160kolen\u00ed<\/h1>\t\t<\/div>\n\t\t\t\t<\/div>\n\t\t\t\t\t<\/div>\n\t\t<\/div>\n\t\t\t\t\t\t\t<\/div>\n\t\t<\/section>\n\t\t\t\t<section class=\"elementor-section elementor-top-section elementor-element elementor-element-37aa216 elementor-section-boxed elementor-section-height-default elementor-section-height-default wpr-equal-height-no\" data-id=\"37aa216\" data-element_type=\"section\">\n\t\t\t\t\t\t<div class=\"elementor-container elementor-column-gap-default\">\n\t\t\t\t\t<div class=\"elementor-column elementor-col-100 elementor-top-column elementor-element elementor-element-2be68d4\" data-id=\"2be68d4\" data-element_type=\"column\">\n\t\t\t<div class=\"elementor-widget-wrap elementor-element-populated\">\n\t\t\t\t\t\t\t\t<div class=\"elementor-element elementor-element-d26a8d9 elementor-invisible elementor-widget elementor-widget-heading\" data-id=\"d26a8d9\" data-element_type=\"widget\" data-settings=\"{&quot;_animation&quot;:&quot;fadeIn&quot;}\" data-widget_type=\"heading.default\">\n\t\t\t\t<div class=\"elementor-widget-container\">\n\t\t\t<h2 class=\"elementor-heading-title elementor-size-default\">\u0160kolen\u00ed pro mont\u00e1\u017en\u00ed a servisn\u00ed partnery<\/h2>\t\t<\/div>\n\t\t\t\t<\/div>\n\t\t\t\t<div class=\"elementor-element elementor-element-152e7bd elementor-widget elementor-widget-text-editor\" data-id=\"152e7bd\" data-element_type=\"widget\" data-widget_type=\"text-editor.default\">\n\t\t\t\t<div class=\"elementor-widget-container\">\n\t\t\t\t\t\t\t<p>Nab\u00edz\u00edme bezplatn\u00e9 z\u00e1kladn\u00ed \u0161kolen\u00ed zam\u011b\u0159en\u00e9 na sezn\u00e1men\u00ed se sortimentem, n\u00e1vrhem a z\u00e1sadami spr\u00e1vn\u00e9 instalace tepeln\u00fdch \u010derpadel zna\u010dky THERMANNPRO.<\/p><p><strong>Po absolvov\u00e1n\u00ed \u0161kolen\u00ed a prostudov\u00e1n\u00ed p\u0159\u00edslu\u0161n\u00fdch p\u0159\u00edru\u010dek tepeln\u00fdch \u010derpadel budete schopni spr\u00e1vn\u011b navrhnout, nainstalovat a servisovat tepeln\u00e9 \u010derpadlo zna\u010dky THERMANNPRO.<\/strong><\/p>\t\t\t\t\t\t<\/div>\n\t\t\t\t<\/div>\n\t\t\t\t<div class=\"elementor-element elementor-element-fc627ed elementor-widget elementor-widget-google_maps\" data-id=\"fc627ed\" data-element_type=\"widget\" data-widget_type=\"google_maps.default\">\n\t\t\t\t<div class=\"elementor-widget-container\">\n\t\t\t\t\t<div class=\"elementor-custom-embed\">\n\t\t\t<iframe\n\t\t\t\t\tdata-src=\"https:\/\/maps.google.com\/maps?q=%C4%8Cernolesk%C3%A1%202326%20Bene%C5%A1ov%20256%2001&#038;t=m&#038;z=14&#038;output=embed&#038;iwloc=near\"\n\t\t\t\t\ttitle=\"\u010cernolesk\u00e1 2326 Bene\u0161ov 256 01\"\n\t\t\t\t\taria-label=\"\u010cernolesk\u00e1 2326 Bene\u0161ov 256 01\"\n\t\t\t src=\"data:image\/svg+xml;base64,PHN2ZyB3aWR0aD0iMSIgaGVpZ2h0PSIxIiB4bWxucz0iaHR0cDovL3d3dy53My5vcmcvMjAwMC9zdmciPjwvc3ZnPg==\" class=\"lazyload\" data-load-mode=\"1\"><\/iframe>\n\t\t<\/div>\n\t\t\t\t<\/div>\n\t\t\t\t<\/div>\n\t\t\t\t<div class=\"elementor-element elementor-element-8171df5 elementor-widget elementor-widget-text-editor\" data-id=\"8171df5\" data-element_type=\"widget\" data-widget_type=\"text-editor.default\">\n\t\t\t\t<div class=\"elementor-widget-container\">\n\t\t\t\t\t\t\t<p>V r\u00e1mci \u0161kolen\u00ed obdr\u017e\u00edte souhrn prezentace v tiskov\u00e9 podob\u011b, pozn\u00e1mkov\u00fd blok, psac\u00ed pot\u0159eby a n\u00e1sledn\u011b Certifik\u00e1t o absolvov\u00e1n\u00ed \u0161kolen\u00ed.<\/p><p>Ob\u010derstven\u00ed zaji\u0161t\u011bno.<\/p><p><strong>Program \u0161kolen\u00ed:<\/strong><\/p><p>Vysv\u011btlen\u00ed funkce tepeln\u00e9ho \u010derpadla, z\u00e1sady dimenzov\u00e1n\u00ed, hydraulick\u00e9ho p\u0159ipojen\u00ed a mont\u00e1\u017ee tepeln\u00e9ho \u010derpadla, elektrick\u00e9 zapojen\u00ed, uveden\u00ed do provozu a spr\u00e1vn\u00e9 nastaven\u00ed parametr\u016f.<\/p><p><strong>Jak se p\u0159ihl\u00e1sit<\/strong><\/p><p>Po odesl\u00e1n\u00ed registra\u010dn\u00edho formul\u00e1\u0159e na t\u00e9to str\u00e1nce obdr\u017e\u00edte potvrzen\u00ed a dal\u0161\u00ed instrukce na uvedenou e-mailovou adresu. Po\u010det m\u00edst na jednom \u0161kolen\u00ed je omezen na max. 12 \u00fa\u010dastn\u00edk\u016f.<\/p>\t\t\t\t\t\t<\/div>\n\t\t\t\t<\/div>\n\t\t\t\t\t<\/div>\n\t\t<\/div>\n\t\t\t\t\t\t\t<\/div>\n\t\t<\/section>\n\t\t\t\t<section class=\"elementor-section elementor-top-section elementor-element elementor-element-4bc7ac2 elementor-section-boxed elementor-section-height-default elementor-section-height-default wpr-equal-height-no\" data-id=\"4bc7ac2\" data-element_type=\"section\">\n\t\t\t\t\t\t<div class=\"elementor-container elementor-column-gap-default\">\n\t\t\t\t\t<div class=\"elementor-column elementor-col-100 elementor-top-column elementor-element elementor-element-c04f2bc\" data-id=\"c04f2bc\" data-element_type=\"column\">\n\t\t\t<div class=\"elementor-widget-wrap elementor-element-populated\">\n\t\t\t\t\t\t\t\t<div class=\"elementor-element elementor-element-9bffac8 elementor-invisible elementor-widget elementor-widget-heading\" data-id=\"9bffac8\" data-element_type=\"widget\" data-settings=\"{&quot;_animation&quot;:&quot;fadeIn&quot;}\" data-widget_type=\"heading.default\">\n\t\t\t\t<div class=\"elementor-widget-container\">\n\t\t\t<h2 class=\"elementor-heading-title elementor-size-default\">Z\u00e1jem o \u0161kolen\u00ed T\u010c Thermannpro<\/h2>\t\t<\/div>\n\t\t\t\t<\/div>\n\t\t\t\t<div class=\"elementor-element elementor-element-654aa92 elementor-widget elementor-widget-formidable\" data-id=\"654aa92\" data-element_type=\"widget\" data-widget_type=\"formidable.default\">\n\t\t\t\t<div class=\"elementor-widget-container\">\n\t\t\t<div class=\"frm_forms  with_frm_style frm_style_formidable-style\" id=\"frm_form_15_container\" data-token=\"ef472c7fc77a7b85c83ffd01e049d3b8\">\n<form enctype=\"multipart\/form-data\" method=\"post\" class=\"frm-show-form \" id=\"form_registrace-skoleni\" data-token=\"ef472c7fc77a7b85c83ffd01e049d3b8\">\n<div class=\"frm_form_fields \">\n<fieldset>\n<legend class=\"frm_screen_reader\">Registrace \u0161kolen\u00ed<\/legend>\r\n\r\n<div class=\"frm_fields_container\">\n<input type=\"hidden\" name=\"frm_action\" value=\"create\" \/>\n<input type=\"hidden\" name=\"form_id\" value=\"15\" \/>\n<input type=\"hidden\" name=\"frm_hide_fields_15\" id=\"frm_hide_fields_15\" value=\"\" \/>\n<input type=\"hidden\" name=\"form_key\" value=\"registrace-skoleni\" \/>\n<input type=\"hidden\" name=\"item_meta[0]\" value=\"\" \/>\n<input type=\"hidden\" id=\"frm_submit_entry_15\" name=\"frm_submit_entry_15\" value=\"4e5a0c9b5c\" \/><input type=\"hidden\" name=\"_wp_http_referer\" value=\"\/de\/wp-json\/wp\/v2\/pages\/2160\" \/><div id=\"frm_field_78_container\" class=\"frm_form_field form-field  frm_required_field frm_top_container\">\r\n    <label for=\"field_n76sy52\" id=\"field_n76sy52_label\" class=\"frm_primary_label\">Jm\u00e9no a p\u0159\u00edjmen\u00ed #1\r\n        <span class=\"frm_required\" aria-hidden=\"true\">*<\/span>\r\n    <\/label>\r\n    <input type=\"text\" id=\"field_n76sy52\" name=\"item_meta[78]\" value=\"\"  data-reqmsg=\"Pros\u00edm vypl\u0148te jm\u00e9no\" aria-required=\"true\" data-invmsg=\"Text is invalid\" aria-invalid=\"false\"  \/>\r\n    \r\n    \r\n<\/div>\n<div id=\"frm_field_83_container\" class=\"frm_form_field form-field  frm_top_container\">\r\n    <label for=\"field_zmoh3\" id=\"field_zmoh3_label\" class=\"frm_primary_label\">Jm\u00e9no a p\u0159\u00edjmen\u00ed #2\r\n        <span class=\"frm_required\" aria-hidden=\"true\"><\/span>\r\n    <\/label>\r\n    <input type=\"text\" id=\"field_zmoh3\" name=\"item_meta[83]\" value=\"\"  data-invmsg=\"Text is invalid\" aria-invalid=\"false\"  \/>\r\n    \r\n    \r\n<\/div>\n<div id=\"frm_field_84_container\" class=\"frm_form_field form-field  frm_top_container\">\r\n    <label for=\"field_rfwpq\" id=\"field_rfwpq_label\" class=\"frm_primary_label\">Jm\u00e9no a p\u0159\u00edjmen\u00ed #3\r\n        <span class=\"frm_required\" aria-hidden=\"true\"><\/span>\r\n    <\/label>\r\n    <input type=\"text\" id=\"field_rfwpq\" name=\"item_meta[84]\" value=\"\"  data-invmsg=\"Text is invalid\" aria-invalid=\"false\"  \/>\r\n    \r\n    \r\n<\/div>\n<div id=\"frm_field_79_container\" class=\"frm_form_field form-field  frm_required_field frm_top_container\">\r\n    <label for=\"field_bdldg3\" id=\"field_bdldg3_label\" class=\"frm_primary_label\">N\u00e1zev firmy\r\n        <span class=\"frm_required\" aria-hidden=\"true\">*<\/span>\r\n    <\/label>\r\n    <input type=\"text\" id=\"field_bdldg3\" name=\"item_meta[79]\" value=\"\"  data-reqmsg=\"Pros\u00edm vypl\u0148te jm\u00e9no\" aria-required=\"true\" data-invmsg=\"Text is invalid\" aria-invalid=\"false\"  \/>\r\n    \r\n    \r\n<\/div>\n<div id=\"frm_field_80_container\" class=\"frm_form_field form-field  frm_required_field frm_top_container\">\r\n    <label for=\"field_nzldy2\" id=\"field_nzldy2_label\" class=\"frm_primary_label\">I\u010c\r\n        <span class=\"frm_required\" aria-hidden=\"true\">*<\/span>\r\n    <\/label>\r\n    <input type=\"number\" id=\"field_nzldy2\" name=\"item_meta[80]\" value=\"\"  data-reqmsg=\"Pole mus\u00ed b\u00fdt vypln\u011bn\u00e9.\" aria-required=\"true\" data-invmsg=\"Number is invalid\" aria-invalid=\"false\"   min=\"0\" max=\"99999999\" step=\"any\"\/>\r\n    \r\n    \r\n<\/div>\n<div id=\"frm_field_85_container\" class=\"frm_form_field form-field  frm_required_field frm_top_container vertical_radio\">\r\n    <div  id=\"field_h5vrs_label\" class=\"frm_primary_label\">Partner\r\n        <span class=\"frm_required\" aria-hidden=\"true\">*<\/span>\r\n    <\/div>\r\n    <div class=\"frm_opt_container\" aria-labelledby=\"field_h5vrs_label\" role=\"radiogroup\" aria-required=\"true\">\t\t<div class=\"frm_radio\" id=\"frm_radio_85-0\">\t\t\t<label  for=\"field_h5vrs-0\">\n\t\t\t\t\t<input type=\"radio\" name=\"item_meta[85]\" id=\"field_h5vrs-0\" value=\"Mont\u00e1\u017en\u00ed partner\"\n\t\t data-reqmsg=\"Pole mus\u00ed b\u00fdt vypln\u011bn\u00e9.\" data-invmsg=\"Partner ist ung\u00fcltig\"   \/> Mont\u00e1\u017en\u00ed partner<\/label><\/div>\n\t\t<div class=\"frm_radio\" id=\"frm_radio_85-1\">\t\t\t<label  for=\"field_h5vrs-1\">\n\t\t\t\t\t<input type=\"radio\" name=\"item_meta[85]\" id=\"field_h5vrs-1\" value=\"Servisn\u00ed partner\"\n\t\t data-reqmsg=\"Pole mus\u00ed b\u00fdt vypln\u011bn\u00e9.\" data-invmsg=\"Partner ist ung\u00fcltig\"   \/> Servisn\u00ed partner<\/label><\/div>\n\t\t<div class=\"frm_radio\" id=\"frm_radio_85-2\">\t\t\t<label  for=\"field_h5vrs-2\">\n\t\t\t\t\t<input type=\"radio\" name=\"item_meta[85]\" id=\"field_h5vrs-2\" value=\"Mont\u00e1\u017en\u00ed i servisn\u00ed partner\"\n\t\t data-reqmsg=\"Pole mus\u00ed b\u00fdt vypln\u011bn\u00e9.\" data-invmsg=\"Partner ist ung\u00fcltig\"   \/> Mont\u00e1\u017en\u00ed i servisn\u00ed partner<\/label><\/div>\n<\/div>\r\n    \r\n    \r\n<\/div>\n<div id=\"frm_field_81_container\" class=\"frm_form_field form-field  frm_required_field frm_top_container\">\r\n    <label for=\"field_bv8pt52\" id=\"field_bv8pt52_label\" class=\"frm_primary_label\">Email\r\n        <span class=\"frm_required\" aria-hidden=\"true\">*<\/span>\r\n    <\/label>\r\n    <input type=\"email\" id=\"field_bv8pt52\" name=\"item_meta[81]\" value=\"\"  data-reqmsg=\"Pros\u00edm vypl\u0148te email\" aria-required=\"true\" data-invmsg=\"Email je ve \u0161patn\u00e9m form\u00e1tu\" aria-invalid=\"false\"  \/>\r\n    \r\n    \r\n<\/div>\n<div id=\"frm_field_82_container\" class=\"frm_form_field form-field  frm_required_field frm_top_container\">\r\n    <label for=\"field_3n64u52\" id=\"field_3n64u52_label\" class=\"frm_primary_label\">Mobil\r\n        <span class=\"frm_required\" aria-hidden=\"true\">*<\/span>\r\n    <\/label>\r\n    <input type=\"tel\" id=\"field_3n64u52\" name=\"item_meta[82]\" value=\"\"  data-reqmsg=\"Pros\u00edm vypl\u0148te mobil\" aria-required=\"true\" data-invmsg=\"Mobil je ve \u0161patn\u00e9m form\u00e1tu\" aria-invalid=\"false\" pattern=\"((\\+\\d{1,3}(-|.| )?\\(?\\d\\)?(-| |.)?\\d{1,5})|(\\(?\\d{2,6}\\)?))(-|.| )?(\\d{3,4})(-|.| )?(\\d{4})(( x| ext)\\d{1,5}){0,1}$\"   aria-describedby=\"frm_desc_field_3n64u52\"\/>\r\n    <div class=\"frm_description\" id=\"frm_desc_field_3n64u52\">Odesl\u00e1n\u00edm formul\u00e1\u0159e souhlas\u00edte se zpracov\u00e1n\u00edm osobn\u00edch \u00fadaj\u016f.<\/div>\r\n    \r\n<\/div>\n<div id=\"frm_field_86_container\" class=\"frm_form_field form-field  frm_top_container\">\r\n    <label for=\"field_1ts49\" id=\"field_1ts49_label\" class=\"frm_primary_label\">Zaj\u00edm\u00e1 V\u00e1s konkr\u00e9tn\u00ed t\u00e9ma? Napi\u0161te n\u00e1m ho.\r\n        <span class=\"frm_required\" aria-hidden=\"true\"><\/span>\r\n    <\/label>\r\n    <textarea name=\"item_meta[86]\" id=\"field_1ts49\" rows=\"5\"  data-invmsg=\"Zaj\u00edm\u00e1 V\u00e1s konkr\u00e9tn\u00ed t\u00e9ma? Napi\u0161te n\u00e1m ho. ist ung\u00fcltig\" aria-invalid=\"false\"  ><\/textarea>\r\n    \r\n    \r\n<\/div>\n<div id=\"frm_field_111_container\" class=\"frm_form_field form-field \">\r\n\t<div class=\"frm_submit\">\r\n\r\n<button class=\"frm_button_submit\" type=\"submit\"  >Potvrdit<\/button>\r\n\r\n\r\n<\/div>\r\n<\/div>\n\t<input type=\"hidden\" name=\"item_key\" value=\"\" \/>\n\t\t\t<div id=\"frm_field_115_container\">\n\t\t\t<label for=\"field_fh0hd\" >\n\t\t\t\tFalls Du menschlich bist, lasse dieses Feld leer.\t\t\t<\/label>\n\t\t\t<input  id=\"field_fh0hd\" type=\"text\" class=\"frm_form_field form-field frm_verify\" name=\"item_meta[115]\" value=\"\"  \/>\n\t\t<\/div>\n\t\t<input name=\"frm_state\" type=\"hidden\" value=\"Fu0dPSP+OvBpqeoGaKMtFHIvVm\/D2MFDGXQI8Zd\/16E=\" \/><\/div>\n<\/fieldset>\n<\/div>\n\n<\/form>\n<\/div>\n\t\t<\/div>\n\t\t\t\t<\/div>\n\t\t\t\t\t<\/div>\n\t\t<\/div>\n\t\t\t\t\t\t\t<\/div>\n\t\t<\/section>\n\t\t\t\t\t\t\t<\/div>\n\t\t","protected":false},"excerpt":{"rendered":"<p>\u0160kolen\u00ed \u0160kolen\u00ed pro mont\u00e1\u017en\u00ed a servisn\u00ed partnery Nab\u00edz\u00edme bezplatn\u00e9 z\u00e1kladn\u00ed \u0161kolen\u00ed zam\u011b\u0159en\u00e9 na sezn\u00e1men\u00ed se sortimentem, n\u00e1vrhem a z\u00e1sadami spr\u00e1vn\u00e9 instalace tepeln\u00fdch \u010derpadel zna\u010dky THERMANNPRO. Po absolvov\u00e1n\u00ed \u0161kolen\u00ed a prostudov\u00e1n\u00ed p\u0159\u00edslu\u0161n\u00fdch p\u0159\u00edru\u010dek tepeln\u00fdch \u010derpadel budete schopni spr\u00e1vn\u011b navrhnout, nainstalovat a &hellip; <a href=\"https:\/\/www.thermannpro.cz\/de\/registrace-skoleni-tc-thermannpro\/\">Mehr lesen<\/a><\/p>","protected":false},"author":3,"featured_media":0,"parent":0,"menu_order":0,"comment_status":"closed","ping_status":"closed","template":"","meta":{"footnotes":""},"class_list":["post-2160","page","type-page","status-publish","hentry"],"_links":{"self":[{"href":"https:\/\/www.thermannpro.cz\/de\/wp-json\/wp\/v2\/pages\/2160","targetHints":{"allow":["GET"]}}],"collection":[{"href":"https:\/\/www.thermannpro.cz\/de\/wp-json\/wp\/v2\/pages"}],"about":[{"href":"https:\/\/www.thermannpro.cz\/de\/wp-json\/wp\/v2\/types\/page"}],"author":[{"embeddable":true,"href":"https:\/\/www.thermannpro.cz\/de\/wp-json\/wp\/v2\/users\/3"}],"replies":[{"embeddable":true,"href":"https:\/\/www.thermannpro.cz\/de\/wp-json\/wp\/v2\/comments?post=2160"}],"version-history":[{"count":69,"href":"https:\/\/www.thermannpro.cz\/de\/wp-json\/wp\/v2\/pages\/2160\/revisions"}],"predecessor-version":[{"id":3361,"href":"https:\/\/www.thermannpro.cz\/de\/wp-json\/wp\/v2\/pages\/2160\/revisions\/3361"}],"wp:attachment":[{"href":"https:\/\/www.thermannpro.cz\/de\/wp-json\/wp\/v2\/media?parent=2160"}],"curies":[{"name":"wp","href":"https:\/\/api.w.org\/{rel}","templated":true}]}}