{"id":2198,"date":"2024-01-17T10:14:27","date_gmt":"2024-01-17T09:14:27","guid":{"rendered":"https:\/\/www.thermannpro.cz\/?page_id=2198"},"modified":"2024-01-17T10:22:57","modified_gmt":"2024-01-17T09:22:57","slug":"vop","status":"publish","type":"page","link":"https:\/\/www.thermannpro.cz\/de\/vop\/","title":{"rendered":"Allgemeine Gesch\u00e4ftsbedingungen"},"content":{"rendered":"<div data-elementor-type=\"wp-page\" data-elementor-id=\"2198\" class=\"elementor elementor-2198\">\n\t\t\t\t\t\t\t\t\t<section class=\"elementor-section elementor-top-section elementor-element elementor-element-5464f510 elementor-section-boxed elementor-section-height-default elementor-section-height-default wpr-equal-height-no\" data-id=\"5464f510\" data-element_type=\"section\">\n\t\t\t\t\t\t<div class=\"elementor-container elementor-column-gap-default\">\n\t\t\t\t\t<div class=\"elementor-column elementor-col-100 elementor-top-column elementor-element elementor-element-6511b615\" data-id=\"6511b615\" data-element_type=\"column\" data-settings=\"{&quot;background_background&quot;:&quot;classic&quot;}\">\n\t\t\t<div class=\"elementor-widget-wrap elementor-element-populated\">\n\t\t\t\t\t<div class=\"elementor-background-overlay\"><\/div>\n\t\t\t\t\t\t\t\t<div class=\"elementor-element elementor-element-c83fbde elementor-invisible elementor-widget elementor-widget-heading\" data-id=\"c83fbde\" data-element_type=\"widget\" data-settings=\"{&quot;_animation&quot;:&quot;fadeInDown&quot;,&quot;_animation_delay&quot;:&quot;100&quot;}\" data-widget_type=\"heading.default\">\n\t\t\t\t<div class=\"elementor-widget-container\">\n\t\t\t<h1 class=\"elementor-heading-title elementor-size-default\">Gesch\u00e4ftsbedingungen<\/h1>\t\t<\/div>\n\t\t\t\t<\/div>\n\t\t\t\t\t<\/div>\n\t\t<\/div>\n\t\t\t\t\t\t\t<\/div>\n\t\t<\/section>\n\t\t\t\t<section class=\"elementor-section elementor-top-section elementor-element elementor-element-4bc7ac2 elementor-section-boxed elementor-section-height-default elementor-section-height-default wpr-equal-height-no\" data-id=\"4bc7ac2\" data-element_type=\"section\">\n\t\t\t\t\t\t<div class=\"elementor-container elementor-column-gap-default\">\n\t\t\t\t\t<div class=\"elementor-column elementor-col-100 elementor-top-column elementor-element elementor-element-c04f2bc\" data-id=\"c04f2bc\" data-element_type=\"column\">\n\t\t\t<div class=\"elementor-widget-wrap elementor-element-populated\">\n\t\t\t\t\t\t\t\t<div class=\"elementor-element elementor-element-51e6018 elementor-widget elementor-widget-text-editor\" data-id=\"51e6018\" data-element_type=\"widget\" data-widget_type=\"text-editor.default\">\n\t\t\t\t<div class=\"elementor-widget-container\">\n\t\t\t\t\t\t\t<p style=\"text-align: center;\"><strong>Allgemeine Gesch\u00e4ftsbedingungen der Firma THERMANN PRO s.r.o.<\/strong><\/p><p style=\"text-align: center;\">mit Sitz in Hor\u0148\u00e1teck\u00e1 481\/5, Kobylisy, 182 00 Prag 8, ID: 19567308, Umsatzsteuer-Identifikationsnummer: CZ 19567308,<\/p><p style=\"text-align: center;\">eingetragen im Handelsregister des Stadtgerichts in Prag, Abschnitt C, Einlage 388525<\/p>\t\t\t\t\t\t<\/div>\n\t\t\t\t<\/div>\n\t\t\t\t<div class=\"elementor-element elementor-element-e8a4029 elementor-widget elementor-widget-text-editor\" data-id=\"e8a4029\" data-element_type=\"widget\" data-widget_type=\"text-editor.default\">\n\t\t\t\t<div class=\"elementor-widget-container\">\n\t\t\t\t\t\t\t<p class=\"p4\"><b>UND. <\/b><b>Einleitende Bestimmungen <\/b><\/p><p class=\"p4\">1.1. Das Unternehmen THERMANN PRO s.r.o. mit Sitz in Hor\u0148\u00e1teck\u00e1 481\/5, Kobylisy, 182 00 Prag 8, I\u010cO: 19567308 (im Folgenden THERMANN oder Verk\u00e4ufer genannt) ist im Handelsregister des Stadtgerichts in Prag im Abschnitt eingetragen C, Eintrag 3885252. Gegenstand des Unternehmens des Verk\u00e4ufers ist vor allem, aber nicht ausschlie\u00dflich, die Herstellung von Maschinen und Anlagen, der Gro\u00df- und Einzelhandel, die Herstellung von elektronischen Bauteilen, Elektroger\u00e4ten, die Herstellung und Reparatur von elektrischen Maschinen, Ger\u00e4ten und elektronischen Ger\u00e4ten, die mit Niederspannung arbeiten , die Erbringung technischer Dienstleistungen sowie der Verkauf von W\u00e4rmepumpen.<\/p><p class=\"p4\">1.2. Diese Allgemeinen Gesch\u00e4ftsbedingungen gelten ab dem 01.01.2024 und werden auf der Website des Verk\u00e4ufers ver\u00f6ffentlicht <span class=\"s4\">https:\/\/www.thermannpro.cz\/<\/span>. Der Verk\u00e4ufer beh\u00e4lt sich das Recht vor, diese Allgemeinen Gesch\u00e4ftsbedingungen einseitig zu \u00e4ndern oder zu erg\u00e4nzen, was der K\u00e4ufer anerkennt. Die Allgemeinen Gesch\u00e4ftsbedingungen sind f\u00fcr beide Vertragsparteien verbindlich, sofern im Vertrag nicht ausdr\u00fccklich etwas anderes vereinbart wird.<\/p><p class=\"p4\">1.3. Die Allgemeinen Gesch\u00e4ftsbedingungen regeln die Rechte und Pflichten des Verk\u00e4ufers und des K\u00e4ufers (Kunden) beim Verkauf von Waren (in diesen Allgemeinen Gesch\u00e4ftsbedingungen auch \u201eArtikel\u201c oder \u201eKaufgegenstand\u201c) des Verk\u00e4ufers, die im Wege der Fernkommunikation oder per Fernkommunikationsmittel erfolgen Verkauf vor Ort beim Verk\u00e4ufer. Sie gelten f\u00fcr alle Kaufvertr\u00e4ge zwischen dem Verk\u00e4ufer und dem K\u00e4ufer sowie f\u00fcr alle Kundenbestellungen, sofern im Vertrag nicht ausdr\u00fccklich etwas anderes vereinbart ist. F\u00fcr die vertraglichen Beziehungen gilt die Rechtsordnung der Tschechischen Republik.<\/p><p class=\"p4\">1.4. Jeder Kunde ist verpflichtet, sich mit diesen Gesch\u00e4ftsbedingungen vertraut zu machen, wenn er Interesse am Kauf eines Artikels des Verk\u00e4ufers hat. Mit der Bestellung bzw. dem Abschluss eines Kaufvertrages, gleich welcher Form, best\u00e4tigt der Kunde, dass er die vorliegenden Gesch\u00e4ftsbedingungen des Verk\u00e4ufers zur Kenntnis genommen hat und mit diesen einverstanden ist.<\/p><p class=\"p4\">1.5. Der Verk\u00e4ufer erbringt seine Dienstleistungen ausschlie\u00dflich auf dem Gebiet der Tschechischen Republik. Jede Lieferung des gekauften Artikels au\u00dferhalb der Tschechischen Republik muss vom K\u00e4ufer mit dem Verk\u00e4ufer abgewickelt werden.<\/p><p>\u00a0<\/p><p class=\"p4\"><b>II. <\/b><b>Kaufvertrag <\/b><\/p><p class=\"p4\">2.1. Der Verk\u00e4ufer verkauft dem K\u00e4ufer aufgrund seiner Bestellung Sachen. Der Abschluss einzelner Kaufvertr\u00e4ge erfolgt ausschlie\u00dflich durch Fernkommunikation per E-Mail und\/oder \u00fcber die Weboberfl\u00e4che des Verk\u00e4ufers. Ein Kaufvertrag kommt durch die Best\u00e4tigung der Bestellung des Kunden oder die Best\u00e4tigung des zugestellten und ordnungsgem\u00e4\u00df ausgef\u00fcllten Webformulars durch den Verk\u00e4ufer zustande.<\/p><p>\u00a0<\/p><p class=\"p4\"><b>III. <\/b><b>Kaufpreis <\/b><\/p><p class=\"p4\">3.1. Der Kaufpreis wird vom Verk\u00e4ufer bestimmt. Ma\u00dfgeblich f\u00fcr die H\u00f6he des Kaufpreises ist der in der auf seiner Website ver\u00f6ffentlichten Preisliste des Verk\u00e4ufers angegebene Preis. Zus\u00e4tzlich zum Preis wird dem K\u00e4ufer die gesetzliche Mehrwertsteuer in Rechnung gestellt.<\/p><p class=\"p4\">3.2. Der K\u00e4ufer ist verpflichtet, dem Verk\u00e4ufer den gesamten Kaufpreis inklusive Mehrwertsteuer zu zahlen. Der Verk\u00e4ufer rechnet dem K\u00e4ufer den Kaufpreis mit einem Steuerbeleg (Rechnung) in Rechnung. Die Rechnung wird dem K\u00e4ufer ausschlie\u00dflich in elektronischer Form zugesandt.<\/p><p class=\"p4\">3.3. Der K\u00e4ufer ist verpflichtet, den Kaufpreis vor \u00dcbergabe der Kaufsache, sp\u00e4testens jedoch 14 Tage nach Zustellung der Rechnung, zu zahlen. Zahlt der K\u00e4ufer nicht den gesamten Kaufpreis ordnungsgem\u00e4\u00df und fristgerecht, wird der Kaufvertrag aufgehoben. Im Zweifelsfall wurde die Rechnung dem K\u00e4ufer am dritten Tag nach Versand durch den Verk\u00e4ufer an die E-Mail-Adresse des K\u00e4ufers zugestellt.<\/p><p>\u00a0<\/p><p class=\"p4\"><b>IV. <\/b><b>Lieferung des Artikels <\/b><\/p><p class=\"p4\">4.1. Der Verk\u00e4ufer ist verpflichtet, die Kaufsache an den K\u00e4ufer herauszugeben. Der Verk\u00e4ufer kommt dieser Verpflichtung nach, indem er den Kaufgegenstand dem Verk\u00e4ufer oder einem von ihm bevollm\u00e4chtigten Vertreter am Sitz des Verk\u00e4ufers an der Adresse \u010cernolesk\u00e1 2326 \u00fcbergibt<b>, <\/b>256 01, Bene\u0161ov oder durch Zusendung des gekauften Artikels an die Adresse des K\u00e4ufers.<\/p><p class=\"p4\">4.2. Der K\u00e4ufer ist verpflichtet, die Kaufsache sp\u00e4testens 30 Tage nach Zustellung der Mitteilung des Verk\u00e4ufers, dass die Kaufsache zur Abholung bereitsteht, vom Verk\u00e4ufer an dessen Gesch\u00e4ftssitz zu \u00fcbernehmen. Im Falle einer Verz\u00f6gerung seitens des K\u00e4ufers bei der \u00dcbernahme des Artikels vom Verk\u00e4ufer ist der K\u00e4ufer verpflichtet, dem Verk\u00e4ufer f\u00fcr jeden Tag der Verz\u00f6gerung eine Lagergeb\u00fchr in H\u00f6he von 1 % vom Kaufpreis des Artikels zu zahlen. Mit dem drei\u00dfigsten Tag des Verzugs beim Erhalt der Kaufsache gilt die Sache als an den K\u00e4ufer \u00fcbergeben und an diesem Tag geht die Gefahr einer Besch\u00e4digung der Sache auf den K\u00e4ufer \u00fcber.<\/p><p class=\"p4\">4.3. Ist der vereinbarte Ort der \u00dcbergabe der Kaufsache nicht der Gesch\u00e4ftssitz des Verk\u00e4ufers, kommt der Verk\u00e4ufer seiner Verpflichtung zur \u00dcbergabe der Kaufsache an den K\u00e4ufer dadurch nach, dass er diese dem ersten Frachtf\u00fchrer zum Transport (Versand) \u00fcbergibt, stets auf Kosten von der K\u00e4ufer. In diesem Fall ist der K\u00e4ufer verpflichtet, zus\u00e4tzlich zum Kaufpreis die Versandkosten in H\u00f6he der g\u00fcltigen Preisliste des vertraglichen Spediteurs, der den Transport durchf\u00fchrt, und die Verpackungskosten gem\u00e4\u00df der Preisliste des Verk\u00e4ufers zu zahlen. Durch die Wahl des geeigneten Transportmittels erkl\u00e4rt sich der K\u00e4ufer auch mit dem Preis dieses Transports einverstanden. Der Transport erfolgt gem\u00e4\u00df den Transportvorschriften des Vertragsfrachtf\u00fchrers. Die Kaufsache gilt auch dann als geliefert, wenn der K\u00e4ufer die Sache nicht \u00fcbernommen oder verweigert hat oder sie vom Verk\u00e4ufer nicht abgeholt hat, auch wenn er dies h\u00e4tte tun m\u00fcssen. Im Falle der Lieferung der Ware durch einen beauftragten Spediteur ist der K\u00e4ufer verpflichtet, den Empfang der gelieferten Sendung beim Spediteur zu best\u00e4tigen und die Sendung zu pr\u00fcfen. Vers\u00e4umt der K\u00e4ufer die Zustellung der Ware, tr\u00e4gt er alle damit verbundenen Kosten. Der Verk\u00e4ufer haftet nicht f\u00fcr Sch\u00e4den, die durch den Transport des Artikels entstehen.<\/p><p>\u00a0<\/p><p class=\"p4\"><b>IN. <\/b><b>Haftung f\u00fcr Sachm\u00e4ngel und Einverst\u00e4ndniserkl\u00e4rung <\/b><\/p><p class=\"p4\">5.1. Die Haftung des Verk\u00e4ufers f\u00fcr M\u00e4ngel der Kaufsache richtet sich nach den einschl\u00e4gigen gesetzlichen Vorschriften, insbesondere dem B\u00fcrgerlichen Gesetzbuch.<\/p><p class=\"p4\">5.2. Der Verk\u00e4ufer leistet grunds\u00e4tzlich eine Garantie f\u00fcr die Beschaffenheit der verkauften Sache f\u00fcr die Dauer von 24 Monaten. Die Bedingungen der erweiterten Garantie finden Sie unter <span class=\"s5\">https:\/\/www.thermannpro.cz\/ <\/span><\/p><p class=\"p4\">5.3. Der Verk\u00e4ufer haftet nicht f\u00fcr M\u00e4ngel der Kaufsache, die durch unsachgem\u00e4\u00dfe oder unangemessene, der \u00fcblichen Verwendungsweise widersprechende Handhabung, Verwendung und Installation oder Vernachl\u00e4ssigung der Pflege der Kaufsache, Abnutzung der Kaufsache durch gew\u00f6hnlichen Gebrauch, f\u00fcr M\u00e4ngel, die durch mechanische Besch\u00e4digung der Sache nach \u00dcbergang der Gefahr einer Besch\u00e4digung des Werkes, durch Verwendung der Sache unter ungeeigneten Bedingungen (insbesondere Temperatur, chemische und mechanische Umwelteinfl\u00fcsse), durch \u00fcberm\u00e4\u00dfige Beanspruchung der Sache, f\u00fcr M\u00e4ngel, die auf nat\u00fcrliche Weise entstanden sind, entstehen Elemente oder h\u00f6here Gewalt oder Besch\u00e4digung des Artikels w\u00e4hrend des Transports.<\/p><p class=\"p4\">5.3. Der Verk\u00e4ufer erkl\u00e4rt ausdr\u00fccklich, dass er das Risiko einer \u00c4nderung der Umst\u00e4nde im Sinne von Abs. 1 nicht \u00fcbernimmt. \u00a7 1765 des B\u00fcrgerlichen Gesetzbuches.<\/p><p class=\"p4\">5.4. Der K\u00e4ufer ist verpflichtet, M\u00e4ngelr\u00fcgen beim Verk\u00e4ufer ausschlie\u00dflich elektronisch unter der Adresse zu r\u00fcgen <span class=\"s4\">reklamace@thermannpro.cz <\/span><\/p><p>\u00a0<\/p><p class=\"p4\"><b>VI. <\/b><b>Schutz personenbezogener Daten <\/b><\/p><p class=\"p4\">6.1. Mit Vertragsschluss erkl\u00e4rt sich der K\u00e4ufer mit der Nutzung, Verarbeitung und Erhebung seiner personenbezogenen Daten, die der Verk\u00e4ufer im Zusammenhang mit der Erf\u00fcllung des Vertragsgegenstandes erh\u00e4lt, in folgendem Umfang einverstanden: Vorname, Nachname, Wohnort, Firma Firma, Ausweisnummer, Sitz, Telefonnummer. Kontakt, E-Mail. Die Einwilligung wird auf unbestimmte Zeit erteilt. Diese Daten werden gem\u00e4\u00df der Verordnung (EU) 2016\/679 des Europ\u00e4ischen Parlaments und des Rates vom 27. April 2016 zum Schutz nat\u00fcrlicher Personen bei der Verarbeitung personenbezogener Daten und zum freien Datenverkehr gespeichert und verarbeitet und zur Aufhebung der Richtlinie 95\/46\/EG (Allgemeine Verordnung zum Schutz personenbezogener Daten) und mit dem Gesetz. C. 110\/2019 Slg., \u00fcber die Verarbeitung personenbezogener Daten. Der K\u00e4ufer hat das Recht, auf seine personenbezogenen Daten zuzugreifen, einschlie\u00dflich des Rechts, diese zu korrigieren oder zu l\u00f6schen.<\/p><p class=\"p4\">6.2. Der K\u00e4ufer erteilt dem Verk\u00e4ufer sein Einverst\u00e4ndnis, die personenbezogenen Daten des K\u00e4ufers, insbesondere an den Spediteur, weiterzugeben, damit der Kaufgegenstand an den K\u00e4ufer geliefert werden kann und ihm f\u00fcr die Dauer eines Jahres nach der K\u00fcndigung Handels- und Werbebotschaften des Verk\u00e4ufers zugesandt werden des Vertragsverh\u00e4ltnisses.<\/p><p class=\"p4\">6.3. Die personenbezogenen Daten des K\u00e4ufers werden sowohl automatisch als auch manuell verarbeitet und k\u00f6nnen den Mitarbeitern des Verk\u00e4ufers und seinen Gesch\u00e4ftspartnern zur Verf\u00fcgung gestellt werden, wenn dies f\u00fcr die Erf\u00fcllung ihrer Arbeitsaufgaben erforderlich ist, sowie Auftragsverarbeitern, mit denen der Verk\u00e4ufer einen Vertrag dar\u00fcber hat Verarbeitung personenbezogener Daten oder an andere Personen gem\u00e4\u00df den geltenden gesetzlichen Bestimmungen.<\/p><p class=\"p4\">6.4. Der K\u00e4ufer kann die erteilte Einwilligung jederzeit ganz oder teilweise in der gleichen Form widerrufen, in der er sie erteilt hat, telefonisch, pers\u00f6nlich, durch eine zuverl\u00e4ssige Form der elektronischen Kommunikation oder schriftlich in Papierform.<\/p><p>\u00a0<\/p><p class=\"p4\"><b>VII. <\/b><b>Schlussbestimmungen <\/b><\/p><p class=\"p4\">7.1. Die einzelnen Bestimmungen dieser Gesch\u00e4ftsbedingungen sind voneinander trennbar. Wenn es eine Bestimmung gibt, oder ein Teil dieser Gesch\u00e4ftsbedingungen ganz oder teilweise nichtig ist, die Wirksamkeit der \u00fcbrigen Bestimmungen unber\u00fchrt bleibt, oder ihre Teile intakt.<\/p><p class=\"p4\">7.2. Im Falle eines Rechtsstreits zwischen dem Verk\u00e4ufer und dem K\u00e4ufer, der kein Verbraucher ist, vereinbaren sie gem\u00e4\u00df Abschnitt \u00a7 89a Verk\u00e4ufer und K\u00e4ufer sind \u00f6rtlich zust\u00e4ndig beim Bezirksgericht Bene\u0161ov oder Je nach Zust\u00e4ndigkeit das Landgericht in Prag.<\/p><p class=\"p4\">7.3. Diese Allgemeinen Gesch\u00e4ftsbedingungen treten am 1. Januar 2024 in Kraft.<\/p><p>\u00a0<\/p><p class=\"p4\"><b>In Bene\u0161ov 31.12.2023 <\/b><\/p><p class=\"p4\">THERMANN PRO Ltd<\/p>\t\t\t\t\t\t<\/div>\n\t\t\t\t<\/div>\n\t\t\t\t\t<\/div>\n\t\t<\/div>\n\t\t\t\t\t\t\t<\/div>\n\t\t<\/section>\n\t\t\t\t\t\t\t<\/div>","protected":false},"excerpt":{"rendered":"<p>obchodn\u00ed podm\u00ednky Obchodn\u00ed podm\u00ednky spole\u010dnosti THERMANN PRO s.r.o., se s\u00eddlem Hor\u0148\u00e1teck\u00e1 481\/5, Kobylisy, 182 00 Praha 8, I\u010cO: 19567308, DI\u010c: CZ 19567308, zapsan\u00e9 v obchodn\u00edm rejst\u0159\u00edku veden\u00e9m M\u011bstsk\u00fdm soudem v Praze, odd\u00edl C, vlo\u017eka 388525 I. \u00davodn\u00ed ustanoven\u00ed 1.1. V &hellip; <a href=\"https:\/\/www.thermannpro.cz\/de\/vop\/\">Mehr lesen<\/a><\/p>","protected":false},"author":3,"featured_media":0,"parent":0,"menu_order":0,"comment_status":"closed","ping_status":"closed","template":"","meta":{"footnotes":""},"class_list":["post-2198","page","type-page","status-publish","hentry"],"_links":{"self":[{"href":"https:\/\/www.thermannpro.cz\/de\/wp-json\/wp\/v2\/pages\/2198","targetHints":{"allow":["GET"]}}],"collection":[{"href":"https:\/\/www.thermannpro.cz\/de\/wp-json\/wp\/v2\/pages"}],"about":[{"href":"https:\/\/www.thermannpro.cz\/de\/wp-json\/wp\/v2\/types\/page"}],"author":[{"embeddable":true,"href":"https:\/\/www.thermannpro.cz\/de\/wp-json\/wp\/v2\/users\/3"}],"replies":[{"embeddable":true,"href":"https:\/\/www.thermannpro.cz\/de\/wp-json\/wp\/v2\/comments?post=2198"}],"version-history":[{"count":7,"href":"https:\/\/www.thermannpro.cz\/de\/wp-json\/wp\/v2\/pages\/2198\/revisions"}],"predecessor-version":[{"id":2206,"href":"https:\/\/www.thermannpro.cz\/de\/wp-json\/wp\/v2\/pages\/2198\/revisions\/2206"}],"wp:attachment":[{"href":"https:\/\/www.thermannpro.cz\/de\/wp-json\/wp\/v2\/media?parent=2198"}],"curies":[{"name":"wp","href":"https:\/\/api.w.org\/{rel}","templated":true}]}}