{"id":2578,"date":"2024-10-09T18:02:07","date_gmt":"2024-10-09T16:02:07","guid":{"rendered":"https:\/\/www.thermannpro.cz\/?page_id=2578"},"modified":"2024-10-29T15:42:27","modified_gmt":"2024-10-29T14:42:27","slug":"fancoily","status":"publish","type":"page","link":"https:\/\/www.thermannpro.cz\/de\/sortiment\/fancoily\/","title":{"rendered":"FANCOILY"},"content":{"rendered":"<div data-elementor-type=\"wp-page\" data-elementor-id=\"2578\" class=\"elementor elementor-2578\">\n\t\t\t\t\t\t\t\t\t<section class=\"elementor-section elementor-top-section elementor-element elementor-element-5464f510 elementor-section-boxed elementor-section-height-default elementor-section-height-default wpr-equal-height-no\" data-id=\"5464f510\" data-element_type=\"section\">\n\t\t\t\t\t\t<div class=\"elementor-container elementor-column-gap-default\">\n\t\t\t\t\t<div class=\"elementor-column elementor-col-100 elementor-top-column elementor-element elementor-element-6511b615\" data-id=\"6511b615\" data-element_type=\"column\" data-settings=\"{&quot;background_background&quot;:&quot;classic&quot;}\">\n\t\t\t<div class=\"elementor-widget-wrap elementor-element-populated\">\n\t\t\t\t\t<div class=\"elementor-background-overlay\"><\/div>\n\t\t\t\t\t\t\t\t<div class=\"elementor-element elementor-element-c83fbde elementor-invisible elementor-widget elementor-widget-heading\" data-id=\"c83fbde\" data-element_type=\"widget\" data-settings=\"{&quot;_animation&quot;:&quot;fadeInDown&quot;,&quot;_animation_delay&quot;:&quot;100&quot;}\" data-widget_type=\"heading.default\">\n\t\t\t\t<div class=\"elementor-widget-container\">\n\t\t\t<h1 class=\"elementor-heading-title elementor-size-default\">Fancoily<\/h1>\t\t<\/div>\n\t\t\t\t<\/div>\n\t\t\t\t\t<\/div>\n\t\t<\/div>\n\t\t\t\t\t\t\t<\/div>\n\t\t<\/section>\n\t\t\t\t<section class=\"elementor-section elementor-top-section elementor-element elementor-element-7320f132 elementor-section-boxed elementor-section-height-default elementor-section-height-default wpr-equal-height-no\" data-id=\"7320f132\" data-element_type=\"section\">\n\t\t\t\t\t\t<div class=\"elementor-container elementor-column-gap-default\">\n\t\t\t\t\t<div class=\"elementor-column elementor-col-100 elementor-top-column elementor-element elementor-element-11ee404\" data-id=\"11ee404\" data-element_type=\"column\">\n\t\t\t<div class=\"elementor-widget-wrap elementor-element-populated\">\n\t\t\t\t\t\t\t\t<div class=\"elementor-element elementor-element-a011206 elementor-invisible elementor-widget elementor-widget-heading\" data-id=\"a011206\" data-element_type=\"widget\" data-settings=\"{&quot;_animation&quot;:&quot;fadeIn&quot;}\" data-widget_type=\"heading.default\">\n\t\t\t\t<div class=\"elementor-widget-container\">\n\t\t\t<h2 class=\"elementor-heading-title elementor-size-default\">Co jsou fan coily?<\/h2>\t\t<\/div>\n\t\t\t\t<\/div>\n\t\t\t\t\t<\/div>\n\t\t<\/div>\n\t\t\t\t\t\t\t<\/div>\n\t\t<\/section>\n\t\t\t\t<section class=\"elementor-section elementor-top-section elementor-element elementor-element-7bc1fb0 elementor-section-boxed elementor-section-height-default elementor-section-height-default wpr-equal-height-no\" data-id=\"7bc1fb0\" data-element_type=\"section\">\n\t\t\t\t\t\t<div class=\"elementor-container elementor-column-gap-default\">\n\t\t\t\t\t<div class=\"elementor-column elementor-col-50 elementor-top-column elementor-element elementor-element-d15b3cb\" data-id=\"d15b3cb\" data-element_type=\"column\" data-settings=\"{&quot;background_background&quot;:&quot;classic&quot;}\">\n\t\t\t<div class=\"elementor-widget-wrap elementor-element-populated\">\n\t\t\t\t\t\t\t\t<div class=\"elementor-element elementor-element-5e149e8 elementor-widget__width-initial elementor-invisible elementor-widget elementor-widget-heading\" data-id=\"5e149e8\" data-element_type=\"widget\" data-settings=\"{&quot;_animation&quot;:&quot;fadeInLeft&quot;}\" data-widget_type=\"heading.default\">\n\t\t\t\t<div class=\"elementor-widget-container\">\n\t\t\t<p class=\"elementor-heading-title elementor-size-default\">Fan coily jsou za\u0159\u00edzen\u00ed navr\u017een\u00e1 pro distribuci tepla nebo chladu v obytn\u00fdch prostorech pro zaji\u0161t\u011bn\u00ed optim\u00e1ln\u00ed tepeln\u00e9 pohody. Hlavn\u00edmi sou\u010d\u00e1stmi tohoto za\u0159\u00edzen\u00ed jsou ventil\u00e1tor (Fan) a tepeln\u00fd v\u00fdm\u011bn\u00edk (Coil). Na rozd\u00edl od klimatizac\u00ed, kde chladic\u00ed m\u00e9dium tvo\u0159\u00ed chladivo, fan coily pou\u017e\u00edvaj\u00ed vodu z topn\u00e9ho okruhu tepeln\u00e9ho \u010derpadla nebo jin\u00e9ho zdroje tepl\u00e9\/studen\u00e9 vody. D\u00edky tomu dosahuj\u00ed a\u017e dvojn\u00e1sobn\u00e9ho topn\u00e9ho v\u00fdkonu oproti b\u011b\u017en\u00fdm radi\u00e1tor\u016fm, co\u017e je \u010din\u00ed v\u00fdrazn\u011b \u00fasporn\u011bj\u0161\u00edmi.<\/p>\t\t<\/div>\n\t\t\t\t<\/div>\n\t\t\t\t<div class=\"elementor-element elementor-element-c05173a elementor-widget__width-initial elementor-invisible elementor-widget elementor-widget-heading\" data-id=\"c05173a\" data-element_type=\"widget\" data-settings=\"{&quot;_animation&quot;:&quot;fadeInLeft&quot;}\" data-widget_type=\"heading.default\">\n\t\t\t\t<div class=\"elementor-widget-container\">\n\t\t\t<p class=\"elementor-heading-title elementor-size-default\">Fan coily se \u010dasto pou\u017e\u00edvaj\u00ed v kancel\u00e1\u0159sk\u00fdch budov\u00e1ch, hotelech nebo bytov\u00fdch domech jako sou\u010d\u00e1st syst\u00e9m\u016f klimatizace \u010di vyt\u00e1p\u011bn\u00ed.<\/p>\t\t<\/div>\n\t\t\t\t<\/div>\n\t\t\t\t<div class=\"elementor-element elementor-element-892042f elementor-widget__width-initial elementor-invisible elementor-widget elementor-widget-heading\" data-id=\"892042f\" data-element_type=\"widget\" data-settings=\"{&quot;_animation&quot;:&quot;fadeInLeft&quot;}\" data-widget_type=\"heading.default\">\n\t\t\t\t<div class=\"elementor-widget-container\">\n\t\t\t<p class=\"elementor-heading-title elementor-size-default\">V\u0161echny fan coily v na\u0161\u00ed nab\u00eddce jsou kompatibiln\u00ed s tepeln\u00fdmi \u010derpadly vzduch-voda zna\u010dky THERMANNPRO.<\/p>\t\t<\/div>\n\t\t\t\t<\/div>\n\t\t\t\t\t<\/div>\n\t\t<\/div>\n\t\t\t\t<div class=\"elementor-column elementor-col-50 elementor-top-column elementor-element elementor-element-8d1dffb\" data-id=\"8d1dffb\" data-element_type=\"column\" data-settings=\"{&quot;background_background&quot;:&quot;classic&quot;}\">\n\t\t\t<div class=\"elementor-widget-wrap elementor-element-populated\">\n\t\t\t\t\t\t\t\t<div class=\"elementor-element elementor-element-045d471 elementor-widget elementor-widget-spacer\" data-id=\"045d471\" data-element_type=\"widget\" data-widget_type=\"spacer.default\">\n\t\t\t\t<div class=\"elementor-widget-container\">\n\t\t\t\t\t<div class=\"elementor-spacer\">\n\t\t\t<div class=\"elementor-spacer-inner\"><\/div>\n\t\t<\/div>\n\t\t\t\t<\/div>\n\t\t\t\t<\/div>\n\t\t\t\t\t<\/div>\n\t\t<\/div>\n\t\t\t\t\t\t\t<\/div>\n\t\t<\/section>\n\t\t\t\t<section class=\"elementor-section elementor-top-section elementor-element elementor-element-f862f81 elementor-section-boxed elementor-section-height-default elementor-section-height-default wpr-equal-height-no\" data-id=\"f862f81\" data-element_type=\"section\">\n\t\t\t\t\t\t<div class=\"elementor-container elementor-column-gap-default\">\n\t\t\t\t\t<div class=\"elementor-column elementor-col-100 elementor-top-column elementor-element elementor-element-ecfaacf\" data-id=\"ecfaacf\" data-element_type=\"column\">\n\t\t\t<div class=\"elementor-widget-wrap elementor-element-populated\">\n\t\t\t\t\t\t\t\t<div class=\"elementor-element elementor-element-b7e0efa elementor-invisible elementor-widget elementor-widget-heading\" data-id=\"b7e0efa\" data-element_type=\"widget\" data-settings=\"{&quot;_animation&quot;:&quot;fadeIn&quot;}\" data-widget_type=\"heading.default\">\n\t\t\t\t<div class=\"elementor-widget-container\">\n\t\t\t<h2 class=\"elementor-heading-title elementor-size-default\">Jak\u00e9 fancoily nab\u00edz\u00edme?<\/h2>\t\t<\/div>\n\t\t\t\t<\/div>\n\t\t\t\t<div class=\"elementor-element elementor-element-cb333de elementor-invisible elementor-widget elementor-widget-heading\" data-id=\"cb333de\" data-element_type=\"widget\" data-settings=\"{&quot;_animation&quot;:&quot;fadeIn&quot;}\" data-widget_type=\"heading.default\">\n\t\t\t\t<div class=\"elementor-widget-container\">\n\t\t\t<p class=\"elementor-heading-title elementor-size-default\">V nab\u00eddce m\u00e1me podlahov\u00e9 a n\u00e1st\u011bnn\u00e9 modely.<\/p>\t\t<\/div>\n\t\t\t\t<\/div>\n\t\t\t\t\t<\/div>\n\t\t<\/div>\n\t\t\t\t\t\t\t<\/div>\n\t\t<\/section>\n\t\t\t\t<section class=\"elementor-section elementor-top-section elementor-element elementor-element-7ee0409 elementor-section-boxed elementor-section-height-default elementor-section-height-default wpr-equal-height-no\" data-id=\"7ee0409\" data-element_type=\"section\">\n\t\t\t\t\t\t<div class=\"elementor-container elementor-column-gap-default\">\n\t\t\t\t\t<div class=\"elementor-column elementor-col-33 elementor-top-column elementor-element elementor-element-3b305d9\" data-id=\"3b305d9\" data-element_type=\"column\">\n\t\t\t<div class=\"elementor-widget-wrap elementor-element-populated\">\n\t\t\t\t\t\t\t\t<div class=\"elementor-element elementor-element-d6754a8 elementor-widget elementor-widget-image\" data-id=\"d6754a8\" data-element_type=\"widget\" data-widget_type=\"image.default\">\n\t\t\t\t<div class=\"elementor-widget-container\">\n\t\t\t\t\t\t\t\t\t\t\t\t\t\t\t<img fetchpriority=\"high\" decoding=\"async\" width=\"960\" height=\"540\" src=\"https:\/\/www.thermannpro.cz\/wp-content\/uploads\/2024\/10\/Reverso-HW_inst3-kopie.jpg\" class=\"attachment-large size-large wp-image-2592\" alt=\"\" srcset=\"https:\/\/www.thermannpro.cz\/wp-content\/uploads\/2024\/10\/Reverso-HW_inst3-kopie.jpg 960w, https:\/\/www.thermannpro.cz\/wp-content\/uploads\/2024\/10\/Reverso-HW_inst3-kopie-300x169.jpg 300w, https:\/\/www.thermannpro.cz\/wp-content\/uploads\/2024\/10\/Reverso-HW_inst3-kopie-768x432.jpg 768w, https:\/\/www.thermannpro.cz\/wp-content\/uploads\/2024\/10\/Reverso-HW_inst3-kopie-178x100.jpg 178w, https:\/\/www.thermannpro.cz\/wp-content\/uploads\/2024\/10\/Reverso-HW_inst3-kopie-142x80.jpg 142w, https:\/\/www.thermannpro.cz\/wp-content\/uploads\/2024\/10\/Reverso-HW_inst3-kopie-394x222.jpg 394w, https:\/\/www.thermannpro.cz\/wp-content\/uploads\/2024\/10\/Reverso-HW_inst3-kopie-915x515.jpg 915w\" sizes=\"(max-width: 960px) 100vw, 960px\" \/>\t\t\t\t\t\t\t\t\t\t\t\t\t\t\t<\/div>\n\t\t\t\t<\/div>\n\t\t\t\t<div class=\"elementor-element elementor-element-41ab22f elementor-align-center elementor-mobile-align-center elementor-invisible elementor-widget elementor-widget-button\" data-id=\"41ab22f\" data-element_type=\"widget\" data-settings=\"{&quot;_animation&quot;:&quot;fadeIn&quot;}\" data-widget_type=\"button.default\">\n\t\t\t\t<div class=\"elementor-widget-container\">\n\t\t\t\t\t<div class=\"elementor-button-wrapper\">\n\t\t\t<a class=\"elementor-button elementor-button-link elementor-size-lg\" href=\"\/de\/sortiment\/fancoily\/nastenne-fancoily\/\">\n\t\t\t\t\t\t<span class=\"elementor-button-content-wrapper\">\n\t\t\t\t\t\t<span class=\"elementor-button-text\">N\u00e1st\u011bnn\u00e9 fancoily<\/span>\n\t\t<\/span>\n\t\t\t\t\t<\/a>\n\t\t<\/div>\n\t\t\t\t<\/div>\n\t\t\t\t<\/div>\n\t\t\t\t\t<\/div>\n\t\t<\/div>\n\t\t\t\t<div class=\"elementor-column elementor-col-33 elementor-top-column elementor-element elementor-element-ab89877\" data-id=\"ab89877\" data-element_type=\"column\">\n\t\t\t<div class=\"elementor-widget-wrap elementor-element-populated\">\n\t\t\t\t\t\t\t\t<div class=\"elementor-element elementor-element-f578148 elementor-widget elementor-widget-image\" data-id=\"f578148\" data-element_type=\"widget\" data-widget_type=\"image.default\">\n\t\t\t\t<div class=\"elementor-widget-container\">\n\t\t\t\t\t\t\t\t\t\t\t\t\t\t\t<img decoding=\"async\" width=\"1024\" height=\"682\" data-src=\"https:\/\/www.thermannpro.cz\/wp-content\/uploads\/2024\/10\/Reverso-FS_installation8-kopie-1024x682.jpg\" class=\"attachment-large size-large wp-image-2584 lazyload\" alt=\"\" data-srcset=\"https:\/\/www.thermannpro.cz\/wp-content\/uploads\/2024\/10\/Reverso-FS_installation8-kopie-1024x682.jpg 1024w, https:\/\/www.thermannpro.cz\/wp-content\/uploads\/2024\/10\/Reverso-FS_installation8-kopie-300x200.jpg 300w, https:\/\/www.thermannpro.cz\/wp-content\/uploads\/2024\/10\/Reverso-FS_installation8-kopie-768x512.jpg 768w, https:\/\/www.thermannpro.cz\/wp-content\/uploads\/2024\/10\/Reverso-FS_installation8-kopie-150x100.jpg 150w, https:\/\/www.thermannpro.cz\/wp-content\/uploads\/2024\/10\/Reverso-FS_installation8-kopie-120x80.jpg 120w, https:\/\/www.thermannpro.cz\/wp-content\/uploads\/2024\/10\/Reverso-FS_installation8-kopie-394x263.jpg 394w, https:\/\/www.thermannpro.cz\/wp-content\/uploads\/2024\/10\/Reverso-FS_installation8-kopie-915x610.jpg 915w, https:\/\/www.thermannpro.cz\/wp-content\/uploads\/2024\/10\/Reverso-FS_installation8-kopie-1240x826.jpg 1240w, https:\/\/www.thermannpro.cz\/wp-content\/uploads\/2024\/10\/Reverso-FS_installation8-kopie.jpg 1535w\" data-sizes=\"(max-width: 1024px) 100vw, 1024px\" src=\"data:image\/svg+xml;base64,PHN2ZyB3aWR0aD0iMSIgaGVpZ2h0PSIxIiB4bWxucz0iaHR0cDovL3d3dy53My5vcmcvMjAwMC9zdmciPjwvc3ZnPg==\" style=\"--smush-placeholder-width: 1024px; --smush-placeholder-aspect-ratio: 1024\/682;\" \/>\t\t\t\t\t\t\t\t\t\t\t\t\t\t\t<\/div>\n\t\t\t\t<\/div>\n\t\t\t\t<div class=\"elementor-element elementor-element-360459a elementor-align-center elementor-mobile-align-center elementor-invisible elementor-widget elementor-widget-button\" data-id=\"360459a\" data-element_type=\"widget\" data-settings=\"{&quot;_animation&quot;:&quot;fadeIn&quot;}\" data-widget_type=\"button.default\">\n\t\t\t\t<div class=\"elementor-widget-container\">\n\t\t\t\t\t<div class=\"elementor-button-wrapper\">\n\t\t\t<a class=\"elementor-button elementor-button-link elementor-size-lg\" href=\"\/de\/sortiment\/fancoily\/podlahove-fancoily\/\">\n\t\t\t\t\t\t<span class=\"elementor-button-content-wrapper\">\n\t\t\t\t\t\t<span class=\"elementor-button-text\">Spulen f\u00fcr Standventilatoren<\/span>\n\t\t<\/span>\n\t\t\t\t\t<\/a>\n\t\t<\/div>\n\t\t\t\t<\/div>\n\t\t\t\t<\/div>\n\t\t\t\t\t<\/div>\n\t\t<\/div>\n\t\t\t\t<div class=\"elementor-column elementor-col-33 elementor-top-column elementor-element elementor-element-cf21a1b\" data-id=\"cf21a1b\" data-element_type=\"column\">\n\t\t\t<div class=\"elementor-widget-wrap elementor-element-populated\">\n\t\t\t\t\t\t\t\t<div class=\"elementor-element elementor-element-bed977d elementor-widget elementor-widget-image\" data-id=\"bed977d\" data-element_type=\"widget\" data-widget_type=\"image.default\">\n\t\t\t\t<div class=\"elementor-widget-container\">\n\t\t\t\t\t\t\t\t\t\t\t\t\t\t\t<img decoding=\"async\" width=\"169\" height=\"300\" data-src=\"https:\/\/www.thermannpro.cz\/wp-content\/uploads\/2024\/10\/bath-9tif-kopie-169x300.jpg\" class=\"attachment-medium size-medium wp-image-2654 lazyload\" alt=\"\" data-srcset=\"https:\/\/www.thermannpro.cz\/wp-content\/uploads\/2024\/10\/bath-9tif-kopie-169x300.jpg 169w, https:\/\/www.thermannpro.cz\/wp-content\/uploads\/2024\/10\/bath-9tif-kopie-576x1024.jpg 576w, https:\/\/www.thermannpro.cz\/wp-content\/uploads\/2024\/10\/bath-9tif-kopie-768x1365.jpg 768w, https:\/\/www.thermannpro.cz\/wp-content\/uploads\/2024\/10\/bath-9tif-kopie-864x1536.jpg 864w, https:\/\/www.thermannpro.cz\/wp-content\/uploads\/2024\/10\/bath-9tif-kopie-56x100.jpg 56w, https:\/\/www.thermannpro.cz\/wp-content\/uploads\/2024\/10\/bath-9tif-kopie-45x80.jpg 45w, https:\/\/www.thermannpro.cz\/wp-content\/uploads\/2024\/10\/bath-9tif-kopie-170x303.jpg 170w, https:\/\/www.thermannpro.cz\/wp-content\/uploads\/2024\/10\/bath-9tif-kopie-394x700.jpg 394w, https:\/\/www.thermannpro.cz\/wp-content\/uploads\/2024\/10\/bath-9tif-kopie-534x950.jpg 534w, https:\/\/www.thermannpro.cz\/wp-content\/uploads\/2024\/10\/bath-9tif-kopie-608x1080.jpg 608w, https:\/\/www.thermannpro.cz\/wp-content\/uploads\/2024\/10\/bath-9tif-kopie.jpg 1080w\" data-sizes=\"(max-width: 169px) 100vw, 169px\" src=\"data:image\/svg+xml;base64,PHN2ZyB3aWR0aD0iMSIgaGVpZ2h0PSIxIiB4bWxucz0iaHR0cDovL3d3dy53My5vcmcvMjAwMC9zdmciPjwvc3ZnPg==\" style=\"--smush-placeholder-width: 169px; --smush-placeholder-aspect-ratio: 169\/300;\" \/>\t\t\t\t\t\t\t\t\t\t\t\t\t\t\t<\/div>\n\t\t\t\t<\/div>\n\t\t\t\t<div class=\"elementor-element elementor-element-400a306 elementor-align-center elementor-mobile-align-center elementor-invisible elementor-widget elementor-widget-button\" data-id=\"400a306\" data-element_type=\"widget\" data-settings=\"{&quot;_animation&quot;:&quot;fadeIn&quot;}\" data-widget_type=\"button.default\">\n\t\t\t\t<div class=\"elementor-widget-container\">\n\t\t\t\t\t<div class=\"elementor-button-wrapper\">\n\t\t\t<a class=\"elementor-button elementor-button-link elementor-size-lg\" href=\"\/de\/sortiment\/fancoily\/koupelnove-fancoily\/\">\n\t\t\t\t\t\t<span class=\"elementor-button-content-wrapper\">\n\t\t\t\t\t\t<span class=\"elementor-button-text\">Badezimmer-Gebl\u00e4sekonvektoren<\/span>\n\t\t<\/span>\n\t\t\t\t\t<\/a>\n\t\t<\/div>\n\t\t\t\t<\/div>\n\t\t\t\t<\/div>\n\t\t\t\t\t<\/div>\n\t\t<\/div>\n\t\t\t\t\t\t\t<\/div>\n\t\t<\/section>\n\t\t\t\t<section class=\"elementor-section elementor-top-section elementor-element elementor-element-34aa2eb elementor-section-boxed elementor-section-height-default elementor-section-height-default wpr-equal-height-no\" data-id=\"34aa2eb\" data-element_type=\"section\">\n\t\t\t\t\t\t<div class=\"elementor-container elementor-column-gap-default\">\n\t\t\t\t\t<div class=\"elementor-column elementor-col-100 elementor-top-column elementor-element elementor-element-cc949bb\" data-id=\"cc949bb\" data-element_type=\"column\">\n\t\t\t<div class=\"elementor-widget-wrap elementor-element-populated\">\n\t\t\t\t\t\t\t\t<div class=\"elementor-element elementor-element-922b120 elementor-widget elementor-widget-image\" data-id=\"922b120\" data-element_type=\"widget\" data-widget_type=\"image.default\">\n\t\t\t\t<div class=\"elementor-widget-container\">\n\t\t\t\t\t\t\t\t\t\t\t\t\t\t\t<img decoding=\"async\" width=\"1024\" height=\"1024\" data-src=\"https:\/\/www.thermannpro.cz\/wp-content\/uploads\/2024\/10\/vypousteci-cerpadlo.png\" class=\"attachment-large size-large wp-image-2593 lazyload\" alt=\"\" data-srcset=\"https:\/\/www.thermannpro.cz\/wp-content\/uploads\/2024\/10\/vypousteci-cerpadlo.png 1024w, https:\/\/www.thermannpro.cz\/wp-content\/uploads\/2024\/10\/vypousteci-cerpadlo-300x300.png 300w, https:\/\/www.thermannpro.cz\/wp-content\/uploads\/2024\/10\/vypousteci-cerpadlo-150x150.png 150w, https:\/\/www.thermannpro.cz\/wp-content\/uploads\/2024\/10\/vypousteci-cerpadlo-768x768.png 768w, https:\/\/www.thermannpro.cz\/wp-content\/uploads\/2024\/10\/vypousteci-cerpadlo-100x100.png 100w, https:\/\/www.thermannpro.cz\/wp-content\/uploads\/2024\/10\/vypousteci-cerpadlo-80x80.png 80w, https:\/\/www.thermannpro.cz\/wp-content\/uploads\/2024\/10\/vypousteci-cerpadlo-394x394.png 394w, https:\/\/www.thermannpro.cz\/wp-content\/uploads\/2024\/10\/vypousteci-cerpadlo-303x303.png 303w, https:\/\/www.thermannpro.cz\/wp-content\/uploads\/2024\/10\/vypousteci-cerpadlo-605x605.png 605w, https:\/\/www.thermannpro.cz\/wp-content\/uploads\/2024\/10\/vypousteci-cerpadlo-700x700.png 700w, https:\/\/www.thermannpro.cz\/wp-content\/uploads\/2024\/10\/vypousteci-cerpadlo-950x950.png 950w\" data-sizes=\"(max-width: 1024px) 100vw, 1024px\" src=\"data:image\/svg+xml;base64,PHN2ZyB3aWR0aD0iMSIgaGVpZ2h0PSIxIiB4bWxucz0iaHR0cDovL3d3dy53My5vcmcvMjAwMC9zdmciPjwvc3ZnPg==\" style=\"--smush-placeholder-width: 1024px; --smush-placeholder-aspect-ratio: 1024\/1024;\" \/>\t\t\t\t\t\t\t\t\t\t\t\t\t\t\t<\/div>\n\t\t\t\t<\/div>\n\t\t\t\t<div class=\"elementor-element elementor-element-c1bb2b3 elementor-align-center elementor-mobile-align-center elementor-invisible elementor-widget elementor-widget-button\" data-id=\"c1bb2b3\" data-element_type=\"widget\" data-settings=\"{&quot;_animation&quot;:&quot;fadeIn&quot;}\" data-widget_type=\"button.default\">\n\t\t\t\t<div class=\"elementor-widget-container\">\n\t\t\t\t\t<div class=\"elementor-button-wrapper\">\n\t\t\t<a class=\"elementor-button elementor-button-link elementor-size-lg\" href=\"https:\/\/thermannpro.t3.upgates.shop\/prislusenstvi-k-fancoilum\" target=\"_blank\">\n\t\t\t\t\t\t<span class=\"elementor-button-content-wrapper\">\n\t\t\t\t\t\t<span class=\"elementor-button-text\">P\u0159\u00edslu\u0161enstv\u00ed<\/span>\n\t\t<\/span>\n\t\t\t\t\t<\/a>\n\t\t<\/div>\n\t\t\t\t<\/div>\n\t\t\t\t<\/div>\n\t\t\t\t\t<\/div>\n\t\t<\/div>\n\t\t\t\t\t\t\t<\/div>\n\t\t<\/section>\n\t\t\t\t\t\t\t<\/div>","protected":false},"excerpt":{"rendered":"<p>Fancoily Co jsou fan coily? Fan coily jsou za\u0159\u00edzen\u00ed navr\u017een\u00e1 pro distribuci tepla nebo chladu v obytn\u00fdch prostorech pro zaji\u0161t\u011bn\u00ed optim\u00e1ln\u00ed tepeln\u00e9 pohody. Hlavn\u00edmi sou\u010d\u00e1stmi tohoto za\u0159\u00edzen\u00ed jsou ventil\u00e1tor (Fan) a tepeln\u00fd v\u00fdm\u011bn\u00edk (Coil). Na rozd\u00edl od klimatizac\u00ed, kde chladic\u00ed &hellip; <a href=\"https:\/\/www.thermannpro.cz\/de\/sortiment\/fancoily\/\">Mehr lesen<\/a><\/p>","protected":false},"author":3,"featured_media":0,"parent":777,"menu_order":0,"comment_status":"closed","ping_status":"closed","template":"","meta":{"footnotes":""},"class_list":["post-2578","page","type-page","status-publish","hentry"],"_links":{"self":[{"href":"https:\/\/www.thermannpro.cz\/de\/wp-json\/wp\/v2\/pages\/2578","targetHints":{"allow":["GET"]}}],"collection":[{"href":"https:\/\/www.thermannpro.cz\/de\/wp-json\/wp\/v2\/pages"}],"about":[{"href":"https:\/\/www.thermannpro.cz\/de\/wp-json\/wp\/v2\/types\/page"}],"author":[{"embeddable":true,"href":"https:\/\/www.thermannpro.cz\/de\/wp-json\/wp\/v2\/users\/3"}],"replies":[{"embeddable":true,"href":"https:\/\/www.thermannpro.cz\/de\/wp-json\/wp\/v2\/comments?post=2578"}],"version-history":[{"count":40,"href":"https:\/\/www.thermannpro.cz\/de\/wp-json\/wp\/v2\/pages\/2578\/revisions"}],"predecessor-version":[{"id":2686,"href":"https:\/\/www.thermannpro.cz\/de\/wp-json\/wp\/v2\/pages\/2578\/revisions\/2686"}],"up":[{"embeddable":true,"href":"https:\/\/www.thermannpro.cz\/de\/wp-json\/wp\/v2\/pages\/777"}],"wp:attachment":[{"href":"https:\/\/www.thermannpro.cz\/de\/wp-json\/wp\/v2\/media?parent=2578"}],"curies":[{"name":"wp","href":"https:\/\/api.w.org\/{rel}","templated":true}]}}