{"id":2782,"date":"2024-11-19T18:19:38","date_gmt":"2024-11-19T17:19:38","guid":{"rendered":"https:\/\/www.thermannpro.cz\/?page_id=2782"},"modified":"2024-11-19T18:21:09","modified_gmt":"2024-11-19T17:21:09","slug":"registrace-prodlouzene-zaruky","status":"publish","type":"page","link":"https:\/\/www.thermannpro.cz\/de\/registrace-prodlouzene-zaruky\/","title":{"rendered":"Erweiterte Garantieregistrierung"},"content":{"rendered":"\t\t<div data-elementor-type=\"wp-page\" data-elementor-id=\"2782\" class=\"elementor elementor-2782\">\n\t\t\t\t\t\t\t\t\t<section class=\"elementor-section elementor-top-section elementor-element elementor-element-5464f510 elementor-section-boxed elementor-section-height-default elementor-section-height-default wpr-equal-height-no\" data-id=\"5464f510\" data-element_type=\"section\">\n\t\t\t\t\t\t<div class=\"elementor-container elementor-column-gap-default\">\n\t\t\t\t\t<div class=\"elementor-column elementor-col-100 elementor-top-column elementor-element elementor-element-6511b615\" data-id=\"6511b615\" data-element_type=\"column\" data-settings=\"{&quot;background_background&quot;:&quot;classic&quot;}\">\n\t\t\t<div class=\"elementor-widget-wrap elementor-element-populated\">\n\t\t\t\t\t<div class=\"elementor-background-overlay\"><\/div>\n\t\t\t\t\t\t\t\t<div class=\"elementor-element elementor-element-c83fbde elementor-invisible elementor-widget elementor-widget-heading\" data-id=\"c83fbde\" data-element_type=\"widget\" data-settings=\"{&quot;_animation&quot;:&quot;fadeInDown&quot;,&quot;_animation_delay&quot;:&quot;100&quot;}\" data-widget_type=\"heading.default\">\n\t\t\t\t<div class=\"elementor-widget-container\">\n\t\t\t<h1 class=\"elementor-heading-title elementor-size-default\">Registrace<\/h1>\t\t<\/div>\n\t\t\t\t<\/div>\n\t\t\t\t\t<\/div>\n\t\t<\/div>\n\t\t\t\t\t\t\t<\/div>\n\t\t<\/section>\n\t\t\t\t<section class=\"elementor-section elementor-top-section elementor-element elementor-element-4bc7ac2 elementor-section-boxed elementor-section-height-default elementor-section-height-default wpr-equal-height-no\" data-id=\"4bc7ac2\" data-element_type=\"section\">\n\t\t\t\t\t\t<div class=\"elementor-container elementor-column-gap-default\">\n\t\t\t\t\t<div class=\"elementor-column elementor-col-100 elementor-top-column elementor-element elementor-element-c04f2bc\" data-id=\"c04f2bc\" data-element_type=\"column\">\n\t\t\t<div class=\"elementor-widget-wrap elementor-element-populated\">\n\t\t\t\t\t\t\t\t<div class=\"elementor-element elementor-element-9bffac8 elementor-invisible elementor-widget elementor-widget-heading\" data-id=\"9bffac8\" data-element_type=\"widget\" data-settings=\"{&quot;_animation&quot;:&quot;fadeIn&quot;}\" data-widget_type=\"heading.default\">\n\t\t\t\t<div class=\"elementor-widget-container\">\n\t\t\t<h2 class=\"elementor-heading-title elementor-size-default\">Registrace prodlou\u017een\u00e9 z\u00e1ruky<\/h2>\t\t<\/div>\n\t\t\t\t<\/div>\n\t\t\t\t<div class=\"elementor-element elementor-element-654aa92 elementor-widget elementor-widget-formidable\" data-id=\"654aa92\" data-element_type=\"widget\" data-widget_type=\"formidable.default\">\n\t\t\t\t<div class=\"elementor-widget-container\">\n\t\t\t<div class=\"frm_forms  with_frm_style frm_style_formidable-style\" id=\"frm_form_17_container\" data-token=\"ef472c7fc77a7b85c83ffd01e049d3b8\">\n<form enctype=\"multipart\/form-data\" method=\"post\" class=\"frm-show-form \" id=\"form_registrace-prodlouzena-zaruka\" data-token=\"ef472c7fc77a7b85c83ffd01e049d3b8\">\n<div class=\"frm_form_fields \">\n<fieldset>\n<legend class=\"frm_screen_reader\">Registrace prodlouzena zaruka<\/legend>\r\n\r\n<div class=\"frm_fields_container\">\n<input type=\"hidden\" name=\"frm_action\" value=\"create\" \/>\n<input type=\"hidden\" name=\"form_id\" value=\"17\" \/>\n<input type=\"hidden\" name=\"frm_hide_fields_17\" id=\"frm_hide_fields_17\" value=\"\" \/>\n<input type=\"hidden\" name=\"form_key\" value=\"registrace-prodlouzena-zaruka\" \/>\n<input type=\"hidden\" name=\"item_meta[0]\" value=\"\" \/>\n<input type=\"hidden\" id=\"frm_submit_entry_17\" name=\"frm_submit_entry_17\" value=\"4e5a0c9b5c\" \/><input type=\"hidden\" name=\"_wp_http_referer\" value=\"\/de\/wp-json\/wp\/v2\/pages\/2782\" \/><div id=\"frm_field_97_container\" class=\"frm_form_field form-field  frm_required_field frm_top_container\">\r\n    <label for=\"field_n76sy54\" id=\"field_n76sy54_label\" class=\"frm_primary_label\">Jm\u00e9no a p\u0159\u00edjmen\u00ed z\u00e1kazn\u00edka (firma)\r\n        <span class=\"frm_required\" aria-hidden=\"true\">*<\/span>\r\n    <\/label>\r\n    <input type=\"text\" id=\"field_n76sy54\" name=\"item_meta[97]\" value=\"\"  data-reqmsg=\"Pros\u00edm vypl\u0148te jm\u00e9no\" aria-required=\"true\" data-invmsg=\"Text is invalid\" aria-invalid=\"false\"  \/>\r\n    \r\n    \r\n<\/div>\n<div id=\"frm_field_98_container\" class=\"frm_form_field form-field  frm_required_field frm_top_container\">\r\n    <label for=\"field_bdldg5\" id=\"field_bdldg5_label\" class=\"frm_primary_label\">Adresa (ulice, \u010d\u00edslo popisn\u00e9, m\u011bsto, PS\u010c)\r\n        <span class=\"frm_required\" aria-hidden=\"true\">*<\/span>\r\n    <\/label>\r\n    <input type=\"text\" id=\"field_bdldg5\" name=\"item_meta[98]\" value=\"\"  data-reqmsg=\"Pros\u00edm vypl\u0148te jm\u00e9no\" aria-required=\"true\" data-invmsg=\"Text is invalid\" aria-invalid=\"false\"  \/>\r\n    \r\n    \r\n<\/div>\n<div id=\"frm_field_101_container\" class=\"frm_form_field form-field  frm_required_field frm_top_container\">\r\n    <label for=\"field_3n64u54\" id=\"field_3n64u54_label\" class=\"frm_primary_label\">Mobil\r\n        <span class=\"frm_required\" aria-hidden=\"true\">*<\/span>\r\n    <\/label>\r\n    <input type=\"tel\" id=\"field_3n64u54\" name=\"item_meta[101]\" value=\"\"  data-reqmsg=\"Pros\u00edm vypl\u0148te mobil\" aria-required=\"true\" data-invmsg=\"Mobil je ve \u0161patn\u00e9m form\u00e1tu\" aria-invalid=\"false\" pattern=\"((\\+\\d{1,3}(-|.| )?\\(?\\d\\)?(-| |.)?\\d{1,5})|(\\(?\\d{2,6}\\)?))(-|.| )?(\\d{3,4})(-|.| )?(\\d{4})(( x| ext)\\d{1,5}){0,1}$\"  \/>\r\n    \r\n    \r\n<\/div>\n<div id=\"frm_field_100_container\" class=\"frm_form_field form-field  frm_required_field frm_top_container\">\r\n    <label for=\"field_bv8pt54\" id=\"field_bv8pt54_label\" class=\"frm_primary_label\">Email\r\n        <span class=\"frm_required\" aria-hidden=\"true\">*<\/span>\r\n    <\/label>\r\n    <input type=\"email\" id=\"field_bv8pt54\" name=\"item_meta[100]\" value=\"\"  data-reqmsg=\"Pros\u00edm vypl\u0148te email\" aria-required=\"true\" data-invmsg=\"Email je ve \u0161patn\u00e9m form\u00e1tu\" aria-invalid=\"false\"  \/>\r\n    \r\n    \r\n<\/div>\n<div id=\"frm_field_103_container\" class=\"frm_form_field form-field  frm_required_field frm_top_container\">\r\n\t<label for=\"field_whrka\" id=\"field_whrka_label\" class=\"frm_primary_label\">Model tepeln\u00e9ho \u010derpadla\r\n\t\t<span class=\"frm_required\" aria-hidden=\"true\">*<\/span>\r\n\t<\/label>\r\n\t<input type=\"text\" id=\"field_whrka\" name=\"item_meta[103]\" value=\"\"  data-reqmsg=\"Pole mus\u00ed b\u00fdt vypln\u011bn\u00e9.\" aria-required=\"true\" data-invmsg=\"Model tepeln\u00e9ho \u010derpadla is invalid\" aria-invalid=\"false\"  \/>\r\n\t\r\n\t\r\n<\/div>\n<div id=\"frm_field_104_container\" class=\"frm_form_field form-field  frm_required_field frm_top_container\">\r\n\t<label for=\"field_j8xo8\" id=\"field_j8xo8_label\" class=\"frm_primary_label\">V\u00fdrobn\u00ed\/ s\u00e9riov\u00e9 \u010d\u00edslo tepeln\u00e9ho \u010derpadla\r\n\t\t<span class=\"frm_required\" aria-hidden=\"true\">*<\/span>\r\n\t<\/label>\r\n\t<input type=\"text\" id=\"field_j8xo8\" name=\"item_meta[104]\" value=\"\"  data-reqmsg=\"Pole mus\u00ed b\u00fdt vypln\u011bn\u00e9.\" aria-required=\"true\" data-invmsg=\"V\u00fdrobn\u00ed\/ s\u00e9riov\u00e9 \u010d\u00edslo tepeln\u00e9ho \u010derpadla is invalid\" aria-invalid=\"false\"  \/>\r\n\t\r\n\t\r\n<\/div>\n<div id=\"frm_field_107_container\" class=\"frm_form_field form-field  frm_required_field frm_top_container\">\r\n\t<label for=\"field_bn1gt\" id=\"field_bn1gt_label\" class=\"frm_primary_label\">Datum n\u00e1kupu\r\n\t\t<span class=\"frm_required\" aria-hidden=\"true\">*<\/span>\r\n\t<\/label>\r\n\t<input type=\"text\" id=\"field_bn1gt\" name=\"item_meta[107]\" value=\"\"  data-reqmsg=\"Pole mus\u00ed b\u00fdt vypln\u011bn\u00e9.\" aria-required=\"true\" data-invmsg=\"Datum n\u00e1kupu is invalid\" aria-invalid=\"false\"  \/>\r\n\t\r\n\t\r\n<\/div>\n<div id=\"frm_field_108_container\" class=\"frm_form_field form-field  frm_top_container frm6 frm_first\">\r\n\t<label for=\"field_e1nt8\" id=\"field_e1nt8_label\" class=\"frm_primary_label\">N\u00e1kupn\u00ed cena produktu\r\n\t\t<span class=\"frm_required\" aria-hidden=\"true\"><\/span>\r\n\t<\/label>\r\n\t<input type=\"text\" id=\"field_e1nt8\" name=\"item_meta[108]\" value=\"\"  data-invmsg=\"N\u00e1kupn\u00ed cena produktu is invalid\" aria-invalid=\"false\"  \/>\r\n\t\r\n\t\r\n<\/div>\n<div id=\"frm_field_109_container\" class=\"frm_form_field form-field  frm_top_container frm6\">\r\n\t<label for=\"field_wldfd\" id=\"field_wldfd_label\" class=\"frm_primary_label\">Datum instalace tepeln\u00e9ho \u010derpadla\r\n\t\t<span class=\"frm_required\" aria-hidden=\"true\"><\/span>\r\n\t<\/label>\r\n\t<input type=\"text\" id=\"field_wldfd\" name=\"item_meta[109]\" value=\"\"  data-invmsg=\"Datum instalace tepeln\u00e9ho \u010derpadla is invalid\" aria-invalid=\"false\"  \/>\r\n\t\r\n\t\r\n<\/div>\n<div id=\"frm_field_96_container\" class=\"frm_form_field form-field  frm_required_field frm_top_container vertical_radio\">\r\n    <div  id=\"field_ozab72_label\" class=\"frm_primary_label\">Typ (d\u00e9lka) prodlou\u017een\u00e9 z\u00e1ruky\r\n        <span class=\"frm_required\" aria-hidden=\"true\">*<\/span>\r\n    <\/div>\r\n    <div class=\"frm_opt_container\" aria-labelledby=\"field_ozab72_label\" role=\"radiogroup\" aria-required=\"true\">\t\t<div class=\"frm_radio\" id=\"frm_radio_96-0\">\t\t\t<label  for=\"field_ozab72-0\">\n\t\t\t\t\t<input type=\"radio\" name=\"item_meta[96]\" id=\"field_ozab72-0\" value=\"Z\u00e1ruka SILVER 5 let\"\n\t\t data-reqmsg=\"Pole mus\u00ed b\u00fdt vypln\u011bn\u00e9.\" data-invmsg=\"Typ (d\u00e9lka) prodlou\u017een\u00e9 z\u00e1ruky ist ung\u00fcltig\"   \/> Z\u00e1ruka SILVER 5 let<\/label><\/div>\n\t\t<div class=\"frm_radio\" id=\"frm_radio_96-1\">\t\t\t<label  for=\"field_ozab72-1\">\n\t\t\t\t\t<input type=\"radio\" name=\"item_meta[96]\" id=\"field_ozab72-1\" value=\"Z\u00e1ruka GOLD 10 let\"\n\t\t data-reqmsg=\"Pole mus\u00ed b\u00fdt vypln\u011bn\u00e9.\" data-invmsg=\"Typ (d\u00e9lka) prodlou\u017een\u00e9 z\u00e1ruky ist ung\u00fcltig\"   \/> Z\u00e1ruka GOLD 10 let<\/label><\/div>\n<\/div>\r\n    \r\n    \r\n<\/div>\n<div id=\"frm_field_110_container\" class=\"frm_form_field form-field  frm_required_field frm_top_container\">\r\n\t<label for=\"field_pbfei\" id=\"field_pbfei_label\" class=\"frm_primary_label\">Datum po\u010d\u00e1tku prodlou\u017een\u00e9 z\u00e1ruky\r\n\t\t<span class=\"frm_required\" aria-hidden=\"true\">*<\/span>\r\n\t<\/label>\r\n\t<input type=\"text\" id=\"field_pbfei\" name=\"item_meta[110]\" value=\"\"  data-reqmsg=\"Pole mus\u00ed b\u00fdt vypln\u011bn\u00e9.\" aria-required=\"true\" data-invmsg=\"Datum po\u010d\u00e1tku prodlou\u017een\u00e9 z\u00e1ruky is invalid\" aria-invalid=\"false\"   aria-describedby=\"frm_desc_field_pbfei\"\/>\r\n\t<div class=\"frm_description\" id=\"frm_desc_field_pbfei\">Z\u00e1kazn\u00edk bere na v\u011bdom\u00ed, \u017ee Prod\u00e1vaj\u00edc\u00ed, jako\u017eto spr\u00e1vce osobn\u00edch \u00fadaj\u016f, je opr\u00e1vn\u011bn zpracov\u00e1vat osobn\u00ed \u00fadaje Z\u00e1kazn\u00edka v rozsahu \u00fadaj\u016f\r\nuveden\u00fdch v registra\u010dn\u00edm formul\u00e1\u0159i Prodlou\u017een\u00e9 z\u00e1ruky pro \u00fa\u010dely prodlou\u017een\u00e9 z\u00e1ruky za jakost a pro \u00fa\u010dely pln\u011bn\u00ed smlouvy. Osobn\u00ed \u00fadaje Z\u00e1kazn\u00edka jsou uchov\u00e1v\u00e1ny po dobu trv\u00e1n\u00ed smluvn\u00edho vztahu a 5 let pot\u00e9. Bli\u017e\u0161\u00ed informace o pr\u00e1vech a zpracov\u00e1n\u00ed osobn\u00edch \u00fadaj\u016f Z\u00e1kazn\u00edka jsou\r\nuvedeny v Smluvn\u00edch podm\u00ednk\u00e1ch Prodlou\u017een\u00e9 z\u00e1ruky (\u201ePodm\u00ednky\u201c) a v Z\u00e1sad\u00e1ch ochrany osobn\u00edch \u00fadaj\u016f (\u201eZ\u00e1sady\u201c), dostupn\u00fdch na webov\u00fdch str\u00e1nk\u00e1ch Prod\u00e1vaj\u00edc\u00edho. Odesl\u00e1n\u00edm formul\u00e1\u0159e Z\u00e1kazn\u00edk stvrzuje, \u017ee se sezn\u00e1mil s Podm\u00ednkami a Z\u00e1sadami a bez v\u00fdhrad s nimi souhlas\u00ed.<\/div>\r\n\t\r\n<\/div>\n<div id=\"frm_field_102_container\" class=\"frm_form_field form-field \">\r\n\t<div class=\"frm_submit\">\r\n\r\n<button class=\"frm_button_submit\" type=\"submit\"  >Registrovat<\/button>\r\n\r\n\r\n<\/div>\r\n<\/div>\n\t<input type=\"hidden\" name=\"item_key\" value=\"\" \/>\n\t\t\t<div id=\"frm_field_115_container\">\n\t\t\t<label for=\"field_5ehul\" >\n\t\t\t\tFalls Du menschlich bist, lasse dieses Feld leer.\t\t\t<\/label>\n\t\t\t<input  id=\"field_5ehul\" type=\"text\" class=\"frm_form_field form-field frm_verify\" name=\"item_meta[115]\" value=\"\"  \/>\n\t\t<\/div>\n\t\t<input name=\"frm_state\" type=\"hidden\" value=\"Fu0dPSP+OvBpqeoGaKMtFHIvVm\/D2MFDGXQI8Zd\/16E=\" \/><\/div>\n<\/fieldset>\n<\/div>\n\n<\/form>\n<\/div>\n\t\t<\/div>\n\t\t\t\t<\/div>\n\t\t\t\t\t<\/div>\n\t\t<\/div>\n\t\t\t\t\t\t\t<\/div>\n\t\t<\/section>\n\t\t\t\t\t\t\t<\/div>\n\t\t","protected":false},"excerpt":{"rendered":"<p>Registrace Registrace prodlou\u017een\u00e9 z\u00e1ruky Registrace prodlouzena zaruka Jm\u00e9no a p\u0159\u00edjmen\u00ed z\u00e1kazn\u00edka (firma) * Adresa (ulice, \u010d\u00edslo popisn\u00e9, m\u011bsto, PS\u010c) * Mobil * Email * Model tepeln\u00e9ho \u010derpadla * V\u00fdrobn\u00ed\/ s\u00e9riov\u00e9 \u010d\u00edslo tepeln\u00e9ho \u010derpadla * Datum n\u00e1kupu * N\u00e1kupn\u00ed cena produktu &hellip; <a href=\"https:\/\/www.thermannpro.cz\/de\/registrace-prodlouzene-zaruky\/\">Mehr lesen<\/a><\/p>","protected":false},"author":3,"featured_media":0,"parent":0,"menu_order":0,"comment_status":"closed","ping_status":"closed","template":"","meta":{"footnotes":""},"class_list":["post-2782","page","type-page","status-publish","hentry"],"_links":{"self":[{"href":"https:\/\/www.thermannpro.cz\/de\/wp-json\/wp\/v2\/pages\/2782","targetHints":{"allow":["GET"]}}],"collection":[{"href":"https:\/\/www.thermannpro.cz\/de\/wp-json\/wp\/v2\/pages"}],"about":[{"href":"https:\/\/www.thermannpro.cz\/de\/wp-json\/wp\/v2\/types\/page"}],"author":[{"embeddable":true,"href":"https:\/\/www.thermannpro.cz\/de\/wp-json\/wp\/v2\/users\/3"}],"replies":[{"embeddable":true,"href":"https:\/\/www.thermannpro.cz\/de\/wp-json\/wp\/v2\/comments?post=2782"}],"version-history":[{"count":4,"href":"https:\/\/www.thermannpro.cz\/de\/wp-json\/wp\/v2\/pages\/2782\/revisions"}],"predecessor-version":[{"id":2786,"href":"https:\/\/www.thermannpro.cz\/de\/wp-json\/wp\/v2\/pages\/2782\/revisions\/2786"}],"wp:attachment":[{"href":"https:\/\/www.thermannpro.cz\/de\/wp-json\/wp\/v2\/media?parent=2782"}],"curies":[{"name":"wp","href":"https:\/\/api.w.org\/{rel}","templated":true}]}}