{"id":2806,"date":"2024-12-12T17:31:01","date_gmt":"2024-12-12T16:31:01","guid":{"rendered":"https:\/\/www.thermannpro.cz\/?page_id=2806"},"modified":"2025-03-19T12:28:40","modified_gmt":"2025-03-19T11:28:40","slug":"loxone","status":"publish","type":"page","link":"https:\/\/www.thermannpro.cz\/de\/loxone\/","title":{"rendered":"LOXONE"},"content":{"rendered":"<div data-elementor-type=\"wp-page\" data-elementor-id=\"2806\" class=\"elementor elementor-2806\">\n\t\t\t\t\t\t\t\t\t<section class=\"elementor-section elementor-top-section elementor-element elementor-element-5464f510 elementor-section-boxed elementor-section-height-default elementor-section-height-default wpr-equal-height-no\" data-id=\"5464f510\" data-element_type=\"section\">\n\t\t\t\t\t\t<div class=\"elementor-container elementor-column-gap-default\">\n\t\t\t\t\t<div class=\"elementor-column elementor-col-100 elementor-top-column elementor-element elementor-element-6511b615\" data-id=\"6511b615\" data-element_type=\"column\" data-settings=\"{&quot;background_background&quot;:&quot;classic&quot;}\">\n\t\t\t<div class=\"elementor-widget-wrap elementor-element-populated\">\n\t\t\t\t\t<div class=\"elementor-background-overlay\"><\/div>\n\t\t\t\t\t\t\t\t<div class=\"elementor-element elementor-element-c83fbde elementor-invisible elementor-widget elementor-widget-heading\" data-id=\"c83fbde\" data-element_type=\"widget\" data-settings=\"{&quot;_animation&quot;:&quot;fadeInDown&quot;,&quot;_animation_delay&quot;:&quot;100&quot;}\" data-widget_type=\"heading.default\">\n\t\t\t\t<div class=\"elementor-widget-container\">\n\t\t\t<h1 class=\"elementor-heading-title elementor-size-default\">Loxon<\/h1>\t\t<\/div>\n\t\t\t\t<\/div>\n\t\t\t\t\t<\/div>\n\t\t<\/div>\n\t\t\t\t\t\t\t<\/div>\n\t\t<\/section>\n\t\t\t\t<section class=\"elementor-section elementor-top-section elementor-element elementor-element-4bc7ac2 elementor-section-boxed elementor-section-height-default elementor-section-height-default wpr-equal-height-no\" data-id=\"4bc7ac2\" data-element_type=\"section\">\n\t\t\t\t\t\t<div class=\"elementor-container elementor-column-gap-default\">\n\t\t\t\t\t<div class=\"elementor-column elementor-col-100 elementor-top-column elementor-element elementor-element-c04f2bc\" data-id=\"c04f2bc\" data-element_type=\"column\">\n\t\t\t<div class=\"elementor-widget-wrap elementor-element-populated\">\n\t\t\t\t\t\t\t\t<div class=\"elementor-element elementor-element-68c021c elementor-invisible elementor-widget elementor-widget-heading\" data-id=\"68c021c\" data-element_type=\"widget\" data-settings=\"{&quot;_animation&quot;:&quot;fadeIn&quot;}\" data-widget_type=\"heading.default\">\n\t\t\t\t<div class=\"elementor-widget-container\">\n\t\t\t<h2 class=\"elementor-heading-title elementor-size-default\">Neue und technologisch fortschrittliche W\u00e4rmepumpe<\/h2>\t\t<\/div>\n\t\t\t\t<\/div>\n\t\t\t\t\t<\/div>\n\t\t<\/div>\n\t\t\t\t\t\t\t<\/div>\n\t\t<\/section>\n\t\t\t\t<section class=\"elementor-section elementor-top-section elementor-element elementor-element-72861b6 elementor-section-boxed elementor-section-height-default elementor-section-height-default wpr-equal-height-no\" data-id=\"72861b6\" data-element_type=\"section\">\n\t\t\t\t\t\t<div class=\"elementor-container elementor-column-gap-default\">\n\t\t\t\t\t<div class=\"elementor-column elementor-col-50 elementor-top-column elementor-element elementor-element-2883686\" data-id=\"2883686\" data-element_type=\"column\" data-settings=\"{&quot;background_background&quot;:&quot;classic&quot;}\">\n\t\t\t<div class=\"elementor-widget-wrap elementor-element-populated\">\n\t\t\t\t\t\t\t\t<div class=\"elementor-element elementor-element-7a42e52 elementor-widget elementor-widget-text-editor\" data-id=\"7a42e52\" data-element_type=\"widget\" data-widget_type=\"text-editor.default\">\n\t\t\t\t<div class=\"elementor-widget-container\">\n\t\t\t\t\t\t\t<p>Steuern Sie Ihre Thermann Pro W\u00e4rmepumpe \u00fcber Modbus RTU oder TCP\/IP mit dem Thermann Pro Konverter.<\/p><p><strong>Modbus RTU-Verbindung<\/strong> \u2013 Trennen Sie das Kontrolldisplay und schlie\u00dfen Sie stattdessen die Modbus-Erweiterung Loxone an.<\/p><p>A \u2013 gr\u00fcner Draht, B \u2013 gelber Draht, isolieren Sie den roten und schwarzen Draht getrennt.<\/p><p><strong>Modbus TCP\/IP<\/strong> \u2013 Es muss der Thermann Pro-Konverter bestellt werden, der anstelle des IOT-Moduls an COM2 angeschlossen wird. Zur Einhaltung der Garantiebedingungen muss das IOT-Modul an den Ausgang des Konverters angeschlossen werden.<\/p><p>Dadurch k\u00f6nnen Sie die W\u00e4rmepumpe gleichzeitig mit dem Bediendisplay und dem Loxone steuern.<\/p>\t\t\t\t\t\t<\/div>\n\t\t\t\t<\/div>\n\t\t\t\t\t<\/div>\n\t\t<\/div>\n\t\t\t\t<div class=\"elementor-column elementor-col-50 elementor-top-column elementor-element elementor-element-9c9ac86\" data-id=\"9c9ac86\" data-element_type=\"column\" data-settings=\"{&quot;background_background&quot;:&quot;classic&quot;}\">\n\t\t\t<div class=\"elementor-widget-wrap elementor-element-populated\">\n\t\t\t\t\t\t\t\t<div class=\"elementor-element elementor-element-b4226fb elementor-widget elementor-widget-spacer\" data-id=\"b4226fb\" data-element_type=\"widget\" data-widget_type=\"spacer.default\">\n\t\t\t\t<div class=\"elementor-widget-container\">\n\t\t\t\t\t<div class=\"elementor-spacer\">\n\t\t\t<div class=\"elementor-spacer-inner\"><\/div>\n\t\t<\/div>\n\t\t\t\t<\/div>\n\t\t\t\t<\/div>\n\t\t\t\t\t<\/div>\n\t\t<\/div>\n\t\t\t\t\t\t\t<\/div>\n\t\t<\/section>\n\t\t\t\t<section class=\"elementor-section elementor-top-section elementor-element elementor-element-f2d4a8a elementor-section-boxed elementor-section-height-default elementor-section-height-default wpr-equal-height-no\" data-id=\"f2d4a8a\" data-element_type=\"section\">\n\t\t\t\t\t\t<div class=\"elementor-container elementor-column-gap-default\">\n\t\t\t\t\t<div class=\"elementor-column elementor-col-100 elementor-top-column elementor-element elementor-element-a8ea845\" data-id=\"a8ea845\" data-element_type=\"column\">\n\t\t\t<div class=\"elementor-widget-wrap elementor-element-populated\">\n\t\t\t\t\t\t\t\t<div class=\"elementor-element elementor-element-547fb21 elementor-invisible elementor-widget elementor-widget-heading\" data-id=\"547fb21\" data-element_type=\"widget\" data-settings=\"{&quot;_animation&quot;:&quot;fadeIn&quot;}\" data-widget_type=\"heading.default\">\n\t\t\t\t<div class=\"elementor-widget-container\">\n\t\t\t<h2 class=\"elementor-heading-title elementor-size-default\">Beschreibung der LOXONE-Vorlage<\/h2>\t\t<\/div>\n\t\t\t\t<\/div>\n\t\t\t\t\t<\/div>\n\t\t<\/div>\n\t\t\t\t\t\t\t<\/div>\n\t\t<\/section>\n\t\t\t\t<section class=\"elementor-section elementor-top-section elementor-element elementor-element-251542a elementor-section-boxed elementor-section-height-default elementor-section-height-default wpr-equal-height-no\" data-id=\"251542a\" data-element_type=\"section\">\n\t\t\t\t\t\t<div class=\"elementor-container elementor-column-gap-default\">\n\t\t\t\t\t<div class=\"elementor-column elementor-col-50 elementor-top-column elementor-element elementor-element-a401e85\" data-id=\"a401e85\" data-element_type=\"column\" data-settings=\"{&quot;background_background&quot;:&quot;classic&quot;}\">\n\t\t\t<div class=\"elementor-widget-wrap elementor-element-populated\">\n\t\t\t\t\t\t\t\t<div class=\"elementor-element elementor-element-405b4f6 elementor-widget elementor-widget-text-editor\" data-id=\"405b4f6\" data-element_type=\"widget\" data-widget_type=\"text-editor.default\">\n\t\t\t\t<div class=\"elementor-widget-container\">\n\t\t\t\t\t\t\t<p>M\u00f6glichkeit, den Modus zu wechseln, gew\u00fcnschte Temperaturen und Temperaturkurven einzustellen.<\/p><p>Bei Auswahl einer Temperaturkurve wird die manuell eingestellte Temperatur gesperrt und das Ger\u00e4t wird bereits entsprechend der Kurve in Abh\u00e4ngigkeit von der Au\u00dfentemperatur gesteuert. Die Austrittstemperatur wird alle 15 Minuten angepasst.<\/p><p>Auch die W\u00e4rmepumpe kann im loxone Anlagenschema gesteuert werden.<\/p><p><strong>Die aktuelle Version der Vorlage finden Sie unter\u00a0<span style=\"text-decoration: underline;\"><a href=\"https:\/\/library.loxone.com\/detail\/thermannpro-heat-pump-1672\/overview\" target=\"_blank\" rel=\"noopener\">Loxone-Bibliothek<\/a><\/span>.<\/strong><\/p>\t\t\t\t\t\t<\/div>\n\t\t\t\t<\/div>\n\t\t\t\t\t<\/div>\n\t\t<\/div>\n\t\t\t\t<div class=\"elementor-column elementor-col-50 elementor-top-column elementor-element elementor-element-50cab6a\" data-id=\"50cab6a\" data-element_type=\"column\" data-settings=\"{&quot;background_background&quot;:&quot;classic&quot;}\">\n\t\t\t<div class=\"elementor-widget-wrap elementor-element-populated\">\n\t\t\t\t\t\t\t\t<div class=\"elementor-element elementor-element-310283b elementor-widget elementor-widget-spacer\" data-id=\"310283b\" data-element_type=\"widget\" data-widget_type=\"spacer.default\">\n\t\t\t\t<div class=\"elementor-widget-container\">\n\t\t\t\t\t<div class=\"elementor-spacer\">\n\t\t\t<div class=\"elementor-spacer-inner\"><\/div>\n\t\t<\/div>\n\t\t\t\t<\/div>\n\t\t\t\t<\/div>\n\t\t\t\t\t<\/div>\n\t\t<\/div>\n\t\t\t\t\t\t\t<\/div>\n\t\t<\/section>\n\t\t\t\t<section class=\"elementor-section elementor-top-section elementor-element elementor-element-01c26e7 elementor-section-boxed elementor-section-height-default elementor-section-height-default wpr-equal-height-no\" data-id=\"01c26e7\" data-element_type=\"section\">\n\t\t\t\t\t\t<div class=\"elementor-container elementor-column-gap-default\">\n\t\t\t\t\t<div class=\"elementor-column elementor-col-33 elementor-top-column elementor-element elementor-element-a14f9bf\" data-id=\"a14f9bf\" data-element_type=\"column\" data-settings=\"{&quot;background_background&quot;:&quot;classic&quot;}\">\n\t\t\t<div class=\"elementor-widget-wrap elementor-element-populated\">\n\t\t\t\t\t\t\t\t<div class=\"elementor-element elementor-element-47dbd1c elementor-widget elementor-widget-text-editor\" data-id=\"47dbd1c\" data-element_type=\"widget\" data-widget_type=\"text-editor.default\">\n\t\t\t\t<div class=\"elementor-widget-container\">\n\t\t\t\t\t\t\t<p>Moduseinstellung:<\/p><p>1. AUS<br \/>2. Heizung<br \/>3. Warmwasser<br \/>4. Heizung + Warmwasser<br \/>5. Fu\u00dfbodenheizung<br \/>6. Fu\u00dfbodenheizung + Warmwasser<br \/>7. K\u00fchlung<br \/>8. K\u00fchlung + Warmwasser<\/p>\t\t\t\t\t\t<\/div>\n\t\t\t\t<\/div>\n\t\t\t\t\t<\/div>\n\t\t<\/div>\n\t\t\t\t<div class=\"elementor-column elementor-col-33 elementor-top-column elementor-element elementor-element-cb91820\" data-id=\"cb91820\" data-element_type=\"column\" data-settings=\"{&quot;background_background&quot;:&quot;classic&quot;}\">\n\t\t\t<div class=\"elementor-widget-wrap elementor-element-populated\">\n\t\t\t\t\t\t\t\t<div class=\"elementor-element elementor-element-ff7b1a6 elementor-widget elementor-widget-text-editor\" data-id=\"ff7b1a6\" data-element_type=\"widget\" data-widget_type=\"text-editor.default\">\n\t\t\t\t<div class=\"elementor-widget-container\">\n\t\t\t\t\t\t\t<p>Solltemperatur:<\/p><p>1. Heizung<br \/>2. Fu\u00dfbodenheizung<br \/>3. K\u00fchlung<br \/>4. Hei\u00dfes Wasser<\/p>\t\t\t\t\t\t<\/div>\n\t\t\t\t<\/div>\n\t\t\t\t\t<\/div>\n\t\t<\/div>\n\t\t\t\t<div class=\"elementor-column elementor-col-33 elementor-top-column elementor-element elementor-element-874fe23\" data-id=\"874fe23\" data-element_type=\"column\" data-settings=\"{&quot;background_background&quot;:&quot;classic&quot;}\">\n\t\t\t<div class=\"elementor-widget-wrap elementor-element-populated\">\n\t\t\t\t\t\t\t\t<div class=\"elementor-element elementor-element-2e46419 elementor-widget elementor-widget-text-editor\" data-id=\"2e46419\" data-element_type=\"widget\" data-widget_type=\"text-editor.default\">\n\t\t\t\t<div class=\"elementor-widget-container\">\n\t\t\t\t\t\t\t<p>Kurve einstellen:<\/p><p>1. Heizung<br \/>2. Fu\u00dfbodenheizung<br \/>3. K\u00fchlung<br \/>4. Hei\u00dfes Wasser<\/p>\t\t\t\t\t\t<\/div>\n\t\t\t\t<\/div>\n\t\t\t\t\t<\/div>\n\t\t<\/div>\n\t\t\t\t\t\t\t<\/div>\n\t\t<\/section>\n\t\t\t\t<section class=\"elementor-section elementor-top-section elementor-element elementor-element-f7726cf elementor-hidden-desktop elementor-hidden-tablet elementor-hidden-mobile elementor-section-boxed elementor-section-height-default elementor-section-height-default wpr-equal-height-no\" data-id=\"f7726cf\" data-element_type=\"section\">\n\t\t\t\t\t\t<div class=\"elementor-container elementor-column-gap-default\">\n\t\t\t\t\t<div class=\"elementor-column elementor-col-100 elementor-top-column elementor-element elementor-element-1a4e0d5\" data-id=\"1a4e0d5\" data-element_type=\"column\">\n\t\t\t<div class=\"elementor-widget-wrap elementor-element-populated\">\n\t\t\t\t\t\t\t\t<div class=\"elementor-element elementor-element-7667a33 animated-fast elementor-invisible elementor-widget elementor-widget-heading\" data-id=\"7667a33\" data-element_type=\"widget\" data-settings=\"{&quot;_animation&quot;:&quot;fadeInUp&quot;}\" data-widget_type=\"heading.default\">\n\t\t\t\t<div class=\"elementor-widget-container\">\n\t\t\t<h2 class=\"elementor-heading-title elementor-size-default\">Liste der w\u00e4hrend der Serviceinspektion durchgef\u00fchrten Aktionen:<\/h2>\t\t<\/div>\n\t\t\t\t<\/div>\n\t\t\t\t<div class=\"elementor-element elementor-element-3d716ea elementor-widget elementor-widget-text-editor\" data-id=\"3d716ea\" data-element_type=\"widget\" data-widget_type=\"text-editor.default\">\n\t\t\t\t<div class=\"elementor-widget-container\">\n\t\t\t\t\t\t\t<p>\u00dcberpr\u00fcfung der Dichtheit des Heizsystems. <br \/>Reinigung des Magnetfilters.<br \/>\u00dcberpr\u00fcfen Sie den Druck im Heizsystem.<br \/>Reinigen der Innenteile des W\u00e4rmepumpen-Au\u00dfenger\u00e4ts. <br \/>Pr\u00fcfen Sie, ob sich der bzw. die Propeller des Pumpenk\u00fchlgebl\u00e4ses frei drehen k\u00f6nnen. <br \/>Reinigen der Schaltk\u00e4sten der W\u00e4rmepumpen-Steuerplatinen.<br \/>\u00dcberpr\u00fcfung des K\u00fchlkreislaufs.<br \/>\u00dcberpr\u00fcfung der Durchg\u00e4ngigkeit des Kondensatablaufs.<br \/>Reinigung und Vergleich der Verdampferlamellen einer W\u00e4rmepumpe. <br \/>Reinigung der Au\u00dfeneinheit der W\u00e4rmepumpe.<br \/>L\u00e4rmschutz des Ger\u00e4ts.<br \/>\u00dcberpr\u00fcfung des Wechsels der Heiz-\/Warmwasser-Modi. <br \/>\u00dcberpr\u00fcfung der Schaltung des 3-Wege-Ventils.<br \/>\u00dcberpr\u00fcfung der Erdung und \u00dcberpr\u00fcfung des Anzugs der elektrischen Anschl\u00fcsse.<br \/>\u00dcberpr\u00fcfen und Festziehen der Schrauben der Silentbl\u00f6cke und, falls auch der originale Thermannpro-Sockel unter der W\u00e4rmepumpe verbaut ist, \u00dcberpr\u00fcfen des Festziehens der Sockelschrauben.<br \/>\u00dcberpr\u00fcfung der Verbindung des IOT-Moduls mit WLAN.<\/p>\t\t\t\t\t\t<\/div>\n\t\t\t\t<\/div>\n\t\t\t\t\t<\/div>\n\t\t<\/div>\n\t\t\t\t\t\t\t<\/div>\n\t\t<\/section>\n\t\t\t\t\t\t\t<\/div>","protected":false},"excerpt":{"rendered":"<p>Loxone Nov\u00e9 a technologicky vysp\u011bl\u00e9 tepeln\u00e9 \u010derpadlo Ovl\u00e1dejte va\u0161e tepeln\u00e9 \u010derpadlo Thermann Pro p\u0159es Modbus RTU nebo TCP\/IP s p\u0159evodn\u00edkem Thermann Pro. P\u0159ipojen\u00ed Modbus RTU &#8211; odpojte ovl\u00e1dac\u00ed displej a m\u00edsto n\u011bj p\u0159ipojte Modbus extension Loxone. A \u2013 zelen\u00fd vodi\u010d, &hellip; <a href=\"https:\/\/www.thermannpro.cz\/de\/loxone\/\">Mehr lesen<\/a><\/p>","protected":false},"author":3,"featured_media":0,"parent":0,"menu_order":0,"comment_status":"closed","ping_status":"closed","template":"","meta":{"footnotes":""},"class_list":["post-2806","page","type-page","status-publish","hentry"],"_links":{"self":[{"href":"https:\/\/www.thermannpro.cz\/de\/wp-json\/wp\/v2\/pages\/2806","targetHints":{"allow":["GET"]}}],"collection":[{"href":"https:\/\/www.thermannpro.cz\/de\/wp-json\/wp\/v2\/pages"}],"about":[{"href":"https:\/\/www.thermannpro.cz\/de\/wp-json\/wp\/v2\/types\/page"}],"author":[{"embeddable":true,"href":"https:\/\/www.thermannpro.cz\/de\/wp-json\/wp\/v2\/users\/3"}],"replies":[{"embeddable":true,"href":"https:\/\/www.thermannpro.cz\/de\/wp-json\/wp\/v2\/comments?post=2806"}],"version-history":[{"count":13,"href":"https:\/\/www.thermannpro.cz\/de\/wp-json\/wp\/v2\/pages\/2806\/revisions"}],"predecessor-version":[{"id":3059,"href":"https:\/\/www.thermannpro.cz\/de\/wp-json\/wp\/v2\/pages\/2806\/revisions\/3059"}],"wp:attachment":[{"href":"https:\/\/www.thermannpro.cz\/de\/wp-json\/wp\/v2\/media?parent=2806"}],"curies":[{"name":"wp","href":"https:\/\/api.w.org\/{rel}","templated":true}]}}