{"id":2816,"date":"2024-12-12T17:42:58","date_gmt":"2024-12-12T16:42:58","guid":{"rendered":"https:\/\/www.thermannpro.cz\/?page_id=2816"},"modified":"2024-12-12T17:56:28","modified_gmt":"2024-12-12T16:56:28","slug":"home-assistant","status":"publish","type":"page","link":"https:\/\/www.thermannpro.cz\/de\/home-assistant\/","title":{"rendered":"Heimassistent"},"content":{"rendered":"<div data-elementor-type=\"wp-page\" data-elementor-id=\"2816\" class=\"elementor elementor-2816\">\n\t\t\t\t\t\t\t\t\t<section class=\"elementor-section elementor-top-section elementor-element elementor-element-5464f510 elementor-section-boxed elementor-section-height-default elementor-section-height-default wpr-equal-height-no\" data-id=\"5464f510\" data-element_type=\"section\">\n\t\t\t\t\t\t<div class=\"elementor-container elementor-column-gap-default\">\n\t\t\t\t\t<div class=\"elementor-column elementor-col-100 elementor-top-column elementor-element elementor-element-6511b615\" data-id=\"6511b615\" data-element_type=\"column\" data-settings=\"{&quot;background_background&quot;:&quot;classic&quot;}\">\n\t\t\t<div class=\"elementor-widget-wrap elementor-element-populated\">\n\t\t\t\t\t<div class=\"elementor-background-overlay\"><\/div>\n\t\t\t\t\t\t\t\t<div class=\"elementor-element elementor-element-c83fbde elementor-invisible elementor-widget elementor-widget-heading\" data-id=\"c83fbde\" data-element_type=\"widget\" data-settings=\"{&quot;_animation&quot;:&quot;fadeInDown&quot;,&quot;_animation_delay&quot;:&quot;100&quot;}\" data-widget_type=\"heading.default\">\n\t\t\t\t<div class=\"elementor-widget-container\">\n\t\t\t<h1 class=\"elementor-heading-title elementor-size-default\">Heimassistent<\/h1>\t\t<\/div>\n\t\t\t\t<\/div>\n\t\t\t\t\t<\/div>\n\t\t<\/div>\n\t\t\t\t\t\t\t<\/div>\n\t\t<\/section>\n\t\t\t\t<section class=\"elementor-section elementor-top-section elementor-element elementor-element-f2d4a8a elementor-section-boxed elementor-section-height-default elementor-section-height-default wpr-equal-height-no\" data-id=\"f2d4a8a\" data-element_type=\"section\">\n\t\t\t\t\t\t<div class=\"elementor-container elementor-column-gap-default\">\n\t\t\t\t\t<div class=\"elementor-column elementor-col-100 elementor-top-column elementor-element elementor-element-a8ea845\" data-id=\"a8ea845\" data-element_type=\"column\">\n\t\t\t<div class=\"elementor-widget-wrap elementor-element-populated\">\n\t\t\t\t\t\t\t\t<div class=\"elementor-element elementor-element-547fb21 elementor-invisible elementor-widget elementor-widget-heading\" data-id=\"547fb21\" data-element_type=\"widget\" data-settings=\"{&quot;_animation&quot;:&quot;fadeIn&quot;}\" data-widget_type=\"heading.default\">\n\t\t\t\t<div class=\"elementor-widget-container\">\n\t\t\t<h2 class=\"elementor-heading-title elementor-size-default\">\u00dcberlegene Regulierung \u2013 Home Assistant<\/h2>\t\t<\/div>\n\t\t\t\t<\/div>\n\t\t\t\t\t<\/div>\n\t\t<\/div>\n\t\t\t\t\t\t\t<\/div>\n\t\t<\/section>\n\t\t\t\t<section class=\"elementor-section elementor-top-section elementor-element elementor-element-251542a elementor-section-boxed elementor-section-height-default elementor-section-height-default wpr-equal-height-no\" data-id=\"251542a\" data-element_type=\"section\">\n\t\t\t\t\t\t<div class=\"elementor-container elementor-column-gap-default\">\n\t\t\t\t\t<div class=\"elementor-column elementor-col-50 elementor-top-column elementor-element elementor-element-a401e85\" data-id=\"a401e85\" data-element_type=\"column\" data-settings=\"{&quot;background_background&quot;:&quot;classic&quot;}\">\n\t\t\t<div class=\"elementor-widget-wrap elementor-element-populated\">\n\t\t\t\t\t\t\t\t<div class=\"elementor-element elementor-element-405b4f6 elementor-widget elementor-widget-text-editor\" data-id=\"405b4f6\" data-element_type=\"widget\" data-widget_type=\"text-editor.default\">\n\t\t\t\t<div class=\"elementor-widget-container\">\n\t\t\t\t\t\t\t<p>Mithilfe der Konfiguration in \u201e.yaml\u201c-Dateien und dem Modbus-Protokoll kann die W\u00e4rmepumpe einfach in das Home Assistant-System integriert werden. Diese Methode erm\u00f6glicht eine direkte \u00dcberwachung der Temperatur, Leistung und anderer Parameter der W\u00e4rmepumpe sowie deren Steuerung.<\/p>\n<p>Unser Unternehmen bietet vorgefertigte \u201e.yaml\u201c-Konfigurationen an, die den Einrichtungsprozess erleichtern und eine schnelle Anbindung der W\u00e4rmepumpe an das Smart-Home-System erm\u00f6glichen. Wenn Sie jedoch eine eigene L\u00f6sung bevorzugen, k\u00f6nnen Sie die erforderliche Konfiguration entsprechend Ihren Anforderungen anpassen.<\/p>\n<p>Home Assistant ist flexibel und erm\u00f6glicht es Ihnen, die Art und Weise, wie die W\u00e4rmepumpe angeschlossen wird und welche Funktionen verf\u00fcgbar sind, vollst\u00e4ndig anzupassen.<\/p>\t\t\t\t\t\t<\/div>\n\t\t\t\t<\/div>\n\t\t\t\t\t<\/div>\n\t\t<\/div>\n\t\t\t\t<div class=\"elementor-column elementor-col-50 elementor-top-column elementor-element elementor-element-50cab6a\" data-id=\"50cab6a\" data-element_type=\"column\" data-settings=\"{&quot;background_background&quot;:&quot;classic&quot;}\">\n\t\t\t<div class=\"elementor-widget-wrap elementor-element-populated\">\n\t\t\t\t\t\t\t\t<div class=\"elementor-element elementor-element-310283b elementor-widget elementor-widget-spacer\" data-id=\"310283b\" data-element_type=\"widget\" data-widget_type=\"spacer.default\">\n\t\t\t\t<div class=\"elementor-widget-container\">\n\t\t\t\t\t<div class=\"elementor-spacer\">\n\t\t\t<div class=\"elementor-spacer-inner\"><\/div>\n\t\t<\/div>\n\t\t\t\t<\/div>\n\t\t\t\t<\/div>\n\t\t\t\t\t<\/div>\n\t\t<\/div>\n\t\t\t\t\t\t\t<\/div>\n\t\t<\/section>\n\t\t\t\t<section class=\"elementor-section elementor-top-section elementor-element elementor-element-45512b6 elementor-section-boxed elementor-section-height-default elementor-section-height-default wpr-equal-height-no\" data-id=\"45512b6\" data-element_type=\"section\">\n\t\t\t\t\t\t<div class=\"elementor-container elementor-column-gap-default\">\n\t\t\t\t\t<div class=\"elementor-column elementor-col-100 elementor-top-column elementor-element elementor-element-5eb2d79\" data-id=\"5eb2d79\" data-element_type=\"column\">\n\t\t\t<div class=\"elementor-widget-wrap elementor-element-populated\">\n\t\t\t\t\t\t\t\t<div class=\"elementor-element elementor-element-73043d0 elementor-widget elementor-widget-text-editor\" data-id=\"73043d0\" data-element_type=\"widget\" data-widget_type=\"text-editor.default\">\n\t\t\t\t<div class=\"elementor-widget-container\">\n\t\t\t\t\t\t\t<p>Die Integration einer W\u00e4rmepumpe in Home Assistant mithilfe von \u201e.yaml\u201c-Konfigurationen bietet eine effiziente M\u00f6glichkeit, die Hausautomation mit Ihrem Heizsystem zu verbinden. Durch die Verwendung des Modbus-Protokolls erhalten Sie die M\u00f6glichkeit, die W\u00e4rmepumpe direkt vom Home Assistant aus zu \u00fcberwachen und zu steuern. Wir stellen vorgefertigte \u201e.yaml\u201c-Dateien zur Verf\u00fcgung, die eine schnelle und nahtlose Integration erm\u00f6glichen. Wenn Sie die Einstellungen jedoch an Ihre Bed\u00fcrfnisse anpassen m\u00f6chten, bietet Home Assistant die Flexibilit\u00e4t, Ihre eigenen Anpassungen vorzunehmen und die gesamte L\u00f6sung an Ihre Vorlieben anzupassen.<\/p>\n<p>Die W\u00e4rmepumpe kann \u00fcber das Modbus-Protokoll mit dem Home Assistant verbunden werden, sodass Sie ihren Betrieb einfach \u00fcberwachen und mit einer einfachen \u201e.yaml\u201c-Konfiguration steuern k\u00f6nnen. Die von unserem Unternehmen bereitgestellten vorgefertigten Dateien gew\u00e4hrleisten eine schnelle Bereitstellung und minimieren den Bedarf an komplexer Einrichtung. F\u00fcr Benutzer, die die volle Kontrolle \u00fcber die Konfiguration haben m\u00f6chten, erm\u00f6glicht Home Assistant die Anpassung und Erstellung einer benutzerdefinierten L\u00f6sung. Dieser Ansatz eignet sich sowohl f\u00fcr eine schnelle Bereitstellung als auch f\u00fcr diejenigen, die eine individuelle Systempersonalisierung bevorzugen.<\/p>\t\t\t\t\t\t<\/div>\n\t\t\t\t<\/div>\n\t\t\t\t\t<\/div>\n\t\t<\/div>\n\t\t\t\t\t\t\t<\/div>\n\t\t<\/section>\n\t\t\t\t\t\t\t<\/div>","protected":false},"excerpt":{"rendered":"<p>Home Assistant Nad\u0159azen\u00e1 regulace &#8211; Home Assistant Tepeln\u00e9 \u010derpadlo lze snadno integrovat do syst\u00e9mu Home Assistant pomoc\u00ed konfigurace v `.yaml` souborech a protokolu Modbus. Tento zp\u016fsob umo\u017e\u0148uje p\u0159\u00edm\u00e9 sledov\u00e1n\u00ed teploty, v\u00fdkonu a dal\u0161\u00edch parametr\u016f tepeln\u00e9ho \u010derpadla, stejn\u011b jako jeho ovl\u00e1d\u00e1n\u00ed. &hellip; <a href=\"https:\/\/www.thermannpro.cz\/de\/home-assistant\/\">Mehr lesen<\/a><\/p>","protected":false},"author":3,"featured_media":0,"parent":0,"menu_order":0,"comment_status":"closed","ping_status":"closed","template":"","meta":{"footnotes":""},"class_list":["post-2816","page","type-page","status-publish","hentry"],"_links":{"self":[{"href":"https:\/\/www.thermannpro.cz\/de\/wp-json\/wp\/v2\/pages\/2816","targetHints":{"allow":["GET"]}}],"collection":[{"href":"https:\/\/www.thermannpro.cz\/de\/wp-json\/wp\/v2\/pages"}],"about":[{"href":"https:\/\/www.thermannpro.cz\/de\/wp-json\/wp\/v2\/types\/page"}],"author":[{"embeddable":true,"href":"https:\/\/www.thermannpro.cz\/de\/wp-json\/wp\/v2\/users\/3"}],"replies":[{"embeddable":true,"href":"https:\/\/www.thermannpro.cz\/de\/wp-json\/wp\/v2\/comments?post=2816"}],"version-history":[{"count":7,"href":"https:\/\/www.thermannpro.cz\/de\/wp-json\/wp\/v2\/pages\/2816\/revisions"}],"predecessor-version":[{"id":2825,"href":"https:\/\/www.thermannpro.cz\/de\/wp-json\/wp\/v2\/pages\/2816\/revisions\/2825"}],"wp:attachment":[{"href":"https:\/\/www.thermannpro.cz\/de\/wp-json\/wp\/v2\/media?parent=2816"}],"curies":[{"name":"wp","href":"https:\/\/api.w.org\/{rel}","templated":true}]}}