{"id":3122,"date":"2025-04-08T15:21:20","date_gmt":"2025-04-08T13:21:20","guid":{"rendered":"https:\/\/www.thermannpro.cz\/register\/"},"modified":"2025-04-29T12:42:22","modified_gmt":"2025-04-29T10:42:22","slug":"registrace","status":"publish","type":"page","link":"https:\/\/www.thermannpro.cz\/de\/registrace\/","title":{"rendered":"Anmeldung"},"content":{"rendered":"\t\t<div data-elementor-type=\"wp-page\" data-elementor-id=\"3122\" class=\"elementor elementor-3122\">\n\t\t\t\t\t\t\t\t\t<section class=\"elementor-section elementor-top-section elementor-element elementor-element-167b220 elementor-section-boxed elementor-section-height-default elementor-section-height-default wpr-equal-height-no\" data-id=\"167b220\" data-element_type=\"section\">\n\t\t\t\t\t\t<div class=\"elementor-container elementor-column-gap-default\">\n\t\t\t\t\t<div class=\"elementor-column elementor-col-100 elementor-top-column elementor-element elementor-element-85a9be2\" data-id=\"85a9be2\" data-element_type=\"column\" data-settings=\"{&quot;background_background&quot;:&quot;classic&quot;}\">\n\t\t\t<div class=\"elementor-widget-wrap elementor-element-populated\">\n\t\t\t\t\t<div class=\"elementor-background-overlay\"><\/div>\n\t\t\t\t\t\t\t\t<div class=\"elementor-element elementor-element-2cf7df7 elementor-invisible elementor-widget elementor-widget-heading\" data-id=\"2cf7df7\" data-element_type=\"widget\" data-settings=\"{&quot;_animation&quot;:&quot;fadeInDown&quot;,&quot;_animation_delay&quot;:&quot;100&quot;}\" data-widget_type=\"heading.default\">\n\t\t\t\t<div class=\"elementor-widget-container\">\n\t\t\t<h1 class=\"elementor-heading-title elementor-size-default\">Registrace<\/h1>\t\t<\/div>\n\t\t\t\t<\/div>\n\t\t\t\t\t<\/div>\n\t\t<\/div>\n\t\t\t\t\t\t\t<\/div>\n\t\t<\/section>\n\t\t\t\t<section class=\"elementor-section elementor-top-section elementor-element elementor-element-3c4f700 elementor-section-boxed elementor-section-height-default elementor-section-height-default wpr-equal-height-no\" data-id=\"3c4f700\" data-element_type=\"section\">\n\t\t\t\t\t\t<div class=\"elementor-container elementor-column-gap-default\">\n\t\t\t\t\t<div class=\"elementor-column elementor-col-100 elementor-top-column elementor-element elementor-element-ec1d226\" data-id=\"ec1d226\" data-element_type=\"column\">\n\t\t\t<div class=\"elementor-widget-wrap elementor-element-populated\">\n\t\t\t\t\t\t\t\t<div class=\"elementor-element elementor-element-c3cf3e2 elementor-invisible elementor-widget elementor-widget-heading\" data-id=\"c3cf3e2\" data-element_type=\"widget\" data-settings=\"{&quot;_animation&quot;:&quot;fadeIn&quot;}\" data-widget_type=\"heading.default\">\n\t\t\t\t<div class=\"elementor-widget-container\">\n\t\t\t<h2 class=\"elementor-heading-title elementor-size-default\">Registrace do partnersk\u00e1 sekce<\/h2>\t\t<\/div>\n\t\t\t\t<\/div>\n\t\t\t\t<div class=\"elementor-element elementor-element-d7bc91f elementor-widget elementor-widget-text-editor\" data-id=\"d7bc91f\" data-element_type=\"widget\" data-widget_type=\"text-editor.default\">\n\t\t\t\t<div class=\"elementor-widget-container\">\n\t\t\t\t\t\t\t<p class=\"p1\">Odborn\u00e9 informace a ve\u0161ker\u00e9 technick\u00e9 podklady v\u010detn\u011b informac\u00ed t\u00fdkaj\u00edc\u00ed se \u0161kolen\u00ed a vzd\u011bl\u00e1v\u00e1n\u00ed. Partnersk\u00e1 sekce je ur\u010dena pouze profesion\u00e1l\u016fm z oboru tepeln\u00fdch \u010derpadel. Je tedy ur\u010dena pro instala\u010dn\u00ed firmy a servisn\u00ed techniky nebo tak\u00e9 projektanty. Na z\u00e1klad\u011b registrace je umo\u017en\u011bn p\u0159\u00edstup k\u00a0technick\u00fdm podklad\u016fm a odborn\u00fdm informac\u00edm.<\/p>\t\t\t\t\t\t<\/div>\n\t\t\t\t<\/div>\n\t\t\t\t<div class=\"elementor-element elementor-element-84e1d94 elementor-widget elementor-widget-shortcode\" data-id=\"84e1d94\" data-element_type=\"widget\" data-widget_type=\"shortcode.default\">\n\t\t\t\t<div class=\"elementor-widget-container\">\n\t\t\t\t\t<div class=\"elementor-shortcode\">\n<div class=\"um um-register um-3116\">\n\t<div class=\"um-form\" data-mode=\"register\">\n\t\t<form method=\"post\" action=\"\">\n\t\t\t<div class=\"um-row _um_row_1 \" style=\"padding: 0px 0px 0px 0px;margin: 0px 0px 30px 0px;border-width: 0px 0px 0px 0px;border-style: solid;border-radius: 0px;\"><div class=\"um-col-1\"><div  class=\"um-field um-field-divider  um-field-divider um-field-type_divider\" data-key=\"um_divider_3116_14\" style=\"border-bottom:1px solid #eeeeee;\"><div class=\"um-field-divider-text\"><span>Faktura\u010dn\u00ed adresa<\/span><\/div><\/div><div  id=\"um_field_3116_company_ico\" class=\"um-field um-field-text  um-field-company_ico um-field-text um-field-type_text\" data-key=\"company_ico\"><div class=\"um-field-label\"><label for=\"company_ico-3116\">I\u010c<span class=\"um-req\" title=\"Erforderlich\">*<\/span><\/label><div class=\"um-clear\"><\/div><\/div><div class=\"um-field-area\"><input  autocomplete=\"off\" class=\"um-form-field valid \" type=\"text\" name=\"company_ico-3116\" id=\"company_ico-3116\" value=\"\" placeholder=\"\" data-validate=\"alpha_numeric\" data-key=\"company_ico\"  aria-invalid=\"false\" \/>\n\n\t\t\t\t\t\t<\/div><\/div><div  id=\"um_field_3116_company_dic\" class=\"um-field um-field-text  um-field-company_dic um-field-text um-field-type_text\" data-key=\"company_dic\"><div class=\"um-field-label\"><label for=\"company_dic-3116\">DI\u010c<\/label><div class=\"um-clear\"><\/div><\/div><div class=\"um-field-area\"><input  autocomplete=\"off\" class=\"um-form-field valid not-required \" type=\"text\" name=\"company_dic-3116\" id=\"company_dic-3116\" value=\"\" placeholder=\"\" data-validate=\"\" data-key=\"company_dic\"  aria-invalid=\"false\" \/>\n\n\t\t\t\t\t\t<\/div><\/div><div  id=\"um_field_3116_company_name\" class=\"um-field um-field-text  um-field-company_name um-field-text um-field-type_text\" data-key=\"company_name\"><div class=\"um-field-label\"><label for=\"company_name-3116\">N\u00e1zev firmy<span class=\"um-req\" title=\"Erforderlich\">*<\/span><\/label><div class=\"um-clear\"><\/div><\/div><div class=\"um-field-area\"><input  autocomplete=\"off\" class=\"um-form-field valid \" type=\"text\" name=\"company_name-3116\" id=\"company_name-3116\" value=\"\" placeholder=\"\" data-validate=\"\" data-key=\"company_name\"  aria-invalid=\"false\" \/>\n\n\t\t\t\t\t\t<\/div><\/div><div  id=\"um_field_3116_company_street\" class=\"um-field um-field-text  um-field-company_street um-field-text um-field-type_text\" data-key=\"company_street\"><div class=\"um-field-label\"><label for=\"company_street-3116\">Ulice<span class=\"um-req\" title=\"Erforderlich\">*<\/span><\/label><div class=\"um-clear\"><\/div><\/div><div class=\"um-field-area\"><input  autocomplete=\"off\" class=\"um-form-field valid \" type=\"text\" name=\"company_street-3116\" id=\"company_street-3116\" value=\"\" placeholder=\"\" data-validate=\"\" data-key=\"company_street\"  aria-invalid=\"false\" \/>\n\n\t\t\t\t\t\t<\/div><\/div><div  id=\"um_field_3116_company_zip\" class=\"um-field um-field-text  um-field-company_zip um-field-text um-field-type_text\" data-key=\"company_zip\"><div class=\"um-field-label\"><label for=\"company_zip-3116\">PS\u010c<span class=\"um-req\" title=\"Erforderlich\">*<\/span><\/label><div class=\"um-clear\"><\/div><\/div><div class=\"um-field-area\"><input  autocomplete=\"off\" class=\"um-form-field valid \" type=\"text\" name=\"company_zip-3116\" id=\"company_zip-3116\" value=\"\" placeholder=\"\" data-validate=\"alpha_numeric\" data-key=\"company_zip\"  aria-invalid=\"false\" \/>\n\n\t\t\t\t\t\t<\/div><\/div><div  id=\"um_field_3116_company_country\" class=\"um-field um-field-select  um-field-company_country um-field-select um-field-type_select\" data-key=\"company_country\"><div class=\"um-field-label\"><label for=\"company_country-3116\">St\u00e1t<span class=\"um-req\" title=\"Erforderlich\">*<\/span><\/label><div class=\"um-clear\"><\/div><\/div><div class=\"um-field-area  \"><select data-default=\"\"     name=\"company_country\" id=\"company_country\" data-validate=\"\" data-key=\"company_country\" class=\"um-form-field valid um-s1 \" style=\"width: 100%\" data-placeholder=\"\"   aria-invalid=\"false\" ><option value=\"\"><\/option><option value=\"\u010cesk\u00e1 republika\" >\u010cesk\u00e1 republika<\/option><option value=\"N\u011bmecko\" >N\u011bmecko<\/option><option value=\"Polsko\" >Polsko<\/option><option value=\"Rakousko\" >Rakousko<\/option><option value=\"Slovensko\" >Slovensko<\/option><\/select><\/div><\/div><div  class=\"um-field um-field-divider  um-field-divider um-field-type_divider\" data-key=\"um_divider_3116_15\" style=\"border-bottom:1px solid #eeeeee;\"><div class=\"um-field-divider-text\"><span>Informace o partnerovi<\/span><\/div><\/div><div  id=\"um_field_3116_first_name\" class=\"um-field um-field-text  um-field-first_name um-field-text um-field-type_text\" data-key=\"first_name\"><div class=\"um-field-label\"><label for=\"first_name-3116\">Jm\u00e9no<span class=\"um-req\" title=\"Erforderlich\">*<\/span><\/label><div class=\"um-clear\"><\/div><\/div><div class=\"um-field-area\"><input  autocomplete=\"off\" class=\"um-form-field valid \" type=\"text\" name=\"first_name-3116\" id=\"first_name-3116\" value=\"\" placeholder=\"\" data-validate=\"\" data-key=\"first_name\"  aria-invalid=\"false\" \/>\n\n\t\t\t\t\t\t<\/div><\/div><div  id=\"um_field_3116_last_name\" class=\"um-field um-field-text  um-field-last_name um-field-text um-field-type_text\" data-key=\"last_name\"><div class=\"um-field-label\"><label for=\"last_name-3116\">P\u0159\u00edjmen\u00ed<span class=\"um-req\" title=\"Erforderlich\">*<\/span><\/label><div class=\"um-clear\"><\/div><\/div><div class=\"um-field-area\"><input  autocomplete=\"off\" class=\"um-form-field valid \" type=\"text\" name=\"last_name-3116\" id=\"last_name-3116\" value=\"\" placeholder=\"\" data-validate=\"\" data-key=\"last_name\"  aria-invalid=\"false\" \/>\n\n\t\t\t\t\t\t<\/div><\/div><div  id=\"um_field_3116_company_mobil\" class=\"um-field um-field-text  um-field-company_mobil um-field-text um-field-type_text\" data-key=\"company_mobil\"><div class=\"um-field-label\"><label for=\"company_mobil-3116\">Mobil<span class=\"um-req\" title=\"Erforderlich\">*<\/span><\/label><div class=\"um-clear\"><\/div><\/div><div class=\"um-field-area\"><input  autocomplete=\"off\" class=\"um-form-field valid \" type=\"text\" name=\"company_mobil-3116\" id=\"company_mobil-3116\" value=\"\" placeholder=\"\" data-validate=\"phone_number\" data-key=\"company_mobil\"  aria-invalid=\"false\" \/>\n\n\t\t\t\t\t\t<\/div><\/div><div  id=\"um_field_3116_partner_type\" class=\"um-field um-field-checkbox  um-field-partner_type um-field-checkbox um-field-type_checkbox\" data-key=\"partner_type\"  aria-invalid=\"false\" ><div class=\"um-field-label\"><label for=\"partner_type-3116\">Partner<span class=\"um-req\" title=\"Erforderlich\">*<\/span><\/label><div class=\"um-clear\"><\/div><\/div><div class=\"um-field-area\"><label class=\"um-field-checkbox  um-field-half \"><input   type=\"checkbox\" name=\"partner_type[]\" value=\"Mont\u00e1\u017en\u00ed partner\"  \/><span class=\"um-field-checkbox-state\"><i class=\"um-icon-android-checkbox-outline-blank\"><\/i><\/span><span class=\"um-field-checkbox-option\">Mont\u00e1\u017en\u00ed partner<\/span><\/label><label class=\"um-field-checkbox  um-field-half  right \"><input   type=\"checkbox\" name=\"partner_type[]\" value=\"Servisn\u00ed partner\"  \/><span class=\"um-field-checkbox-state\"><i class=\"um-icon-android-checkbox-outline-blank\"><\/i><\/span><span class=\"um-field-checkbox-option\">Servisn\u00ed partner<\/span><\/label><div class=\"um-clear\"><\/div><label class=\"um-field-checkbox  um-field-half \"><input   type=\"checkbox\" name=\"partner_type[]\" value=\"Projektant\"  \/><span class=\"um-field-checkbox-state\"><i class=\"um-icon-android-checkbox-outline-blank\"><\/i><\/span><span class=\"um-field-checkbox-option\">Projektant<\/span><\/label><label class=\"um-field-checkbox  um-field-half  right \"><input   type=\"checkbox\" name=\"partner_type[]\" value=\"Architekt\"  \/><span class=\"um-field-checkbox-state\"><i class=\"um-icon-android-checkbox-outline-blank\"><\/i><\/span><span class=\"um-field-checkbox-option\">Architekt<\/span><\/label><div class=\"um-clear\"><\/div><div class=\"um-clear\"><\/div><\/div><\/div><div  class=\"um-field um-field-divider  um-field-divider um-field-type_divider\" data-key=\"um_divider_3116_16\" style=\"border-bottom:1px solid #eeeeee;\"><div class=\"um-field-divider-text\"><span>P\u0159ihla\u0161ovac\u00ed \u00fadaje<\/span><\/div><\/div><div  id=\"um_field_3116_user_login\" class=\"um-field um-field-text  um-field-user_login um-field-text um-field-type_text\" data-key=\"user_login\"><div class=\"um-field-label\"><label for=\"user_login-3116\">U\u017eivatelsk\u00e9 jm\u00e9no<span class=\"um-req\" title=\"Erforderlich\">*<\/span><\/label><div class=\"um-clear\"><\/div><\/div><div class=\"um-field-area\"><input  autocomplete=\"off\" class=\"um-form-field valid \" type=\"text\" name=\"user_login-3116\" id=\"user_login-3116\" value=\"\" placeholder=\"\" data-validate=\"unique_username\" data-key=\"user_login\"  aria-invalid=\"false\" \/>\n\n\t\t\t\t\t\t<\/div><\/div><div  id=\"um_field_3116_user_email\" class=\"um-field um-field-text  um-field-user_email um-field-text um-field-type_text\" data-key=\"user_email\"><div class=\"um-field-label\"><label for=\"user_email-3116\">E-Mail<span class=\"um-req\" title=\"Erforderlich\">*<\/span><\/label><div class=\"um-clear\"><\/div><\/div><div class=\"um-field-area\"><input  autocomplete=\"off\" class=\"um-form-field valid \" type=\"text\" name=\"user_email-3116\" id=\"user_email-3116\" value=\"\" placeholder=\"\" data-validate=\"unique_email\" data-key=\"user_email\"  aria-invalid=\"false\" \/>\n\n\t\t\t\t\t\t<\/div><\/div><div  id=\"um_field_3116_user_password\" class=\"um-field um-field-password  um-field-user_password um-field-password um-field-type_password\" data-key=\"user_password\"><div class=\"um-field-label\"><label for=\"user_password-3116\">Heslo<span class=\"um-req\" title=\"Erforderlich\">*<\/span><\/label><div class=\"um-clear\"><\/div><\/div><div class=\"um-field-area\"><div class=\"um-field-area-password\">\n\t\t\t\t\t\t\t\t\t<input class=\"um-form-field valid \" type=\"password\" name=\"user_password-3116\" id=\"user_password-3116\" value=\"\" placeholder=\"\" data-validate=\"\" data-key=\"user_password\"  aria-invalid=\"false\" \/>\n\t\t\t\t\t\t\t\t\t<span class=\"um-toggle-password\"><i class=\"um-icon-eye\"><\/i><\/span>\n\t\t\t\t\t\t\t\t<\/div>\n\t\t\t\t\t\t\t<\/div><\/div><div  id=\"um_field_3116_confirm_user_password\" class=\"um-field um-field-password  um-field-user_password um-field-password um-field-type_password\" data-key=\"confirm_user_password\"><div class=\"um-field-label\"><label for=\"confirm_user_password-3116\">Heslo best\u00e4tigen<span class=\"um-req\" title=\"Erforderlich\">*<\/span><\/label><div class=\"um-clear\"><\/div><\/div><div class=\"um-field-area\"><div class=\"um-field-area-password\"><input class=\"um-form-field valid \" type=\"password\" name=\"confirm_user_password-3116\" id=\"confirm_user_password-3116\" value=\"\" placeholder=\"Heslo best\u00e4tigen\" data-validate=\"\" data-key=\"confirm_user_password\"  aria-invalid=\"false\" \/><span class=\"um-toggle-password\"><i class=\"um-icon-eye\"><\/i><\/span><\/div><\/div><\/div><\/div><\/div>\t<input type=\"hidden\" name=\"form_id\" id=\"form_id_3116\" value=\"3116\" \/>\n\t\t<p class=\"um_request_name\">\n\t\t<label for=\"um_request_3116\">Only fill in if you are not human<\/label>\n\t\t<input type=\"hidden\" name=\"um_request\" id=\"um_request_3116\" class=\"input\" value=\"\" size=\"25\" autocomplete=\"off\" \/>\n\t<\/p>\n\t<input type=\"hidden\" id=\"_wpnonce\" name=\"_wpnonce\" value=\"df443d7bcb\" \/><input type=\"hidden\" name=\"_wp_http_referer\" value=\"\/de\/wp-json\/wp\/v2\/pages\/3122\" \/>\n\t<div class=\"um-col-alt\">\n\n\t\t\n\t\t\t<div class=\"um-center\">\n\t\t\t\t<input type=\"submit\" value=\"Registrace\" class=\"um-button\" id=\"um-submit-btn\" \/>\n\t\t\t<\/div>\n\n\t\t\n\t\t<div class=\"um-clear\"><\/div>\n\n\t<\/div>\n\n\t\t\t<\/form>\n\t<\/div>\n<\/div>\n<style>\n\t\t\t.um-3116.um {\n\t\t\tmax-width: 450px;\n\t\t}\n\t\t<\/style>\n <\/div>\n\t\t\t\t<\/div>\n\t\t\t\t<\/div>\n\t\t\t\t<div class=\"elementor-element elementor-element-ed22c07 elementor-widget elementor-widget-html\" data-id=\"ed22c07\" data-element_type=\"widget\" data-widget_type=\"html.default\">\n\t\t\t\t<div class=\"elementor-widget-container\">\n\t\t\t<script>\ndocument.addEventListener('DOMContentLoaded', function() {\n  const icoInput = document.getElementById('company_ico-3116');\n  if (!icoInput) return;\n\n  icoInput.addEventListener('blur', function() {\n    const ico = icoInput.value.trim();\n    if (!ico) return;\n\n    let loader = document.getElementById('ares-loader');\n    if (!loader) {\n      loader = document.createElement('div');\n      loader.id = 'ares-loader';\n      loader.textContent = 'Vyhled\u00e1v\u00e1m v ARES\u2026';\n      icoInput.parentNode.insertBefore(loader, icoInput.nextSibling);\n    }\n    loader.style.display = 'block';\n\n    const url = `https:\/\/ares.gov.cz\/ekonomicke-subjekty-v-be\/rest\/ekonomicke-subjekty\/${ico}`;\n    console.log('ARES: hled\u00e1m I\u010cO:', ico, 'URL:', url);\n\n    fetch(url, { headers: { 'Accept': 'application\/json' } })\n      .then(response => {\n        console.log('ARES: HTTP odpov\u011b\u010f:', response.status, response.statusText);\n        if (!response.ok) throw new Error(`Nejsp\u00ed\u0161e \u0161patn\u00fd form\u00e1t I\u010c. Chyba ARES: ${response.status} ${response.statusText}`);\n        return response.json();\n      })\n      .then(data => {\n        console.log('ARES: z\u00edskan\u00e1 data:', data);\n\n        let record = data;\n        if (record.zaznamy && record.zaznamy.length > 0) {\n          record = record.zaznamy[0];\n        } else if (!record.obchodniJmeno) {\n          throw new Error('I\u010cO nenalezeno v ARES.');\n        }\n\n        const nameField   = document.getElementById('company_name-3116');\n        const dicField    = document.getElementById('company_dic-3116');\n        const streetField = document.getElementById('company_street-3116');\n        const zipField    = document.getElementById('company_zip-3116');\n        const cityField   = document.getElementById('company_city-3116');\n        const countrySelect = document.getElementById('company_country');\n\n        if (nameField) nameField.value = record.obchodniJmeno || '';\n        if (dicField) dicField.value = record.dic || '';\n\n        if (record.sidlo) {\n          const sidlo = record.sidlo;\n\n          let ulice = '';\n          if (sidlo.nazevUlice) {\n            ulice = sidlo.nazevUlice + ' ' + (sidlo.cisloDomovni || '');\n            if (sidlo.cisloOrientacni) {\n              ulice += '\/' + sidlo.cisloOrientacni;\n            }\n          } else {\n            ulice = (sidlo.nazevCastiObce || sidlo.nazevObce || '') + ' ' + (sidlo.cisloDomovni || '');\n          }\n\n          if (streetField) streetField.value = ulice.trim();\n          if (zipField) zipField.value = sidlo.psc || '';\n          if (cityField) cityField.value = sidlo.nazevObce || '';\n\n          \/\/ SELECT2: nastaven\u00ed hodnoty + trigger 'change'\n          if (countrySelect && sidlo.nazevStatu) {\n            const targetValue = sidlo.nazevStatu;\n            const matchingOption = [...countrySelect.options].find(opt => opt.value === targetValue);\n            if (matchingOption) {\n              countrySelect.value = targetValue;\n              \/\/ Vyvol\u00e1n\u00ed zm\u011bny pro Select2 (jQuery mus\u00ed b\u00fdt na\u010dteno)\n              if (window.jQuery) {\n                jQuery(countrySelect).trigger('change');\n              } else {\n                \/\/ fallback \u010dist\u011b v JS, kdyby nebylo jQuery\n                countrySelect.dispatchEvent(new Event('change'));\n              }\n              console.log('ARES: st\u00e1t nastaven na:', targetValue);\n            } else {\n              console.warn('Hodnota st\u00e1tu nenalezena v <select>:', targetValue);\n            }\n          }\n        }\n\n        console.log('ARES: formul\u00e1\u0159 byl \u00fasp\u011b\u0161n\u011b vypln\u011bn.');\n      })\n      .catch(error => {\n        console.error('ARES: chyba p\u0159i na\u010d\u00edt\u00e1n\u00ed:', error);\n        alert(error.message || 'Nepoda\u0159ilo se na\u010d\u00edst data z ARES.');\n      })\n      .finally(() => {\n        if (loader) loader.style.display = 'none';\n      });\n  });\n});\n<\/script>\t\t<\/div>\n\t\t\t\t<\/div>\n\t\t\t\t\t<\/div>\n\t\t<\/div>\n\t\t\t\t\t\t\t<\/div>\n\t\t<\/section>\n\t\t\t\t\t\t\t<\/div>\n\t\t","protected":false},"excerpt":{"rendered":"<p>Registrace Registrace do partnersk\u00e1 sekce Odborn\u00e9 informace a ve\u0161ker\u00e9 technick\u00e9 podklady v\u010detn\u011b informac\u00ed t\u00fdkaj\u00edc\u00ed se \u0161kolen\u00ed a vzd\u011bl\u00e1v\u00e1n\u00ed. Partnersk\u00e1 sekce je ur\u010dena pouze profesion\u00e1l\u016fm z oboru tepeln\u00fdch \u010derpadel. Je tedy ur\u010dena pro instala\u010dn\u00ed firmy a servisn\u00ed techniky nebo tak\u00e9 projektanty. &hellip; <a href=\"https:\/\/www.thermannpro.cz\/de\/registrace\/\">Mehr lesen<\/a><\/p>","protected":false},"author":3,"featured_media":0,"parent":0,"menu_order":0,"comment_status":"closed","ping_status":"closed","template":"","meta":{"footnotes":""},"class_list":["post-3122","page","type-page","status-publish","hentry"],"_links":{"self":[{"href":"https:\/\/www.thermannpro.cz\/de\/wp-json\/wp\/v2\/pages\/3122","targetHints":{"allow":["GET"]}}],"collection":[{"href":"https:\/\/www.thermannpro.cz\/de\/wp-json\/wp\/v2\/pages"}],"about":[{"href":"https:\/\/www.thermannpro.cz\/de\/wp-json\/wp\/v2\/types\/page"}],"author":[{"embeddable":true,"href":"https:\/\/www.thermannpro.cz\/de\/wp-json\/wp\/v2\/users\/3"}],"replies":[{"embeddable":true,"href":"https:\/\/www.thermannpro.cz\/de\/wp-json\/wp\/v2\/comments?post=3122"}],"version-history":[{"count":72,"href":"https:\/\/www.thermannpro.cz\/de\/wp-json\/wp\/v2\/pages\/3122\/revisions"}],"predecessor-version":[{"id":3343,"href":"https:\/\/www.thermannpro.cz\/de\/wp-json\/wp\/v2\/pages\/3122\/revisions\/3343"}],"wp:attachment":[{"href":"https:\/\/www.thermannpro.cz\/de\/wp-json\/wp\/v2\/media?parent=3122"}],"curies":[{"name":"wp","href":"https:\/\/api.w.org\/{rel}","templated":true}]}}