{"id":3637,"date":"2026-01-22T12:11:52","date_gmt":"2026-01-22T11:11:52","guid":{"rendered":"https:\/\/www.thermannpro.cz\/?page_id=3637"},"modified":"2026-01-22T12:14:29","modified_gmt":"2026-01-22T11:14:29","slug":"tepelne-cerpadlo-the-016-3-r290","status":"publish","type":"page","link":"https:\/\/www.thermannpro.cz\/de\/tepelne-cerpadlo-the-016-3-r290\/","title":{"rendered":"W\u00e4rmepumpe THE-016\/3-R290"},"content":{"rendered":"<div data-elementor-type=\"wp-page\" data-elementor-id=\"3637\" class=\"elementor elementor-3637\">\n\t\t\t\t\t\t\t\t\t<section class=\"elementor-section elementor-top-section elementor-element elementor-element-2eba1d9 elementor-section-boxed elementor-section-height-default elementor-section-height-default wpr-equal-height-no\" data-id=\"2eba1d9\" data-element_type=\"section\">\n\t\t\t\t\t\t<div class=\"elementor-container elementor-column-gap-default\">\n\t\t\t\t\t<div class=\"elementor-column elementor-col-100 elementor-top-column elementor-element elementor-element-66b8870\" data-id=\"66b8870\" data-element_type=\"column\" data-settings=\"{&quot;background_background&quot;:&quot;classic&quot;}\">\n\t\t\t<div class=\"elementor-widget-wrap elementor-element-populated\">\n\t\t\t\t\t<div class=\"elementor-background-overlay\"><\/div>\n\t\t\t\t\t\t\t\t<div class=\"elementor-element elementor-element-88c9d58 elementor-invisible elementor-widget elementor-widget-heading\" data-id=\"88c9d58\" data-element_type=\"widget\" data-settings=\"{&quot;_animation&quot;:&quot;fadeInDown&quot;,&quot;_animation_delay&quot;:&quot;100&quot;}\" data-widget_type=\"heading.default\">\n\t\t\t\t<div class=\"elementor-widget-container\">\n\t\t\t<h1 class=\"elementor-heading-title elementor-size-default\">W\u00e4rmepumpe<\/h1>\t\t<\/div>\n\t\t\t\t<\/div>\n\t\t\t\t<div class=\"elementor-element elementor-element-f1cd21c elementor-invisible elementor-widget elementor-widget-heading\" data-id=\"f1cd21c\" data-element_type=\"widget\" data-settings=\"{&quot;_animation&quot;:&quot;fadeInDown&quot;,&quot;_animation_delay&quot;:&quot;100&quot;}\" data-widget_type=\"heading.default\">\n\t\t\t\t<div class=\"elementor-widget-container\">\n\t\t\t<h1 class=\"elementor-heading-title elementor-size-default\">THE-016\/3-R290<\/h1>\t\t<\/div>\n\t\t\t\t<\/div>\n\t\t\t\t\t<\/div>\n\t\t<\/div>\n\t\t\t\t\t\t\t<\/div>\n\t\t<\/section>\n\t\t\t\t<section class=\"elementor-section elementor-top-section elementor-element elementor-element-85cdca7 elementor-section-boxed elementor-section-height-default elementor-section-height-default wpr-equal-height-no\" data-id=\"85cdca7\" data-element_type=\"section\">\n\t\t\t\t\t\t<div class=\"elementor-container elementor-column-gap-wide\">\n\t\t\t\t\t<div class=\"elementor-column elementor-col-50 elementor-top-column elementor-element elementor-element-6de2a9b\" data-id=\"6de2a9b\" data-element_type=\"column\">\n\t\t\t<div class=\"elementor-widget-wrap elementor-element-populated\">\n\t\t\t\t\t\t\t\t<div class=\"elementor-element elementor-element-0c4909c animated-fast elementor-invisible elementor-widget elementor-widget-heading\" data-id=\"0c4909c\" data-element_type=\"widget\" data-settings=\"{&quot;_animation&quot;:&quot;fadeInLeft&quot;,&quot;_animation_delay&quot;:200}\" data-widget_type=\"heading.default\">\n\t\t\t\t<div class=\"elementor-widget-container\">\n\t\t\t<h2 class=\"elementor-heading-title elementor-size-default\">THERMANNPRO W\u00e4rmepumpen<\/h2>\t\t<\/div>\n\t\t\t\t<\/div>\n\t\t\t\t\t<\/div>\n\t\t<\/div>\n\t\t\t\t<div class=\"elementor-column elementor-col-50 elementor-top-column elementor-element elementor-element-3cbbe0b\" data-id=\"3cbbe0b\" data-element_type=\"column\">\n\t\t\t<div class=\"elementor-widget-wrap elementor-element-populated\">\n\t\t\t\t\t\t\t\t<div class=\"elementor-element elementor-element-2484e22 animated-fast elementor-invisible elementor-widget elementor-widget-heading\" data-id=\"2484e22\" data-element_type=\"widget\" data-settings=\"{&quot;_animation&quot;:&quot;fadeInRight&quot;,&quot;_animation_delay&quot;:&quot;200&quot;}\" data-widget_type=\"heading.default\">\n\t\t\t\t<div class=\"elementor-widget-container\">\n\t\t\t<h5 class=\"elementor-heading-title elementor-size-default\">W\u00e4rmepumpe THE-016\/3-R290 mit einer Leistung von bis zu 16,1 kW in 3-Phasen-Ausf\u00fchrung.<\/h5>\t\t<\/div>\n\t\t\t\t<\/div>\n\t\t\t\t\t<\/div>\n\t\t<\/div>\n\t\t\t\t\t\t\t<\/div>\n\t\t<\/section>\n\t\t\t\t<section class=\"elementor-section elementor-top-section elementor-element elementor-element-d3aa430 elementor-section-boxed elementor-section-height-default elementor-section-height-default wpr-equal-height-no\" data-id=\"d3aa430\" data-element_type=\"section\">\n\t\t\t\t\t\t<div class=\"elementor-container elementor-column-gap-default\">\n\t\t\t\t\t<div class=\"elementor-column elementor-col-100 elementor-top-column elementor-element elementor-element-a3c402b\" data-id=\"a3c402b\" data-element_type=\"column\" data-settings=\"{&quot;background_background&quot;:&quot;classic&quot;}\">\n\t\t\t<div class=\"elementor-widget-wrap elementor-element-populated\">\n\t\t\t\t\t\t\t\t<div class=\"elementor-element elementor-element-e2c7a92 animated-fast elementor-invisible elementor-widget elementor-widget-heading\" data-id=\"e2c7a92\" data-element_type=\"widget\" data-settings=\"{&quot;_animation&quot;:&quot;fadeInUp&quot;}\" data-widget_type=\"heading.default\">\n\t\t\t\t<div class=\"elementor-widget-container\">\n\t\t\t<h2 class=\"elementor-heading-title elementor-size-default\">Technische Informationen<\/h2>\t\t<\/div>\n\t\t\t\t<\/div>\n\t\t\t\t<div class=\"elementor-element elementor-element-84b70f8 animated-fast elementor-invisible elementor-widget elementor-widget-heading\" data-id=\"84b70f8\" data-element_type=\"widget\" data-settings=\"{&quot;_animation&quot;:&quot;fadeInUp&quot;}\" data-widget_type=\"heading.default\">\n\t\t\t\t<div class=\"elementor-widget-container\">\n\t\t\t<p class=\"elementor-heading-title elementor-size-default\">W\u00e4rmepumpe THE-016\/3-R290<\/p>\t\t<\/div>\n\t\t\t\t<\/div>\n\t\t\t\t\t<\/div>\n\t\t<\/div>\n\t\t\t\t\t\t\t<\/div>\n\t\t<\/section>\n\t\t\t\t<section class=\"elementor-section elementor-top-section elementor-element elementor-element-bb11cb0 elementor-section-boxed elementor-section-height-default elementor-section-height-default wpr-equal-height-no\" data-id=\"bb11cb0\" data-element_type=\"section\" data-settings=\"{&quot;background_background&quot;:&quot;classic&quot;}\">\n\t\t\t\t\t\t<div class=\"elementor-container elementor-column-gap-default\">\n\t\t\t\t\t<div class=\"elementor-column elementor-col-100 elementor-top-column elementor-element elementor-element-7b098ef\" data-id=\"7b098ef\" data-element_type=\"column\">\n\t\t\t<div class=\"elementor-widget-wrap elementor-element-populated\">\n\t\t\t\t\t\t\t\t<div class=\"elementor-element elementor-element-3fd5f1f elementor-widget elementor-widget-image\" data-id=\"3fd5f1f\" data-element_type=\"widget\" data-widget_type=\"image.default\">\n\t\t\t\t<div class=\"elementor-widget-container\">\n\t\t\t\t\t\t\t\t\t\t\t\t\t\t\t\t<a href=\"https:\/\/www.thermannpro.cz\/wp-content\/uploads\/2026\/01\/tech-info_THE-0163-R290_260122.png\" data-elementor-open-lightbox=\"yes\" data-elementor-lightbox-title=\"tech-info_THE-0163-R290_260122\" data-e-action-hash=\"#elementor-action%3Aaction%3Dlightbox%26settings%3DeyJpZCI6MzYzOSwidXJsIjoiaHR0cHM6XC9cL3d3dy50aGVybWFubnByby5jelwvd3AtY29udGVudFwvdXBsb2Fkc1wvMjAyNlwvMDFcL3RlY2gtaW5mb19USEUtMDE2My1SMjkwXzI2MDEyMi5wbmcifQ%3D%3D\">\n\t\t\t\t\t\t\t<img fetchpriority=\"high\" decoding=\"async\" width=\"273\" height=\"709\" src=\"https:\/\/www.thermannpro.cz\/wp-content\/uploads\/2026\/01\/tech-info_THE-0163-R290_260122.png\" class=\"attachment-full size-full wp-image-3639\" alt=\"\" srcset=\"https:\/\/www.thermannpro.cz\/wp-content\/uploads\/2026\/01\/tech-info_THE-0163-R290_260122.png 273w, https:\/\/www.thermannpro.cz\/wp-content\/uploads\/2026\/01\/tech-info_THE-0163-R290_260122-116x300.png 116w, https:\/\/www.thermannpro.cz\/wp-content\/uploads\/2026\/01\/tech-info_THE-0163-R290_260122-5x12.png 5w, https:\/\/www.thermannpro.cz\/wp-content\/uploads\/2026\/01\/tech-info_THE-0163-R290_260122-39x100.png 39w, https:\/\/www.thermannpro.cz\/wp-content\/uploads\/2026\/01\/tech-info_THE-0163-R290_260122-31x80.png 31w, https:\/\/www.thermannpro.cz\/wp-content\/uploads\/2026\/01\/tech-info_THE-0163-R290_260122-117x303.png 117w, https:\/\/www.thermannpro.cz\/wp-content\/uploads\/2026\/01\/tech-info_THE-0163-R290_260122-270x700.png 270w\" sizes=\"(max-width: 273px) 100vw, 273px\" \/>\t\t\t\t\t\t\t\t<\/a>\n\t\t\t\t\t\t\t\t\t\t\t\t\t\t\t<\/div>\n\t\t\t\t<\/div>\n\t\t\t\t\t<\/div>\n\t\t<\/div>\n\t\t\t\t\t\t\t<\/div>\n\t\t<\/section>\n\t\t\t\t<section class=\"elementor-section elementor-top-section elementor-element elementor-element-9bd2f72 elementor-section-boxed elementor-section-height-default elementor-section-height-default wpr-equal-height-no\" data-id=\"9bd2f72\" data-element_type=\"section\">\n\t\t\t\t\t\t<div class=\"elementor-container elementor-column-gap-default\">\n\t\t\t\t\t<div class=\"elementor-column elementor-col-100 elementor-top-column elementor-element elementor-element-f4e22d5\" data-id=\"f4e22d5\" data-element_type=\"column\">\n\t\t\t<div class=\"elementor-widget-wrap elementor-element-populated\">\n\t\t\t\t\t\t\t\t<div class=\"elementor-element elementor-element-6b1e100 animated-fast elementor-invisible elementor-widget elementor-widget-heading\" data-id=\"6b1e100\" data-element_type=\"widget\" data-settings=\"{&quot;_animation&quot;:&quot;fadeInUp&quot;}\" data-widget_type=\"heading.default\">\n\t\t\t\t<div class=\"elementor-widget-container\">\n\t\t\t<h2 class=\"elementor-heading-title elementor-size-default\">Vollst\u00e4ndiges technisches Datenblatt<\/h2>\t\t<\/div>\n\t\t\t\t<\/div>\n\t\t\t\t<div class=\"elementor-element elementor-element-57837f9 elementor-align-center elementor-mobile-align-center elementor-invisible elementor-widget elementor-widget-button\" data-id=\"57837f9\" data-element_type=\"widget\" data-settings=\"{&quot;_animation&quot;:&quot;fadeIn&quot;}\" data-widget_type=\"button.default\">\n\t\t\t\t<div class=\"elementor-widget-container\">\n\t\t\t\t\t<div class=\"elementor-button-wrapper\">\n\t\t\t<a class=\"elementor-button elementor-button-link elementor-size-lg\" href=\"\/wp-content\/uploads\/2026\/01\/Technicky_list_THE-0163-R290_260122.pdf\" target=\"_blank\">\n\t\t\t\t\t\t<span class=\"elementor-button-content-wrapper\">\n\t\t\t\t\t\t<span class=\"elementor-button-text\">Technisches Datenblatt herunterladen<\/span>\n\t\t<\/span>\n\t\t\t\t\t<\/a>\n\t\t<\/div>\n\t\t\t\t<\/div>\n\t\t\t\t<\/div>\n\t\t\t\t\t<\/div>\n\t\t<\/div>\n\t\t\t\t\t\t\t<\/div>\n\t\t<\/section>\n\t\t\t\t<section class=\"elementor-section elementor-top-section elementor-element elementor-element-eacea33 elementor-section-boxed elementor-section-height-default elementor-section-height-default wpr-equal-height-no\" data-id=\"eacea33\" data-element_type=\"section\" data-settings=\"{&quot;background_background&quot;:&quot;classic&quot;}\">\n\t\t\t\t\t\t<div class=\"elementor-container elementor-column-gap-default\">\n\t\t\t\t\t<div class=\"elementor-column elementor-col-50 elementor-top-column elementor-element elementor-element-7d8ea56\" data-id=\"7d8ea56\" data-element_type=\"column\" data-settings=\"{&quot;background_background&quot;:&quot;classic&quot;}\">\n\t\t\t<div class=\"elementor-widget-wrap elementor-element-populated\">\n\t\t\t\t\t\t\t\t<div class=\"elementor-element elementor-element-6988a7f animated-fast elementor-invisible elementor-widget elementor-widget-heading\" data-id=\"6988a7f\" data-element_type=\"widget\" data-settings=\"{&quot;_animation&quot;:&quot;fadeInLeft&quot;,&quot;_animation_delay&quot;:200}\" data-widget_type=\"heading.default\">\n\t\t\t\t<div class=\"elementor-widget-container\">\n\t\t\t<h2 class=\"elementor-heading-title elementor-size-default\">Energielabel der W\u00e4rmepumpe THE-016\/3-R290<\/h2>\t\t<\/div>\n\t\t\t\t<\/div>\n\t\t\t\t\t<\/div>\n\t\t<\/div>\n\t\t\t\t<div class=\"elementor-column elementor-col-50 elementor-top-column elementor-element elementor-element-14a32f3\" data-id=\"14a32f3\" data-element_type=\"column\" data-settings=\"{&quot;background_background&quot;:&quot;classic&quot;}\">\n\t\t\t<div class=\"elementor-widget-wrap elementor-element-populated\">\n\t\t\t\t\t\t\t\t<div class=\"elementor-element elementor-element-8acee72 elementor-widget elementor-widget-image\" data-id=\"8acee72\" data-element_type=\"widget\" data-widget_type=\"image.default\">\n\t\t\t\t<div class=\"elementor-widget-container\">\n\t\t\t\t\t\t\t\t\t\t\t\t\t\t\t\t<a href=\"https:\/\/www.thermannpro.cz\/wp-content\/uploads\/2026\/01\/energeticky-stitek_THE-0163-R290_260122.png\" data-elementor-open-lightbox=\"yes\" data-elementor-lightbox-title=\"energeticky-stitek_THE-0163-R290_260122\" data-e-action-hash=\"#elementor-action%3Aaction%3Dlightbox%26settings%3DeyJpZCI6MzYzMCwidXJsIjoiaHR0cHM6XC9cL3d3dy50aGVybWFubnByby5jelwvd3AtY29udGVudFwvdXBsb2Fkc1wvMjAyNlwvMDFcL2VuZXJnZXRpY2t5LXN0aXRla19USEUtMDE2My1SMjkwXzI2MDEyMi5wbmcifQ%3D%3D\">\n\t\t\t\t\t\t\t<img decoding=\"async\" width=\"392\" height=\"748\" data-src=\"https:\/\/www.thermannpro.cz\/wp-content\/uploads\/2026\/01\/energeticky-stitek_THE-0163-R290_260122.png\" class=\"attachment-full size-full wp-image-3630 lazyload\" alt=\"\" data-srcset=\"https:\/\/www.thermannpro.cz\/wp-content\/uploads\/2026\/01\/energeticky-stitek_THE-0163-R290_260122.png 392w, https:\/\/www.thermannpro.cz\/wp-content\/uploads\/2026\/01\/energeticky-stitek_THE-0163-R290_260122-157x300.png 157w, https:\/\/www.thermannpro.cz\/wp-content\/uploads\/2026\/01\/energeticky-stitek_THE-0163-R290_260122-6x12.png 6w, https:\/\/www.thermannpro.cz\/wp-content\/uploads\/2026\/01\/energeticky-stitek_THE-0163-R290_260122-52x100.png 52w, https:\/\/www.thermannpro.cz\/wp-content\/uploads\/2026\/01\/energeticky-stitek_THE-0163-R290_260122-42x80.png 42w, https:\/\/www.thermannpro.cz\/wp-content\/uploads\/2026\/01\/energeticky-stitek_THE-0163-R290_260122-159x303.png 159w, https:\/\/www.thermannpro.cz\/wp-content\/uploads\/2026\/01\/energeticky-stitek_THE-0163-R290_260122-367x700.png 367w\" data-sizes=\"(max-width: 392px) 100vw, 392px\" src=\"data:image\/svg+xml;base64,PHN2ZyB3aWR0aD0iMSIgaGVpZ2h0PSIxIiB4bWxucz0iaHR0cDovL3d3dy53My5vcmcvMjAwMC9zdmciPjwvc3ZnPg==\" style=\"--smush-placeholder-width: 392px; --smush-placeholder-aspect-ratio: 392\/748;\" \/>\t\t\t\t\t\t\t\t<\/a>\n\t\t\t\t\t\t\t\t\t\t\t\t\t\t\t<\/div>\n\t\t\t\t<\/div>\n\t\t\t\t\t<\/div>\n\t\t<\/div>\n\t\t\t\t\t\t\t<\/div>\n\t\t<\/section>\n\t\t\t\t<section class=\"elementor-section elementor-top-section elementor-element elementor-element-484543c elementor-section-boxed elementor-section-height-default elementor-section-height-default wpr-equal-height-no\" data-id=\"484543c\" data-element_type=\"section\">\n\t\t\t\t\t\t<div class=\"elementor-container elementor-column-gap-default\">\n\t\t\t\t\t<div class=\"elementor-column elementor-col-100 elementor-top-column elementor-element elementor-element-e13a5c0\" data-id=\"e13a5c0\" data-element_type=\"column\">\n\t\t\t<div class=\"elementor-widget-wrap elementor-element-populated\">\n\t\t\t\t\t\t\t\t<div class=\"elementor-element elementor-element-9be7986 elementor-widget elementor-widget-themo-image-gallery\" data-id=\"9be7986\" data-element_type=\"widget\" data-widget_type=\"themo-image-gallery.default\">\n\t\t\t\t<div class=\"elementor-widget-container\">\n\t\t\t\t\t<div class=\"elementor-image-gallery\">\n\t\t\t<div class=\"gallery gallery-3637-1\"><div class=\"row gallery-row\"><div class=\"col-sm-6 col-lg-6\"><a class=\"thumbnail img-thumbnail\" href='https:\/\/www.thermannpro.cz\/wp-content\/uploads\/2026\/01\/THE-0123-R290_realizace_01-1240x738.webp'><img decoding=\"async\" width=\"768\" height=\"457\" data-src=\"https:\/\/www.thermannpro.cz\/wp-content\/uploads\/2026\/01\/THE-0123-R290_realizace_01-768x457.webp\" class=\"attachment-medium_large size-medium_large lazyload\" alt=\"\" data-srcset=\"https:\/\/www.thermannpro.cz\/wp-content\/uploads\/2026\/01\/THE-0123-R290_realizace_01-768x457.webp 768w, https:\/\/www.thermannpro.cz\/wp-content\/uploads\/2026\/01\/THE-0123-R290_realizace_01-300x179.webp 300w, https:\/\/www.thermannpro.cz\/wp-content\/uploads\/2026\/01\/THE-0123-R290_realizace_01-1024x610.webp 1024w, https:\/\/www.thermannpro.cz\/wp-content\/uploads\/2026\/01\/THE-0123-R290_realizace_01-18x12.webp 18w, https:\/\/www.thermannpro.cz\/wp-content\/uploads\/2026\/01\/THE-0123-R290_realizace_01-168x100.webp 168w, https:\/\/www.thermannpro.cz\/wp-content\/uploads\/2026\/01\/THE-0123-R290_realizace_01-134x80.webp 134w, https:\/\/www.thermannpro.cz\/wp-content\/uploads\/2026\/01\/THE-0123-R290_realizace_01-394x235.webp 394w, https:\/\/www.thermannpro.cz\/wp-content\/uploads\/2026\/01\/THE-0123-R290_realizace_01-915x545.webp 915w, https:\/\/www.thermannpro.cz\/wp-content\/uploads\/2026\/01\/THE-0123-R290_realizace_01-1240x738.webp 1240w, https:\/\/www.thermannpro.cz\/wp-content\/uploads\/2026\/01\/THE-0123-R290_realizace_01-1240x738.webp 1263w\" data-sizes=\"(max-width: 768px) 100vw, 768px\" src=\"data:image\/svg+xml;base64,PHN2ZyB3aWR0aD0iMSIgaGVpZ2h0PSIxIiB4bWxucz0iaHR0cDovL3d3dy53My5vcmcvMjAwMC9zdmciPjwvc3ZnPg==\" style=\"--smush-placeholder-width: 768px; --smush-placeholder-aspect-ratio: 768\/457;\" \/><\/a><div class=\"gallery-text\"><div class=\"image-title\">THE-0123-R290_realization_01<\/div><\/div><\/div><div class=\"col-sm-6 col-lg-6\"><a class=\"thumbnail img-thumbnail\" href='https:\/\/www.thermannpro.cz\/wp-content\/uploads\/2026\/01\/THE-0123-R290_realizace_02.webp'><img decoding=\"async\" width=\"768\" height=\"551\" data-src=\"https:\/\/www.thermannpro.cz\/wp-content\/uploads\/2026\/01\/THE-0123-R290_realizace_02-768x551.webp\" class=\"attachment-medium_large size-medium_large lazyload\" alt=\"\" data-srcset=\"https:\/\/www.thermannpro.cz\/wp-content\/uploads\/2026\/01\/THE-0123-R290_realizace_02-768x551.webp 768w, https:\/\/www.thermannpro.cz\/wp-content\/uploads\/2026\/01\/THE-0123-R290_realizace_02-300x215.webp 300w, https:\/\/www.thermannpro.cz\/wp-content\/uploads\/2026\/01\/THE-0123-R290_realizace_02-1024x734.webp 1024w, https:\/\/www.thermannpro.cz\/wp-content\/uploads\/2026\/01\/THE-0123-R290_realizace_02-18x12.webp 18w, https:\/\/www.thermannpro.cz\/wp-content\/uploads\/2026\/01\/THE-0123-R290_realizace_02-139x100.webp 139w, https:\/\/www.thermannpro.cz\/wp-content\/uploads\/2026\/01\/THE-0123-R290_realizace_02-112x80.webp 112w, https:\/\/www.thermannpro.cz\/wp-content\/uploads\/2026\/01\/THE-0123-R290_realizace_02-394x282.webp 394w, https:\/\/www.thermannpro.cz\/wp-content\/uploads\/2026\/01\/THE-0123-R290_realizace_02-915x656.webp 915w, https:\/\/www.thermannpro.cz\/wp-content\/uploads\/2026\/01\/THE-0123-R290_realizace_02.webp 1049w\" data-sizes=\"(max-width: 768px) 100vw, 768px\" src=\"data:image\/svg+xml;base64,PHN2ZyB3aWR0aD0iMSIgaGVpZ2h0PSIxIiB4bWxucz0iaHR0cDovL3d3dy53My5vcmcvMjAwMC9zdmciPjwvc3ZnPg==\" style=\"--smush-placeholder-width: 768px; --smush-placeholder-aspect-ratio: 768\/551;\" \/><\/a><div class=\"gallery-text\"><div class=\"image-title\">THE-0123-R290_realization_02<\/div><\/div><\/div><\/div><div class=\"row gallery-row\"><div class=\"col-sm-6 col-lg-6\"><a class=\"thumbnail img-thumbnail\" href='https:\/\/www.thermannpro.cz\/wp-content\/uploads\/2026\/01\/THE-0123-R290_01-810x950.webp'><img decoding=\"async\" width=\"768\" height=\"900\" data-src=\"https:\/\/www.thermannpro.cz\/wp-content\/uploads\/2026\/01\/THE-0123-R290_01-768x900.webp\" class=\"attachment-medium_large size-medium_large lazyload\" alt=\"\" data-srcset=\"https:\/\/www.thermannpro.cz\/wp-content\/uploads\/2026\/01\/THE-0123-R290_01-768x900.webp 768w, https:\/\/www.thermannpro.cz\/wp-content\/uploads\/2026\/01\/THE-0123-R290_01-256x300.webp 256w, https:\/\/www.thermannpro.cz\/wp-content\/uploads\/2026\/01\/THE-0123-R290_01-873x1024.webp 873w, https:\/\/www.thermannpro.cz\/wp-content\/uploads\/2026\/01\/THE-0123-R290_01-1310x1536.webp 1310w, https:\/\/www.thermannpro.cz\/wp-content\/uploads\/2026\/01\/THE-0123-R290_01-10x12.webp 10w, https:\/\/www.thermannpro.cz\/wp-content\/uploads\/2026\/01\/THE-0123-R290_01-85x100.webp 85w, https:\/\/www.thermannpro.cz\/wp-content\/uploads\/2026\/01\/THE-0123-R290_01-68x80.webp 68w, https:\/\/www.thermannpro.cz\/wp-content\/uploads\/2026\/01\/THE-0123-R290_01-258x303.webp 258w, https:\/\/www.thermannpro.cz\/wp-content\/uploads\/2026\/01\/THE-0123-R290_01-597x700.webp 597w, https:\/\/www.thermannpro.cz\/wp-content\/uploads\/2026\/01\/THE-0123-R290_01-810x950.webp 810w, https:\/\/www.thermannpro.cz\/wp-content\/uploads\/2026\/01\/THE-0123-R290_01-921x1080.webp 921w, https:\/\/www.thermannpro.cz\/wp-content\/uploads\/2026\/01\/THE-0123-R290_01-810x950.webp 1706w\" data-sizes=\"(max-width: 768px) 100vw, 768px\" src=\"data:image\/svg+xml;base64,PHN2ZyB3aWR0aD0iMSIgaGVpZ2h0PSIxIiB4bWxucz0iaHR0cDovL3d3dy53My5vcmcvMjAwMC9zdmciPjwvc3ZnPg==\" style=\"--smush-placeholder-width: 768px; --smush-placeholder-aspect-ratio: 768\/900;\" \/><\/a><div class=\"gallery-text\"><div class=\"image-title\">THE-0123-R290_01<\/div><\/div><\/div><\/div><\/div>\t\t<\/div>\n\t\t\t\t<\/div>\n\t\t\t\t<\/div>\n\t\t\t\t\t<\/div>\n\t\t<\/div>\n\t\t\t\t\t\t\t<\/div>\n\t\t<\/section>\n\t\t\t\t\t\t\t<\/div>","protected":false},"excerpt":{"rendered":"<p>Tepeln\u00e9 \u010derpadlo THE-016\/3-R290 Tepeln\u00e1 \u010derpadla THERMANNPRO Tepeln\u00e9 \u010derpadlo THE-016\/3-R290 s v\u00fdkonem a\u017e 16,1kW v 3-f\u00e1zov\u00e9m proveden\u00ed. Technick\u00e9 informace\u200b tepeln\u00e9ho \u010derpadla THE-016\/3-R290 Kompletn\u00ed technick\u00fd list St\u00e1hnout technick\u00fd list Energetick\u00fd \u0161t\u00edtek tepeln\u00e9ho \u010derpadla THE-016\/3-R290 THE-0123-R290_realizace_01THE-0123-R290_realizace_02THE-0123-R290_01<\/p>","protected":false},"author":3,"featured_media":0,"parent":0,"menu_order":0,"comment_status":"closed","ping_status":"closed","template":"","meta":{"footnotes":""},"class_list":["post-3637","page","type-page","status-publish","hentry"],"_links":{"self":[{"href":"https:\/\/www.thermannpro.cz\/de\/wp-json\/wp\/v2\/pages\/3637","targetHints":{"allow":["GET"]}}],"collection":[{"href":"https:\/\/www.thermannpro.cz\/de\/wp-json\/wp\/v2\/pages"}],"about":[{"href":"https:\/\/www.thermannpro.cz\/de\/wp-json\/wp\/v2\/types\/page"}],"author":[{"embeddable":true,"href":"https:\/\/www.thermannpro.cz\/de\/wp-json\/wp\/v2\/users\/3"}],"replies":[{"embeddable":true,"href":"https:\/\/www.thermannpro.cz\/de\/wp-json\/wp\/v2\/comments?post=3637"}],"version-history":[{"count":4,"href":"https:\/\/www.thermannpro.cz\/de\/wp-json\/wp\/v2\/pages\/3637\/revisions"}],"predecessor-version":[{"id":3642,"href":"https:\/\/www.thermannpro.cz\/de\/wp-json\/wp\/v2\/pages\/3637\/revisions\/3642"}],"wp:attachment":[{"href":"https:\/\/www.thermannpro.cz\/de\/wp-json\/wp\/v2\/media?parent=3637"}],"curies":[{"name":"wp","href":"https:\/\/api.w.org\/{rel}","templated":true}]}}