{"id":2219,"date":"2024-01-30T12:06:46","date_gmt":"2024-01-30T11:06:46","guid":{"rendered":"https:\/\/www.thermannpro.cz\/?page_id=2219"},"modified":"2025-10-09T11:34:17","modified_gmt":"2025-10-09T09:34:17","slug":"poptavka","status":"publish","type":"page","link":"https:\/\/www.thermannpro.cz\/en\/poptavka\/","title":{"rendered":"Inquiry"},"content":{"rendered":"\t\t<div data-elementor-type=\"wp-page\" data-elementor-id=\"2219\" class=\"elementor elementor-2219\">\n\t\t\t\t\t\t\t\t\t<section class=\"elementor-section elementor-top-section elementor-element elementor-element-6f2c966 elementor-section-boxed elementor-section-height-default elementor-section-height-default wpr-equal-height-no\" data-id=\"6f2c966\" data-element_type=\"section\">\n\t\t\t\t\t\t<div class=\"elementor-container elementor-column-gap-default\">\n\t\t\t\t\t<div class=\"elementor-column elementor-col-100 elementor-top-column elementor-element elementor-element-2bd909a\" data-id=\"2bd909a\" data-element_type=\"column\" data-settings=\"{&quot;background_background&quot;:&quot;classic&quot;}\">\n\t\t\t<div class=\"elementor-widget-wrap elementor-element-populated\">\n\t\t\t\t\t<div class=\"elementor-background-overlay\"><\/div>\n\t\t\t\t\t\t\t\t<div class=\"elementor-element elementor-element-189756b elementor-invisible elementor-widget elementor-widget-heading\" data-id=\"189756b\" data-element_type=\"widget\" data-settings=\"{&quot;_animation&quot;:&quot;fadeInDown&quot;,&quot;_animation_delay&quot;:&quot;100&quot;}\" data-widget_type=\"heading.default\">\n\t\t\t\t<div class=\"elementor-widget-container\">\n\t\t\t<h1 class=\"elementor-heading-title elementor-size-default\">Popt\u00e1vka<\/h1>\t\t<\/div>\n\t\t\t\t<\/div>\n\t\t\t\t\t<\/div>\n\t\t<\/div>\n\t\t\t\t\t\t\t<\/div>\n\t\t<\/section>\n\t\t\t\t<section class=\"elementor-section elementor-top-section elementor-element elementor-element-a8a7abc elementor-section-boxed elementor-section-height-default elementor-section-height-default wpr-equal-height-no\" data-id=\"a8a7abc\" data-element_type=\"section\">\n\t\t\t\t\t\t<div class=\"elementor-container elementor-column-gap-extended\">\n\t\t\t\t\t<div class=\"elementor-column elementor-col-50 elementor-top-column elementor-element elementor-element-f87bd87\" data-id=\"f87bd87\" data-element_type=\"column\" data-settings=\"{&quot;background_background&quot;:&quot;classic&quot;}\">\n\t\t\t<div class=\"elementor-widget-wrap elementor-element-populated\">\n\t\t\t\t\t\t\t\t<div class=\"elementor-element elementor-element-81f7efa elementor-position-left elementor-position-mobile-top elementor-view-default elementor-invisible elementor-widget elementor-widget-themo-service-block\" data-id=\"81f7efa\" data-element_type=\"widget\" data-settings=\"{&quot;_animation&quot;:&quot;fadeInUp&quot;}\" data-widget_type=\"themo-service-block.default\">\n\t\t\t\t<div class=\"elementor-widget-container\">\n\t\t\t\t\t<div class=\"th-service-block-w\">\n            <div class=\"elementor-icon-box-wrapper th-show-icon\">\n                                    <div class=\"elementor-icon-box-icon th-icon-size-sm\">\n                        <span class=\"elementor-icon \" >\n                            <i aria-hidden=\"true\" class=\"fas fa-phone-alt\"><\/i>                        <\/span>\n                    <\/div>\n                                <div class=\"elementor-icon-box-content\">\n                    <h4 class=\"elementor-icon-box-title\">\n                        <span >+420 778 787 970<\/span>\n                    <\/h4>\n                    <p class=\"elementor-icon-box-description\"><\/p>\n                <\/div>\n            <\/div>\n\n        <\/div>\n\n\t\t\t\t<\/div>\n\t\t\t\t<\/div>\n\t\t\t\t<div class=\"elementor-element elementor-element-0d742ae elementor-widget elementor-widget-spacer\" data-id=\"0d742ae\" data-element_type=\"widget\" data-widget_type=\"spacer.default\">\n\t\t\t\t<div class=\"elementor-widget-container\">\n\t\t\t\t\t<div class=\"elementor-spacer\">\n\t\t\t<div class=\"elementor-spacer-inner\"><\/div>\n\t\t<\/div>\n\t\t\t\t<\/div>\n\t\t\t\t<\/div>\n\t\t\t\t<div class=\"elementor-element elementor-element-4daed18 elementor-position-left elementor-position-mobile-top elementor-view-default elementor-invisible elementor-widget elementor-widget-themo-service-block\" data-id=\"4daed18\" data-element_type=\"widget\" data-settings=\"{&quot;_animation&quot;:&quot;fadeInUp&quot;}\" data-widget_type=\"themo-service-block.default\">\n\t\t\t\t<div class=\"elementor-widget-container\">\n\t\t\t\t\t<div class=\"th-service-block-w\">\n            <div class=\"elementor-icon-box-wrapper th-show-icon\">\n                                    <div class=\"elementor-icon-box-icon th-icon-size-sm\">\n                        <span class=\"elementor-icon \" >\n                            <i aria-hidden=\"true\" class=\"fas fa-envelope\"><\/i>                        <\/span>\n                    <\/div>\n                                <div class=\"elementor-icon-box-content\">\n                    <h4 class=\"elementor-icon-box-title\">\n                        <span >info@thermannpro.cz<\/span>\n                    <\/h4>\n                    <p class=\"elementor-icon-box-description\"><\/p>\n                <\/div>\n            <\/div>\n\n        <\/div>\n\n\t\t\t\t<\/div>\n\t\t\t\t<\/div>\n\t\t\t\t<div class=\"elementor-element elementor-element-cba1f71 elementor-widget elementor-widget-spacer\" data-id=\"cba1f71\" data-element_type=\"widget\" data-widget_type=\"spacer.default\">\n\t\t\t\t<div class=\"elementor-widget-container\">\n\t\t\t\t\t<div class=\"elementor-spacer\">\n\t\t\t<div class=\"elementor-spacer-inner\"><\/div>\n\t\t<\/div>\n\t\t\t\t<\/div>\n\t\t\t\t<\/div>\n\t\t\t\t<div class=\"elementor-element elementor-element-5d4ccdb elementor-position-left elementor-position-mobile-top elementor-view-default elementor-invisible elementor-widget elementor-widget-themo-service-block\" data-id=\"5d4ccdb\" data-element_type=\"widget\" data-settings=\"{&quot;_animation&quot;:&quot;fadeInUp&quot;,&quot;_animation_delay&quot;:50}\" data-widget_type=\"themo-service-block.default\">\n\t\t\t\t<div class=\"elementor-widget-container\">\n\t\t\t\t\t<div class=\"th-service-block-w\">\n            <div class=\"elementor-icon-box-wrapper th-show-icon\">\n                                    <div class=\"elementor-icon-box-icon th-icon-size-sm\">\n                        <span class=\"elementor-icon \" >\n                            <i aria-hidden=\"true\" class=\"fas fa-store\"><\/i>                        <\/span>\n                    <\/div>\n                                <div class=\"elementor-icon-box-content\">\n                    <h4 class=\"elementor-icon-box-title\">\n                        <span >Provozovna, servis, p\u0159edv\u00e1d\u011bc\u00ed centrum<\/span>\n                    <\/h4>\n                    <p class=\"elementor-icon-box-description\">\u010cernolesk\u00e1 2326\nBene\u0161ov\n256 01 <\/p>\n                <\/div>\n            <\/div>\n\n        <\/div>\n\n\t\t\t\t<\/div>\n\t\t\t\t<\/div>\n\t\t\t\t<div class=\"elementor-element elementor-element-25f222b elementor-position-left elementor-position-mobile-top elementor-view-default elementor-invisible elementor-widget elementor-widget-themo-service-block\" data-id=\"25f222b\" data-element_type=\"widget\" data-settings=\"{&quot;_animation&quot;:&quot;fadeInUp&quot;,&quot;_animation_delay&quot;:50}\" data-widget_type=\"themo-service-block.default\">\n\t\t\t\t<div class=\"elementor-widget-container\">\n\t\t\t\t\t<div class=\"th-service-block-w\">\n            <div class=\"elementor-icon-box-wrapper th-show-icon\">\n                                    <div class=\"elementor-icon-box-icon th-icon-size-sm\">\n                        <span class=\"elementor-icon \" >\n                            <i aria-hidden=\"true\" class=\"fas fa-location-arrow\"><\/i>                        <\/span>\n                    <\/div>\n                                <div class=\"elementor-icon-box-content\">\n                    <h4 class=\"elementor-icon-box-title\">\n                        <span >S\u00eddlo spole\u010dnosti<\/span>\n                    <\/h4>\n                    <p class=\"elementor-icon-box-description\">THERMANN PRO s.r.o.\nHor\u0148\u00e1teck\u00e1 481\/5\nPraha 8 - Kobylisy\n182 00\n\nI\u010cO: 19567308\nDI\u010c: CZ19567308<\/p>\n                <\/div>\n            <\/div>\n\n        <\/div>\n\n\t\t\t\t<\/div>\n\t\t\t\t<\/div>\n\t\t\t\t\t<\/div>\n\t\t<\/div>\n\t\t\t\t<div class=\"elementor-column elementor-col-50 elementor-top-column elementor-element elementor-element-9406dc0\" data-id=\"9406dc0\" data-element_type=\"column\" data-settings=\"{&quot;background_background&quot;:&quot;classic&quot;}\">\n\t\t\t<div class=\"elementor-widget-wrap elementor-element-populated\">\n\t\t\t\t\t\t\t\t<div class=\"elementor-element elementor-element-145867b elementor-widget elementor-widget-heading\" data-id=\"145867b\" data-element_type=\"widget\" data-widget_type=\"heading.default\">\n\t\t\t\t<div class=\"elementor-widget-container\">\n\t\t\t<h3 class=\"elementor-heading-title elementor-size-default\">Nez\u00e1vazn\u00e1 popt\u00e1vka<\/h3>\t\t<\/div>\n\t\t\t\t<\/div>\n\t\t\t\t<div class=\"elementor-element elementor-element-37de58c elementor-widget elementor-widget-formidable\" data-id=\"37de58c\" data-element_type=\"widget\" data-widget_type=\"formidable.default\">\n\t\t\t\t<div class=\"elementor-widget-container\">\n\t\t\t<div class=\"frm_forms  with_frm_style frm_style_formidable-style\" id=\"frm_form_11_container\" data-token=\"ef472c7fc77a7b85c83ffd01e049d3b8\">\n<form enctype=\"multipart\/form-data\" method=\"post\" class=\"frm-show-form \" id=\"form_poptavka\" data-token=\"ef472c7fc77a7b85c83ffd01e049d3b8\">\n<div class=\"frm_form_fields \">\n<fieldset>\n<legend class=\"frm_screen_reader\">Nez\u00e1vazn\u00e1 popt\u00e1vka<\/legend>\r\n\r\n<div class=\"frm_fields_container\">\n<input type=\"hidden\" name=\"frm_action\" value=\"create\" \/>\n<input type=\"hidden\" name=\"form_id\" value=\"11\" \/>\n<input type=\"hidden\" name=\"frm_hide_fields_11\" id=\"frm_hide_fields_11\" value=\"\" \/>\n<input type=\"hidden\" name=\"form_key\" value=\"poptavka\" \/>\n<input type=\"hidden\" name=\"item_meta[0]\" value=\"\" \/>\n<input type=\"hidden\" id=\"frm_submit_entry_11\" name=\"frm_submit_entry_11\" value=\"4e5a0c9b5c\" \/><input type=\"hidden\" name=\"_wp_http_referer\" value=\"\/en\/wp-json\/wp\/v2\/pages\/2219\" \/><div id=\"frm_field_50_container\" class=\"frm_form_field form-field  frm_required_field frm_top_container\">\r\n    <label for=\"field_n76sy2\" id=\"field_n76sy2_label\" class=\"frm_primary_label\">Jm\u00e9no a p\u0159\u00edjmen\u00ed\r\n        <span class=\"frm_required\" aria-hidden=\"true\">*<\/span>\r\n    <\/label>\r\n    <input type=\"text\" id=\"field_n76sy2\" name=\"item_meta[50]\" value=\"\"  data-reqmsg=\"Pros\u00edm vypl\u0148te jm\u00e9no\" aria-required=\"true\" data-invmsg=\"Text is invalid\" aria-invalid=\"false\"  \/>\r\n    \r\n    \r\n<\/div>\n<div id=\"frm_field_69_container\" class=\"frm_form_field form-field  frm_top_container\">\r\n    <label for=\"field_bdldg\" id=\"field_bdldg_label\" class=\"frm_primary_label\">N\u00e1zev firmy\r\n        <span class=\"frm_required\" aria-hidden=\"true\"><\/span>\r\n    <\/label>\r\n    <input type=\"text\" id=\"field_bdldg\" name=\"item_meta[69]\" value=\"\"  data-invmsg=\"Text is invalid\" aria-invalid=\"false\"  \/>\r\n    \r\n    \r\n<\/div>\n<div id=\"frm_field_51_container\" class=\"frm_form_field form-field  frm_required_field frm_top_container\">\r\n    <label for=\"field_bv8pt2\" id=\"field_bv8pt2_label\" class=\"frm_primary_label\">Email\r\n        <span class=\"frm_required\" aria-hidden=\"true\">*<\/span>\r\n    <\/label>\r\n    <input type=\"email\" id=\"field_bv8pt2\" name=\"item_meta[51]\" value=\"\"  data-reqmsg=\"Pros\u00edm vypl\u0148te email\" aria-required=\"true\" data-invmsg=\"Email je ve \u0161patn\u00e9m form\u00e1tu\" aria-invalid=\"false\"  \/>\r\n    \r\n    \r\n<\/div>\n<div id=\"frm_field_52_container\" class=\"frm_form_field form-field  frm_required_field frm_top_container\">\r\n    <label for=\"field_3n64u2\" id=\"field_3n64u2_label\" class=\"frm_primary_label\">Mobil\r\n        <span class=\"frm_required\" aria-hidden=\"true\">*<\/span>\r\n    <\/label>\r\n    <input type=\"tel\" id=\"field_3n64u2\" name=\"item_meta[52]\" value=\"\"  data-reqmsg=\"Pros\u00edm vypl\u0148te mobil\" aria-required=\"true\" data-invmsg=\"Mobil je ve \u0161patn\u00e9m form\u00e1tu\" aria-invalid=\"false\" pattern=\"((\\+\\d{1,3}(-|.| )?\\(?\\d\\)?(-| |.)?\\d{1,5})|(\\(?\\d{2,6}\\)?))(-|.| )?(\\d{3,4})(-|.| )?(\\d{4})(( x| ext)\\d{1,5}){0,1}$\"  \/>\r\n    \r\n    \r\n<\/div>\n<div id=\"frm_field_54_container\" class=\"frm_form_field form-field  frm_required_field frm_top_container vertical_radio\">\r\n    <div  id=\"field_46765a_label\" class=\"frm_primary_label\">Typ stavby - rodinn\u00fd d\u016fm\r\n        <span class=\"frm_required\" aria-hidden=\"true\">*<\/span>\r\n    <\/div>\r\n    <div class=\"frm_opt_container\" aria-labelledby=\"field_46765a_label\" role=\"radiogroup\" aria-required=\"true\">\t\t<div class=\"frm_radio\" id=\"frm_radio_54-0\">\t\t\t<label  for=\"field_46765a-0\">\n\t\t\t\t\t<input type=\"radio\" name=\"item_meta[54]\" id=\"field_46765a-0\" value=\"Novostavba (po kolaudaci)\"\n\t\t data-reqmsg=\"Pros\u00edm vyberte jednu z mo\u017enost\u00ed\" data-invmsg=\"Typ stavby - rodinn\u00fd d\u016fm is invalid\"   \/> Novostavba (po kolaudaci)<\/label><\/div>\n\t\t<div class=\"frm_radio\" id=\"frm_radio_54-1\">\t\t\t<label  for=\"field_46765a-1\">\n\t\t\t\t\t<input type=\"radio\" name=\"item_meta[54]\" id=\"field_46765a-1\" value=\"St\u00e1vaj\u00edc\u00ed d\u016fm - bez zateplen\u00ed\"\n\t\t data-reqmsg=\"Pros\u00edm vyberte jednu z mo\u017enost\u00ed\" data-invmsg=\"Typ stavby - rodinn\u00fd d\u016fm is invalid\"   \/> St\u00e1vaj\u00edc\u00ed d\u016fm - bez zateplen\u00ed<\/label><\/div>\n\t\t<div class=\"frm_radio\" id=\"frm_radio_54-2\">\t\t\t<label  for=\"field_46765a-2\">\n\t\t\t\t\t<input type=\"radio\" name=\"item_meta[54]\" id=\"field_46765a-2\" value=\"St\u00e1vaj\u00edc\u00ed d\u016fm - se zateplen\u00edm\"\n\t\t data-reqmsg=\"Pros\u00edm vyberte jednu z mo\u017enost\u00ed\" data-invmsg=\"Typ stavby - rodinn\u00fd d\u016fm is invalid\"   \/> St\u00e1vaj\u00edc\u00ed d\u016fm - se zateplen\u00edm<\/label><\/div>\n<\/div>\r\n    \r\n    \r\n<\/div>\n<div id=\"frm_field_53_container\" class=\"frm_form_field form-field  frm_required_field frm_top_container frm12 frm_first\">\r\n    <label for=\"field_3q8582\" id=\"field_3q8582_label\" class=\"frm_primary_label\">Zpr\u00e1va\r\n        <span class=\"frm_required\" aria-hidden=\"true\">*<\/span>\r\n    <\/label>\r\n    <textarea name=\"item_meta[53]\" id=\"field_3q8582\"  data-reqmsg=\"Pros\u00edm vypl\u0148te text zpr\u00e1vy\" aria-required=\"true\" data-invmsg=\"Zpr\u00e1va is invalid\" aria-invalid=\"false\"   aria-describedby=\"frm_desc_field_3q8582\"><\/textarea>\r\n    <div class=\"frm_description\" id=\"frm_desc_field_3q8582\">Odesl\u00e1n\u00edm formul\u00e1\u0159e souhlas\u00edte se zpracov\u00e1n\u00edm osobn\u00edch \u00fadaj\u016f.<\/div>\r\n    \r\n<\/div>\n\t<input type=\"hidden\" name=\"item_key\" value=\"\" \/>\n\t\t\t<div id=\"frm_field_115_container\">\n\t\t\t<label for=\"field_3uv35\" >\n\t\t\t\tIf you are human, leave this field blank.\t\t\t<\/label>\n\t\t\t<input  id=\"field_3uv35\" type=\"text\" class=\"frm_form_field form-field frm_verify\" name=\"item_meta[115]\" value=\"\"  \/>\n\t\t<\/div>\n\t\t<input name=\"frm_state\" type=\"hidden\" value=\"Fu0dPSP+OvBpqeoGaKMtFHIvVm\/D2MFDGXQI8Zd\/16E=\" \/><div class=\"frm_submit\">\r\n\r\n<button class=\"frm_button_submit\" type=\"submit\"  >Odeslat<\/button>\r\n\r\n\r\n<\/div><\/div>\n<\/fieldset>\n<\/div>\n\n<\/form>\n<\/div>\n\t\t<\/div>\n\t\t\t\t<\/div>\n\t\t\t\t\t<\/div>\n\t\t<\/div>\n\t\t\t\t\t\t\t<\/div>\n\t\t<\/section>\n\t\t\t\t<section class=\"elementor-section elementor-top-section elementor-element elementor-element-989f005 elementor-section-boxed elementor-section-height-default elementor-section-height-default wpr-equal-height-no\" data-id=\"989f005\" data-element_type=\"section\">\n\t\t\t\t\t\t<div class=\"elementor-container elementor-column-gap-default\">\n\t\t\t\t\t<div class=\"elementor-column elementor-col-100 elementor-top-column elementor-element elementor-element-ec3dcb2\" data-id=\"ec3dcb2\" data-element_type=\"column\">\n\t\t\t<div class=\"elementor-widget-wrap elementor-element-populated\">\n\t\t\t\t\t\t\t\t<div class=\"elementor-element elementor-element-ef78b34 elementor-widget elementor-widget-google_maps\" data-id=\"ef78b34\" data-element_type=\"widget\" data-widget_type=\"google_maps.default\">\n\t\t\t\t<div class=\"elementor-widget-container\">\n\t\t\t\t\t<div class=\"elementor-custom-embed\">\n\t\t\t<iframe\n\t\t\t\t\tdata-src=\"https:\/\/maps.google.com\/maps?q=%C4%8Cernolesk%C3%A1%202326%2C%20Bene%C5%A1ov&#038;t=m&#038;z=13&#038;output=embed&#038;iwloc=near\"\n\t\t\t\t\ttitle=\"\u010cernolesk\u00e1 2326, Bene\u0161ov\"\n\t\t\t\t\taria-label=\"\u010cernolesk\u00e1 2326, Bene\u0161ov\"\n\t\t\t src=\"data:image\/svg+xml;base64,PHN2ZyB3aWR0aD0iMSIgaGVpZ2h0PSIxIiB4bWxucz0iaHR0cDovL3d3dy53My5vcmcvMjAwMC9zdmciPjwvc3ZnPg==\" class=\"lazyload\" data-load-mode=\"1\"><\/iframe>\n\t\t<\/div>\n\t\t\t\t<\/div>\n\t\t\t\t<\/div>\n\t\t\t\t\t<\/div>\n\t\t<\/div>\n\t\t\t\t\t\t\t<\/div>\n\t\t<\/section>\n\t\t\t\t\t\t\t<\/div>\n\t\t","protected":false},"excerpt":{"rendered":"<p>Popt\u00e1vka +420 778 787 970 info@thermannpro.cz Provozovna, servis, p\u0159edv\u00e1d\u011bc\u00ed centrum \u010cernolesk\u00e1 2326 Bene\u0161ov 256 01 S\u00eddlo spole\u010dnosti THERMANN PRO s.r.o. Hor\u0148\u00e1teck\u00e1 481\/5 Praha 8 &#8211; Kobylisy 182 00 I\u010cO: 19567308 DI\u010c: CZ19567308 Nez\u00e1vazn\u00e1 popt\u00e1vka Nez\u00e1vazn\u00e1 popt\u00e1vka Jm\u00e9no a p\u0159\u00edjmen\u00ed * &hellip; <a href=\"https:\/\/www.thermannpro.cz\/en\/poptavka\/\">Read More<\/a><\/p>","protected":false},"author":3,"featured_media":0,"parent":0,"menu_order":0,"comment_status":"closed","ping_status":"closed","template":"","meta":{"footnotes":""},"class_list":["post-2219","page","type-page","status-publish","hentry"],"_links":{"self":[{"href":"https:\/\/www.thermannpro.cz\/en\/wp-json\/wp\/v2\/pages\/2219","targetHints":{"allow":["GET"]}}],"collection":[{"href":"https:\/\/www.thermannpro.cz\/en\/wp-json\/wp\/v2\/pages"}],"about":[{"href":"https:\/\/www.thermannpro.cz\/en\/wp-json\/wp\/v2\/types\/page"}],"author":[{"embeddable":true,"href":"https:\/\/www.thermannpro.cz\/en\/wp-json\/wp\/v2\/users\/3"}],"replies":[{"embeddable":true,"href":"https:\/\/www.thermannpro.cz\/en\/wp-json\/wp\/v2\/comments?post=2219"}],"version-history":[{"count":7,"href":"https:\/\/www.thermannpro.cz\/en\/wp-json\/wp\/v2\/pages\/2219\/revisions"}],"predecessor-version":[{"id":2229,"href":"https:\/\/www.thermannpro.cz\/en\/wp-json\/wp\/v2\/pages\/2219\/revisions\/2229"}],"wp:attachment":[{"href":"https:\/\/www.thermannpro.cz\/en\/wp-json\/wp\/v2\/media?parent=2219"}],"curies":[{"name":"wp","href":"https:\/\/api.w.org\/{rel}","templated":true}]}}