{"id":2429,"date":"2024-08-20T17:05:09","date_gmt":"2024-08-20T15:05:09","guid":{"rendered":"https:\/\/www.thermannpro.cz\/?page_id=2429"},"modified":"2024-08-20T17:10:23","modified_gmt":"2024-08-20T15:10:23","slug":"o-nas","status":"publish","type":"page","link":"https:\/\/www.thermannpro.cz\/en\/o-nas\/","title":{"rendered":"About us"},"content":{"rendered":"<div data-elementor-type=\"wp-page\" data-elementor-id=\"2429\" class=\"elementor elementor-2429\">\n\t\t\t\t\t\t\t\t\t<section class=\"elementor-section elementor-top-section elementor-element elementor-element-fe67a9f elementor-section-boxed elementor-section-height-default elementor-section-height-default wpr-equal-height-no\" data-id=\"fe67a9f\" data-element_type=\"section\">\n\t\t\t\t\t\t<div class=\"elementor-container elementor-column-gap-default\">\n\t\t\t\t\t<div class=\"elementor-column elementor-col-100 elementor-top-column elementor-element elementor-element-4c96983\" data-id=\"4c96983\" data-element_type=\"column\" data-settings=\"{&quot;background_background&quot;:&quot;classic&quot;}\">\n\t\t\t<div class=\"elementor-widget-wrap elementor-element-populated\">\n\t\t\t\t\t<div class=\"elementor-background-overlay\"><\/div>\n\t\t\t\t\t\t\t\t<div class=\"elementor-element elementor-element-0aef057 elementor-invisible elementor-widget elementor-widget-heading\" data-id=\"0aef057\" data-element_type=\"widget\" data-settings=\"{&quot;_animation&quot;:&quot;fadeInDown&quot;,&quot;_animation_delay&quot;:&quot;100&quot;}\" data-widget_type=\"heading.default\">\n\t\t\t\t<div class=\"elementor-widget-container\">\n\t\t\t<h1 class=\"elementor-heading-title elementor-size-default\">About us<\/h1>\t\t<\/div>\n\t\t\t\t<\/div>\n\t\t\t\t\t<\/div>\n\t\t<\/div>\n\t\t\t\t\t\t\t<\/div>\n\t\t<\/section>\n\t\t\t\t<section class=\"elementor-section elementor-top-section elementor-element elementor-element-9c45bad elementor-section-boxed elementor-section-height-default elementor-section-height-default wpr-equal-height-no\" data-id=\"9c45bad\" data-element_type=\"section\">\n\t\t\t\t\t\t<div class=\"elementor-container elementor-column-gap-default\">\n\t\t\t\t\t<div class=\"elementor-column elementor-col-100 elementor-top-column elementor-element elementor-element-2b5ece9\" data-id=\"2b5ece9\" data-element_type=\"column\">\n\t\t\t<div class=\"elementor-widget-wrap elementor-element-populated\">\n\t\t\t\t\t\t\t\t<div class=\"elementor-element elementor-element-9ea775b elementor-widget elementor-widget-text-editor\" data-id=\"9ea775b\" data-element_type=\"widget\" data-widget_type=\"text-editor.default\">\n\t\t\t\t<div class=\"elementor-widget-container\">\n\t\t\t\t\t\t\t<p>The company THERMANN PRO s.r.o. is a company that was founded with the intention of making top green energy devices available to consumers.<\/p><p>The company was created by connecting successful, dynamically developing family companies with many years of experience, which hold a significant position in the field of energy distribution, network design, construction, and service. It is also a trading company that has been a distributor of consumer goods, focused specifically on ecological energy, to selected EU countries for several years.<\/p><p>Monitoring innovations and trends in the field of renewable resources is key for us, and last but not least, customer needs are our priority. This is the only way we can comprehensively develop products and focus on technological innovation, efficiency, and sustainability.<\/p><p>We always have a wide range of spare parts available for all our heat pumps and other technical equipment. Thanks to this, we can guarantee you maximum service and the life expectancy of your device.<\/p>\t\t\t\t\t\t<\/div>\n\t\t\t\t<\/div>\n\t\t\t\t\t<\/div>\n\t\t<\/div>\n\t\t\t\t\t\t\t<\/div>\n\t\t<\/section>\n\t\t\t\t\t\t\t<\/div>","protected":false},"excerpt":{"rendered":"<p>O n\u00e1s Firma THERMANN PRO s.r.o. je spole\u010dnost, kter\u00e1 byla zalo\u017eena se z\u00e1m\u011brem zp\u0159\u00edstupnit spot\u0159ebitel\u016fm \u0161pi\u010dkov\u00e1 za\u0159\u00edzen\u00ed vyu\u017e\u00edvaj\u00edc\u00ed tzv. zelenou energii. Spole\u010dnost vznikla propojen\u00edm \u00fasp\u011b\u0161n\u00fdch dynamicky se rozv\u00edjej\u00edc\u00edch rodinn\u00fdch firem s\u00a0dlouholet\u00fdmi zku\u0161enostmi, kter\u00e9 zauj\u00edmaj\u00ed v\u00fdznamn\u00e9 postaven\u00ed v\u00a0oblasti projekce, v\u00fdstavby a &hellip; <a href=\"https:\/\/www.thermannpro.cz\/en\/o-nas\/\">Read More<\/a><\/p>","protected":false},"author":3,"featured_media":0,"parent":0,"menu_order":0,"comment_status":"closed","ping_status":"closed","template":"","meta":{"footnotes":""},"class_list":["post-2429","page","type-page","status-publish","hentry"],"_links":{"self":[{"href":"https:\/\/www.thermannpro.cz\/en\/wp-json\/wp\/v2\/pages\/2429","targetHints":{"allow":["GET"]}}],"collection":[{"href":"https:\/\/www.thermannpro.cz\/en\/wp-json\/wp\/v2\/pages"}],"about":[{"href":"https:\/\/www.thermannpro.cz\/en\/wp-json\/wp\/v2\/types\/page"}],"author":[{"embeddable":true,"href":"https:\/\/www.thermannpro.cz\/en\/wp-json\/wp\/v2\/users\/3"}],"replies":[{"embeddable":true,"href":"https:\/\/www.thermannpro.cz\/en\/wp-json\/wp\/v2\/comments?post=2429"}],"version-history":[{"count":4,"href":"https:\/\/www.thermannpro.cz\/en\/wp-json\/wp\/v2\/pages\/2429\/revisions"}],"predecessor-version":[{"id":2433,"href":"https:\/\/www.thermannpro.cz\/en\/wp-json\/wp\/v2\/pages\/2429\/revisions\/2433"}],"wp:attachment":[{"href":"https:\/\/www.thermannpro.cz\/en\/wp-json\/wp\/v2\/media?parent=2429"}],"curies":[{"name":"wp","href":"https:\/\/api.w.org\/{rel}","templated":true}]}}