{"id":986,"date":"2023-09-09T10:01:10","date_gmt":"2023-09-09T08:01:10","guid":{"rendered":"https:\/\/www.thermannpro.cz\/?page_id=986"},"modified":"2023-10-24T09:13:45","modified_gmt":"2023-10-24T07:13:45","slug":"tepelne-cerpadlo-the-006f1","status":"publish","type":"page","link":"https:\/\/www.thermannpro.cz\/en\/tepelne-cerpadlo-the-006f1\/","title":{"rendered":"Heat pump THE-006F1"},"content":{"rendered":"<div data-elementor-type=\"wp-page\" data-elementor-id=\"986\" class=\"elementor elementor-986\">\n\t\t\t\t\t\t\t\t\t<section class=\"elementor-section elementor-top-section elementor-element elementor-element-8e8fd47 elementor-section-boxed elementor-section-height-default elementor-section-height-default wpr-equal-height-no\" data-id=\"8e8fd47\" data-element_type=\"section\">\n\t\t\t\t\t\t<div class=\"elementor-container elementor-column-gap-default\">\n\t\t\t\t\t<div class=\"elementor-column elementor-col-100 elementor-top-column elementor-element elementor-element-3f9d801\" data-id=\"3f9d801\" data-element_type=\"column\" data-settings=\"{&quot;background_background&quot;:&quot;classic&quot;}\">\n\t\t\t<div class=\"elementor-widget-wrap elementor-element-populated\">\n\t\t\t\t\t<div class=\"elementor-background-overlay\"><\/div>\n\t\t\t\t\t\t\t\t<div class=\"elementor-element elementor-element-abb0823 elementor-invisible elementor-widget elementor-widget-heading\" data-id=\"abb0823\" data-element_type=\"widget\" data-settings=\"{&quot;_animation&quot;:&quot;fadeInDown&quot;,&quot;_animation_delay&quot;:&quot;100&quot;}\" data-widget_type=\"heading.default\">\n\t\t\t\t<div class=\"elementor-widget-container\">\n\t\t\t<h1 class=\"elementor-heading-title elementor-size-default\">Heat pump THE-006F1<\/h1>\t\t<\/div>\n\t\t\t\t<\/div>\n\t\t\t\t\t<\/div>\n\t\t<\/div>\n\t\t\t\t\t\t\t<\/div>\n\t\t<\/section>\n\t\t\t\t<section class=\"elementor-section elementor-top-section elementor-element elementor-element-7af23cb elementor-section-boxed elementor-section-height-default elementor-section-height-default wpr-equal-height-no\" data-id=\"7af23cb\" data-element_type=\"section\">\n\t\t\t\t\t\t<div class=\"elementor-container elementor-column-gap-wide\">\n\t\t\t\t\t<div class=\"elementor-column elementor-col-50 elementor-top-column elementor-element elementor-element-9224c8d\" data-id=\"9224c8d\" data-element_type=\"column\">\n\t\t\t<div class=\"elementor-widget-wrap elementor-element-populated\">\n\t\t\t\t\t\t\t\t<div class=\"elementor-element elementor-element-4f79d94 animated-fast elementor-invisible elementor-widget elementor-widget-heading\" data-id=\"4f79d94\" data-element_type=\"widget\" data-settings=\"{&quot;_animation&quot;:&quot;fadeInLeft&quot;,&quot;_animation_delay&quot;:200}\" data-widget_type=\"heading.default\">\n\t\t\t\t<div class=\"elementor-widget-container\">\n\t\t\t<h2 class=\"elementor-heading-title elementor-size-default\">THERMANNPRO heat pumps<\/h2>\t\t<\/div>\n\t\t\t\t<\/div>\n\t\t\t\t\t<\/div>\n\t\t<\/div>\n\t\t\t\t<div class=\"elementor-column elementor-col-50 elementor-top-column elementor-element elementor-element-5288b51\" data-id=\"5288b51\" data-element_type=\"column\">\n\t\t\t<div class=\"elementor-widget-wrap elementor-element-populated\">\n\t\t\t\t\t\t\t\t<div class=\"elementor-element elementor-element-22c4487 animated-fast elementor-invisible elementor-widget elementor-widget-heading\" data-id=\"22c4487\" data-element_type=\"widget\" data-settings=\"{&quot;_animation&quot;:&quot;fadeInRight&quot;,&quot;_animation_delay&quot;:&quot;200&quot;}\" data-widget_type=\"heading.default\">\n\t\t\t\t<div class=\"elementor-widget-container\">\n\t\t\t<h5 class=\"elementor-heading-title elementor-size-default\">Heat pump THE-006F1 with an output of 6.46kW in a 1-phase design.<\/h5>\t\t<\/div>\n\t\t\t\t<\/div>\n\t\t\t\t\t<\/div>\n\t\t<\/div>\n\t\t\t\t\t\t\t<\/div>\n\t\t<\/section>\n\t\t\t\t<section class=\"elementor-section elementor-top-section elementor-element elementor-element-3447819 elementor-section-boxed elementor-section-height-default elementor-section-height-default wpr-equal-height-no\" data-id=\"3447819\" data-element_type=\"section\">\n\t\t\t\t\t\t<div class=\"elementor-container elementor-column-gap-default\">\n\t\t\t\t\t<div class=\"elementor-column elementor-col-100 elementor-top-column elementor-element elementor-element-339c922\" data-id=\"339c922\" data-element_type=\"column\" data-settings=\"{&quot;background_background&quot;:&quot;classic&quot;}\">\n\t\t\t<div class=\"elementor-widget-wrap elementor-element-populated\">\n\t\t\t\t\t\t\t\t<div class=\"elementor-element elementor-element-235d704 animated-fast elementor-invisible elementor-widget elementor-widget-heading\" data-id=\"235d704\" data-element_type=\"widget\" data-settings=\"{&quot;_animation&quot;:&quot;fadeInUp&quot;}\" data-widget_type=\"heading.default\">\n\t\t\t\t<div class=\"elementor-widget-container\">\n\t\t\t<h2 class=\"elementor-heading-title elementor-size-default\">Technical information<\/h2>\t\t<\/div>\n\t\t\t\t<\/div>\n\t\t\t\t<div class=\"elementor-element elementor-element-589bea9 animated-fast elementor-invisible elementor-widget elementor-widget-heading\" data-id=\"589bea9\" data-element_type=\"widget\" data-settings=\"{&quot;_animation&quot;:&quot;fadeInUp&quot;}\" data-widget_type=\"heading.default\">\n\t\t\t\t<div class=\"elementor-widget-container\">\n\t\t\t<p class=\"elementor-heading-title elementor-size-default\">of the THE-006F1 heat pump<\/p>\t\t<\/div>\n\t\t\t\t<\/div>\n\t\t\t\t\t<\/div>\n\t\t<\/div>\n\t\t\t\t\t\t\t<\/div>\n\t\t<\/section>\n\t\t\t\t<section class=\"elementor-section elementor-top-section elementor-element elementor-element-74623c5 elementor-section-boxed elementor-section-height-default elementor-section-height-default wpr-equal-height-no\" data-id=\"74623c5\" data-element_type=\"section\" data-settings=\"{&quot;background_background&quot;:&quot;classic&quot;}\">\n\t\t\t\t\t\t<div class=\"elementor-container elementor-column-gap-default\">\n\t\t\t\t\t<div class=\"elementor-column elementor-col-100 elementor-top-column elementor-element elementor-element-80413cd\" data-id=\"80413cd\" data-element_type=\"column\">\n\t\t\t<div class=\"elementor-widget-wrap elementor-element-populated\">\n\t\t\t\t\t\t\t\t<div class=\"elementor-element elementor-element-2d90071 elementor-widget elementor-widget-image\" data-id=\"2d90071\" data-element_type=\"widget\" data-widget_type=\"image.default\">\n\t\t\t\t<div class=\"elementor-widget-container\">\n\t\t\t\t\t\t\t\t\t\t\t\t\t\t\t\t<a href=\"https:\/\/www.thermannpro.cz\/wp-content\/uploads\/2025\/03\/THE-006F1-EN.png\" data-elementor-open-lightbox=\"yes\" data-elementor-lightbox-title=\"tech-info_006F1_230925\" data-e-action-hash=\"#elementor-action%3Aaction%3Dlightbox%26settings%3DeyJpZCI6MTgyNSwidXJsIjoiaHR0cHM6XC9cL3d3dy50aGVybWFubnByby5jelwvd3AtY29udGVudFwvdXBsb2Fkc1wvMjAyM1wvMTBcL3RlY2gtaW5mb18wMDZGMV8yMzA5MjUucG5nIn0%3D\">\n\t\t\t\t\t\t\t<img fetchpriority=\"high\" decoding=\"async\" width=\"543\" height=\"782\" src=\"https:\/\/www.thermannpro.cz\/wp-content\/uploads\/2025\/03\/THE-006F1-EN.png\" class=\"attachment-full size-full wp-image-1825\" alt=\"\" srcset=\"https:\/\/www.thermannpro.cz\/wp-content\/uploads\/2025\/03\/THE-006F1-EN.png 566w, https:\/\/www.thermannpro.cz\/wp-content\/uploads\/2025\/03\/THE-006F1-EN-207x300.png 207w, https:\/\/www.thermannpro.cz\/wp-content\/uploads\/2025\/03\/THE-006F1-EN-8x12.png 8w, https:\/\/www.thermannpro.cz\/wp-content\/uploads\/2025\/03\/THE-006F1-EN-69x100.png 69w, https:\/\/www.thermannpro.cz\/wp-content\/uploads\/2025\/03\/THE-006F1-EN-55x80.png 55w, https:\/\/www.thermannpro.cz\/wp-content\/uploads\/2025\/03\/THE-006F1-EN-209x303.png 209w, https:\/\/www.thermannpro.cz\/wp-content\/uploads\/2025\/03\/THE-006F1-EN-483x700.png 483w\" sizes=\"(max-width: 543px) 100vw, 543px\" \/>\t\t\t\t\t\t\t\t<\/a>\n\t\t\t\t\t\t\t\t\t\t\t\t\t\t\t<\/div>\n\t\t\t\t<\/div>\n\t\t\t\t\t<\/div>\n\t\t<\/div>\n\t\t\t\t\t\t\t<\/div>\n\t\t<\/section>\n\t\t\t\t<section class=\"elementor-section elementor-top-section elementor-element elementor-element-2d49b7c elementor-section-boxed elementor-section-height-default elementor-section-height-default wpr-equal-height-no\" data-id=\"2d49b7c\" data-element_type=\"section\">\n\t\t\t\t\t\t<div class=\"elementor-container elementor-column-gap-default\">\n\t\t\t\t\t<div class=\"elementor-column elementor-col-100 elementor-top-column elementor-element elementor-element-e23e787\" data-id=\"e23e787\" data-element_type=\"column\">\n\t\t\t<div class=\"elementor-widget-wrap elementor-element-populated\">\n\t\t\t\t\t\t\t\t<div class=\"elementor-element elementor-element-2754f7d animated-fast elementor-invisible elementor-widget elementor-widget-heading\" data-id=\"2754f7d\" data-element_type=\"widget\" data-settings=\"{&quot;_animation&quot;:&quot;fadeInUp&quot;}\" data-widget_type=\"heading.default\">\n\t\t\t\t<div class=\"elementor-widget-container\">\n\t\t\t<h2 class=\"elementor-heading-title elementor-size-default\">Complete technical sheet<\/h2>\t\t<\/div>\n\t\t\t\t<\/div>\n\t\t\t\t<div class=\"elementor-element elementor-element-1bec01c elementor-align-center elementor-mobile-align-center elementor-invisible elementor-widget elementor-widget-button\" data-id=\"1bec01c\" data-element_type=\"widget\" data-settings=\"{&quot;_animation&quot;:&quot;fadeIn&quot;}\" data-widget_type=\"button.default\">\n\t\t\t\t<div class=\"elementor-widget-container\">\n\t\t\t\t\t<div class=\"elementor-button-wrapper\">\n\t\t\t<a class=\"elementor-button elementor-button-link elementor-size-lg\" href=\"https:\/\/www.thermannpro.cz\/wp-content\/uploads\/2023\/10\/Technicky_list_006F1_231015.pdf\" target=\"_blank\">\n\t\t\t\t\t\t<span class=\"elementor-button-content-wrapper\">\n\t\t\t\t\t\t<span class=\"elementor-button-text\">Download technical sheet<\/span>\n\t\t<\/span>\n\t\t\t\t\t<\/a>\n\t\t<\/div>\n\t\t\t\t<\/div>\n\t\t\t\t<\/div>\n\t\t\t\t\t<\/div>\n\t\t<\/div>\n\t\t\t\t\t\t\t<\/div>\n\t\t<\/section>\n\t\t\t\t<section class=\"elementor-section elementor-top-section elementor-element elementor-element-7619acb elementor-section-boxed elementor-section-height-default elementor-section-height-default wpr-equal-height-no\" data-id=\"7619acb\" data-element_type=\"section\" data-settings=\"{&quot;background_background&quot;:&quot;classic&quot;}\">\n\t\t\t\t\t\t<div class=\"elementor-container elementor-column-gap-default\">\n\t\t\t\t\t<div class=\"elementor-column elementor-col-50 elementor-top-column elementor-element elementor-element-7355a23\" data-id=\"7355a23\" data-element_type=\"column\" data-settings=\"{&quot;background_background&quot;:&quot;classic&quot;}\">\n\t\t\t<div class=\"elementor-widget-wrap elementor-element-populated\">\n\t\t\t\t\t\t\t\t<div class=\"elementor-element elementor-element-c6f1e58 animated-fast elementor-invisible elementor-widget elementor-widget-heading\" data-id=\"c6f1e58\" data-element_type=\"widget\" data-settings=\"{&quot;_animation&quot;:&quot;fadeInLeft&quot;,&quot;_animation_delay&quot;:200}\" data-widget_type=\"heading.default\">\n\t\t\t\t<div class=\"elementor-widget-container\">\n\t\t\t<h2 class=\"elementor-heading-title elementor-size-default\">Heat pump energy label THE-006F1<\/h2>\t\t<\/div>\n\t\t\t\t<\/div>\n\t\t\t\t\t<\/div>\n\t\t<\/div>\n\t\t\t\t<div class=\"elementor-column elementor-col-50 elementor-top-column elementor-element elementor-element-dd3d96d\" data-id=\"dd3d96d\" data-element_type=\"column\" data-settings=\"{&quot;background_background&quot;:&quot;classic&quot;}\">\n\t\t\t<div class=\"elementor-widget-wrap elementor-element-populated\">\n\t\t\t\t\t\t\t\t<div class=\"elementor-element elementor-element-cb5f0fa elementor-widget elementor-widget-image\" data-id=\"cb5f0fa\" data-element_type=\"widget\" data-widget_type=\"image.default\">\n\t\t\t\t<div class=\"elementor-widget-container\">\n\t\t\t\t\t\t\t\t\t\t\t\t\t\t\t\t<a href=\"https:\/\/www.thermannpro.cz\/wp-content\/uploads\/2023\/09\/energeticky-stitek_THE-006F1.jpg\" data-elementor-open-lightbox=\"yes\" data-elementor-lightbox-title=\"Energetick\u00fd \u0161t\u00edtek THE-006F1\" data-e-action-hash=\"#elementor-action%3Aaction%3Dlightbox%26settings%3DeyJpZCI6OTg5LCJ1cmwiOiJodHRwczpcL1wvd3d3LnRoZXJtYW5ucHJvLmN6XC93cC1jb250ZW50XC91cGxvYWRzXC8yMDIzXC8wOVwvZW5lcmdldGlja3ktc3RpdGVrX1RIRS0wMDZGMS5qcGcifQ%3D%3D\">\n\t\t\t\t\t\t\t<img decoding=\"async\" width=\"525\" height=\"1000\" data-src=\"https:\/\/www.thermannpro.cz\/wp-content\/uploads\/2023\/09\/energeticky-stitek_THE-006F1.jpg\" class=\"attachment-full size-full wp-image-989 lazyload\" alt=\"Energetick\u00fd \u0161t\u00edtek THE-006F1\" data-srcset=\"https:\/\/www.thermannpro.cz\/wp-content\/uploads\/2023\/09\/energeticky-stitek_THE-006F1.jpg 525w, https:\/\/www.thermannpro.cz\/wp-content\/uploads\/2023\/09\/energeticky-stitek_THE-006F1-158x300.jpg 158w, https:\/\/www.thermannpro.cz\/wp-content\/uploads\/2023\/09\/energeticky-stitek_THE-006F1-53x100.jpg 53w, https:\/\/www.thermannpro.cz\/wp-content\/uploads\/2023\/09\/energeticky-stitek_THE-006F1-42x80.jpg 42w, https:\/\/www.thermannpro.cz\/wp-content\/uploads\/2023\/09\/energeticky-stitek_THE-006F1-159x303.jpg 159w, https:\/\/www.thermannpro.cz\/wp-content\/uploads\/2023\/09\/energeticky-stitek_THE-006F1-368x700.jpg 368w, https:\/\/www.thermannpro.cz\/wp-content\/uploads\/2023\/09\/energeticky-stitek_THE-006F1-499x950.jpg 499w\" data-sizes=\"(max-width: 525px) 100vw, 525px\" src=\"data:image\/svg+xml;base64,PHN2ZyB3aWR0aD0iMSIgaGVpZ2h0PSIxIiB4bWxucz0iaHR0cDovL3d3dy53My5vcmcvMjAwMC9zdmciPjwvc3ZnPg==\" style=\"--smush-placeholder-width: 525px; --smush-placeholder-aspect-ratio: 525\/1000;\" \/>\t\t\t\t\t\t\t\t<\/a>\n\t\t\t\t\t\t\t\t\t\t\t\t\t\t\t<\/div>\n\t\t\t\t<\/div>\n\t\t\t\t\t<\/div>\n\t\t<\/div>\n\t\t\t\t\t\t\t<\/div>\n\t\t<\/section>\n\t\t\t\t<section class=\"elementor-section elementor-top-section elementor-element elementor-element-c7c19e4 elementor-section-boxed elementor-section-height-default elementor-section-height-default wpr-equal-height-no\" data-id=\"c7c19e4\" data-element_type=\"section\">\n\t\t\t\t\t\t<div class=\"elementor-container elementor-column-gap-default\">\n\t\t\t\t\t<div class=\"elementor-column elementor-col-100 elementor-top-column elementor-element elementor-element-e59223f\" data-id=\"e59223f\" data-element_type=\"column\">\n\t\t\t<div class=\"elementor-widget-wrap elementor-element-populated\">\n\t\t\t\t\t\t\t\t<div class=\"elementor-element elementor-element-0488b4c elementor-widget elementor-widget-themo-image-gallery\" data-id=\"0488b4c\" data-element_type=\"widget\" data-widget_type=\"themo-image-gallery.default\">\n\t\t\t\t<div class=\"elementor-widget-container\">\n\t\t\t\t\t<div class=\"elementor-image-gallery\">\n\t\t\t<div class=\"gallery gallery-986-1\"><div class=\"row gallery-row\"><div class=\"col-sm-4 col-lg-4\"><a data-toggle=\"lightbox\" data-gallery=\"multiimages\" data-title=\"\"  class=\"thumbnail img-thumbnail\" href='https:\/\/www.thermannpro.cz\/wp-content\/uploads\/2023\/09\/IMG_6278_LQ-938x950.png'><img decoding=\"async\" width=\"296\" height=\"300\" data-src=\"https:\/\/www.thermannpro.cz\/wp-content\/uploads\/2023\/09\/IMG_6278_LQ-296x300.png\" class=\"attachment-medium size-medium lazyload\" alt=\"\" data-srcset=\"https:\/\/www.thermannpro.cz\/wp-content\/uploads\/2023\/09\/IMG_6278_LQ-296x300.png 296w, https:\/\/www.thermannpro.cz\/wp-content\/uploads\/2023\/09\/IMG_6278_LQ-768x778.png 768w, https:\/\/www.thermannpro.cz\/wp-content\/uploads\/2023\/09\/IMG_6278_LQ-99x100.png 99w, https:\/\/www.thermannpro.cz\/wp-content\/uploads\/2023\/09\/IMG_6278_LQ-79x80.png 79w, https:\/\/www.thermannpro.cz\/wp-content\/uploads\/2023\/09\/IMG_6278_LQ-299x303.png 299w, https:\/\/www.thermannpro.cz\/wp-content\/uploads\/2023\/09\/IMG_6278_LQ-691x700.png 691w, https:\/\/www.thermannpro.cz\/wp-content\/uploads\/2023\/09\/IMG_6278_LQ-938x950.png 938w, https:\/\/www.thermannpro.cz\/wp-content\/uploads\/2023\/09\/IMG_6278_LQ-938x950.png 1000w\" data-sizes=\"(max-width: 296px) 100vw, 296px\" src=\"data:image\/svg+xml;base64,PHN2ZyB3aWR0aD0iMSIgaGVpZ2h0PSIxIiB4bWxucz0iaHR0cDovL3d3dy53My5vcmcvMjAwMC9zdmciPjwvc3ZnPg==\" style=\"--smush-placeholder-width: 296px; --smush-placeholder-aspect-ratio: 296\/300;\" \/><\/a><div class=\"gallery-text\"><div class=\"image-title\">IMG_6278_LQ<\/div><\/div><\/div><div class=\"col-sm-4 col-lg-4\"><a data-toggle=\"lightbox\" data-gallery=\"multiimages\" data-title=\"\"  class=\"thumbnail img-thumbnail\" href='https:\/\/www.thermannpro.cz\/wp-content\/uploads\/2023\/09\/IMG_6275_LQ.png'><img decoding=\"async\" width=\"300\" height=\"277\" data-src=\"https:\/\/www.thermannpro.cz\/wp-content\/uploads\/2023\/09\/IMG_6275_LQ-300x277.png\" class=\"attachment-medium size-medium lazyload\" alt=\"\" data-srcset=\"https:\/\/www.thermannpro.cz\/wp-content\/uploads\/2023\/09\/IMG_6275_LQ-300x277.png 300w, https:\/\/www.thermannpro.cz\/wp-content\/uploads\/2023\/09\/IMG_6275_LQ-768x708.png 768w, https:\/\/www.thermannpro.cz\/wp-content\/uploads\/2023\/09\/IMG_6275_LQ-108x100.png 108w, https:\/\/www.thermannpro.cz\/wp-content\/uploads\/2023\/09\/IMG_6275_LQ-87x80.png 87w, https:\/\/www.thermannpro.cz\/wp-content\/uploads\/2023\/09\/IMG_6275_LQ-329x303.png 329w, https:\/\/www.thermannpro.cz\/wp-content\/uploads\/2023\/09\/IMG_6275_LQ-759x700.png 759w, https:\/\/www.thermannpro.cz\/wp-content\/uploads\/2023\/09\/IMG_6275_LQ.png 1000w\" data-sizes=\"(max-width: 300px) 100vw, 300px\" src=\"data:image\/svg+xml;base64,PHN2ZyB3aWR0aD0iMSIgaGVpZ2h0PSIxIiB4bWxucz0iaHR0cDovL3d3dy53My5vcmcvMjAwMC9zdmciPjwvc3ZnPg==\" style=\"--smush-placeholder-width: 300px; --smush-placeholder-aspect-ratio: 300\/277;\" \/><\/a><div class=\"gallery-text\"><div class=\"image-title\">IMG_6275_LQ<\/div><\/div><\/div><div class=\"col-sm-4 col-lg-4\"><a data-toggle=\"lightbox\" data-gallery=\"multiimages\" data-title=\"\"  class=\"thumbnail img-thumbnail\" href='https:\/\/www.thermannpro.cz\/wp-content\/uploads\/2023\/09\/IMG_6266_LQ-911x950.png'><img decoding=\"async\" width=\"288\" height=\"300\" data-src=\"https:\/\/www.thermannpro.cz\/wp-content\/uploads\/2023\/09\/IMG_6266_LQ-288x300.png\" class=\"attachment-medium size-medium lazyload\" alt=\"\" data-srcset=\"https:\/\/www.thermannpro.cz\/wp-content\/uploads\/2023\/09\/IMG_6266_LQ-288x300.png 288w, https:\/\/www.thermannpro.cz\/wp-content\/uploads\/2023\/09\/IMG_6266_LQ-768x801.png 768w, https:\/\/www.thermannpro.cz\/wp-content\/uploads\/2023\/09\/IMG_6266_LQ-96x100.png 96w, https:\/\/www.thermannpro.cz\/wp-content\/uploads\/2023\/09\/IMG_6266_LQ-77x80.png 77w, https:\/\/www.thermannpro.cz\/wp-content\/uploads\/2023\/09\/IMG_6266_LQ-291x303.png 291w, https:\/\/www.thermannpro.cz\/wp-content\/uploads\/2023\/09\/IMG_6266_LQ-671x700.png 671w, https:\/\/www.thermannpro.cz\/wp-content\/uploads\/2023\/09\/IMG_6266_LQ-911x950.png 911w, https:\/\/www.thermannpro.cz\/wp-content\/uploads\/2023\/09\/IMG_6266_LQ-911x950.png 959w\" data-sizes=\"(max-width: 288px) 100vw, 288px\" src=\"data:image\/svg+xml;base64,PHN2ZyB3aWR0aD0iMSIgaGVpZ2h0PSIxIiB4bWxucz0iaHR0cDovL3d3dy53My5vcmcvMjAwMC9zdmciPjwvc3ZnPg==\" style=\"--smush-placeholder-width: 288px; --smush-placeholder-aspect-ratio: 288\/300;\" \/><\/a><div class=\"gallery-text\"><div class=\"image-title\">IMG_6266_LQ<\/div><\/div><\/div><\/div><div class=\"row gallery-row\"><div class=\"col-sm-4 col-lg-4\"><a data-toggle=\"lightbox\" data-gallery=\"multiimages\" data-title=\"\"  class=\"thumbnail img-thumbnail\" href='https:\/\/www.thermannpro.cz\/wp-content\/uploads\/2023\/09\/IMG_6274_LQ.png'><img decoding=\"async\" width=\"300\" height=\"219\" data-src=\"https:\/\/www.thermannpro.cz\/wp-content\/uploads\/2023\/09\/IMG_6274_LQ-300x219.png\" class=\"attachment-medium size-medium lazyload\" alt=\"\" data-srcset=\"https:\/\/www.thermannpro.cz\/wp-content\/uploads\/2023\/09\/IMG_6274_LQ-300x219.png 300w, https:\/\/www.thermannpro.cz\/wp-content\/uploads\/2023\/09\/IMG_6274_LQ-768x561.png 768w, https:\/\/www.thermannpro.cz\/wp-content\/uploads\/2023\/09\/IMG_6274_LQ-137x100.png 137w, https:\/\/www.thermannpro.cz\/wp-content\/uploads\/2023\/09\/IMG_6274_LQ-110x80.png 110w, https:\/\/www.thermannpro.cz\/wp-content\/uploads\/2023\/09\/IMG_6274_LQ-394x288.png 394w, https:\/\/www.thermannpro.cz\/wp-content\/uploads\/2023\/09\/IMG_6274_LQ-915x668.png 915w, https:\/\/www.thermannpro.cz\/wp-content\/uploads\/2023\/09\/IMG_6274_LQ.png 1000w\" data-sizes=\"(max-width: 300px) 100vw, 300px\" src=\"data:image\/svg+xml;base64,PHN2ZyB3aWR0aD0iMSIgaGVpZ2h0PSIxIiB4bWxucz0iaHR0cDovL3d3dy53My5vcmcvMjAwMC9zdmciPjwvc3ZnPg==\" style=\"--smush-placeholder-width: 300px; --smush-placeholder-aspect-ratio: 300\/219;\" \/><\/a><div class=\"gallery-text\"><div class=\"image-title\">IMG_6274_LQ<\/div><\/div><\/div><div class=\"col-sm-4 col-lg-4\"><a data-toggle=\"lightbox\" data-gallery=\"multiimages\" data-title=\"\"  class=\"thumbnail img-thumbnail\" href='https:\/\/www.thermannpro.cz\/wp-content\/uploads\/2023\/09\/IMG_6307_LQ-941x950.png'><img decoding=\"async\" width=\"297\" height=\"300\" data-src=\"https:\/\/www.thermannpro.cz\/wp-content\/uploads\/2023\/09\/IMG_6307_LQ-297x300.png\" class=\"attachment-medium size-medium lazyload\" alt=\"\" data-srcset=\"https:\/\/www.thermannpro.cz\/wp-content\/uploads\/2023\/09\/IMG_6307_LQ-297x300.png 297w, https:\/\/www.thermannpro.cz\/wp-content\/uploads\/2023\/09\/IMG_6307_LQ-768x776.png 768w, https:\/\/www.thermannpro.cz\/wp-content\/uploads\/2023\/09\/IMG_6307_LQ-99x100.png 99w, https:\/\/www.thermannpro.cz\/wp-content\/uploads\/2023\/09\/IMG_6307_LQ-79x80.png 79w, https:\/\/www.thermannpro.cz\/wp-content\/uploads\/2023\/09\/IMG_6307_LQ-300x303.png 300w, https:\/\/www.thermannpro.cz\/wp-content\/uploads\/2023\/09\/IMG_6307_LQ-693x700.png 693w, https:\/\/www.thermannpro.cz\/wp-content\/uploads\/2023\/09\/IMG_6307_LQ-941x950.png 941w, https:\/\/www.thermannpro.cz\/wp-content\/uploads\/2023\/09\/IMG_6307_LQ-941x950.png 990w\" data-sizes=\"(max-width: 297px) 100vw, 297px\" src=\"data:image\/svg+xml;base64,PHN2ZyB3aWR0aD0iMSIgaGVpZ2h0PSIxIiB4bWxucz0iaHR0cDovL3d3dy53My5vcmcvMjAwMC9zdmciPjwvc3ZnPg==\" style=\"--smush-placeholder-width: 297px; --smush-placeholder-aspect-ratio: 297\/300;\" \/><\/a><div class=\"gallery-text\"><div class=\"image-title\">IMG_6307_LQ<\/div><\/div><\/div><div class=\"col-sm-4 col-lg-4\"><a data-toggle=\"lightbox\" data-gallery=\"multiimages\" data-title=\"\"  class=\"thumbnail img-thumbnail\" href='https:\/\/www.thermannpro.cz\/wp-content\/uploads\/2023\/09\/IMG_6321_LQ.png'><img decoding=\"async\" width=\"300\" height=\"230\" data-src=\"https:\/\/www.thermannpro.cz\/wp-content\/uploads\/2023\/09\/IMG_6321_LQ-300x230.png\" class=\"attachment-medium size-medium lazyload\" alt=\"\" data-srcset=\"https:\/\/www.thermannpro.cz\/wp-content\/uploads\/2023\/09\/IMG_6321_LQ-300x230.png 300w, https:\/\/www.thermannpro.cz\/wp-content\/uploads\/2023\/09\/IMG_6321_LQ-768x590.png 768w, https:\/\/www.thermannpro.cz\/wp-content\/uploads\/2023\/09\/IMG_6321_LQ-130x100.png 130w, https:\/\/www.thermannpro.cz\/wp-content\/uploads\/2023\/09\/IMG_6321_LQ-104x80.png 104w, https:\/\/www.thermannpro.cz\/wp-content\/uploads\/2023\/09\/IMG_6321_LQ-394x303.png 394w, https:\/\/www.thermannpro.cz\/wp-content\/uploads\/2023\/09\/IMG_6321_LQ-605x465.png 605w, https:\/\/www.thermannpro.cz\/wp-content\/uploads\/2023\/09\/IMG_6321_LQ-911x700.png 911w, https:\/\/www.thermannpro.cz\/wp-content\/uploads\/2023\/09\/IMG_6321_LQ.png 1000w\" data-sizes=\"(max-width: 300px) 100vw, 300px\" src=\"data:image\/svg+xml;base64,PHN2ZyB3aWR0aD0iMSIgaGVpZ2h0PSIxIiB4bWxucz0iaHR0cDovL3d3dy53My5vcmcvMjAwMC9zdmciPjwvc3ZnPg==\" style=\"--smush-placeholder-width: 300px; --smush-placeholder-aspect-ratio: 300\/230;\" \/><\/a><div class=\"gallery-text\"><div class=\"image-title\">IMG_6321_LQ<\/div><\/div><\/div><\/div><\/div>\t\t<\/div>\n\t\t\t\t<\/div>\n\t\t\t\t<\/div>\n\t\t\t\t\t<\/div>\n\t\t<\/div>\n\t\t\t\t\t\t\t<\/div>\n\t\t<\/section>\n\t\t\t\t\t\t\t<\/div>","protected":false},"excerpt":{"rendered":"<p>Tepeln\u00e9 \u010derpadlo THE-006F1 Tepeln\u00e1 \u010derpadla THERMANNPRO Tepeln\u00e9 \u010derpadlo THE-006F1 s v\u00fdkonem 6,46kW v 1-f\u00e1zov\u00e9m proveden\u00ed. Technick\u00e9 informace\u200b tepeln\u00e9ho \u010derpadla THE-006F1 Kompletn\u00ed technick\u00fd list St\u00e1hnout technick\u00fd list Energetick\u00fd \u0161t\u00edtek tepeln\u00e9ho \u010derpadla THE-006F1 IMG_6278_LQIMG_6275_LQIMG_6266_LQIMG_6274_LQIMG_6307_LQIMG_6321_LQ<\/p>","protected":false},"author":3,"featured_media":0,"parent":0,"menu_order":0,"comment_status":"closed","ping_status":"closed","template":"","meta":{"footnotes":""},"class_list":["post-986","page","type-page","status-publish","hentry"],"_links":{"self":[{"href":"https:\/\/www.thermannpro.cz\/en\/wp-json\/wp\/v2\/pages\/986","targetHints":{"allow":["GET"]}}],"collection":[{"href":"https:\/\/www.thermannpro.cz\/en\/wp-json\/wp\/v2\/pages"}],"about":[{"href":"https:\/\/www.thermannpro.cz\/en\/wp-json\/wp\/v2\/types\/page"}],"author":[{"embeddable":true,"href":"https:\/\/www.thermannpro.cz\/en\/wp-json\/wp\/v2\/users\/3"}],"replies":[{"embeddable":true,"href":"https:\/\/www.thermannpro.cz\/en\/wp-json\/wp\/v2\/comments?post=986"}],"version-history":[{"count":67,"href":"https:\/\/www.thermannpro.cz\/en\/wp-json\/wp\/v2\/pages\/986\/revisions"}],"predecessor-version":[{"id":1835,"href":"https:\/\/www.thermannpro.cz\/en\/wp-json\/wp\/v2\/pages\/986\/revisions\/1835"}],"wp:attachment":[{"href":"https:\/\/www.thermannpro.cz\/en\/wp-json\/wp\/v2\/media?parent=986"}],"curies":[{"name":"wp","href":"https:\/\/api.w.org\/{rel}","templated":true}]}}