{"id":2107,"date":"2023-12-13T19:25:35","date_gmt":"2023-12-13T18:25:35","guid":{"rendered":"https:\/\/www.thermannpro.cz\/?page_id=2107"},"modified":"2023-12-13T19:34:45","modified_gmt":"2023-12-13T18:34:45","slug":"realizace-nakup-tepelneho-cerpadla","status":"publish","type":"page","link":"https:\/\/www.thermannpro.cz\/sk\/realizace-nakup-tepelneho-cerpadla\/","title":{"rendered":"Proces realiz\u00e1cie a n\u00e1kupu tepeln\u00e9ho \u010derpadla"},"content":{"rendered":"<div data-elementor-type=\"wp-page\" data-elementor-id=\"2107\" class=\"elementor elementor-2107\">\n\t\t\t\t\t\t\t\t\t<section class=\"elementor-section elementor-top-section elementor-element elementor-element-b400264 elementor-section-boxed elementor-section-height-default elementor-section-height-default wpr-equal-height-no\" data-id=\"b400264\" data-element_type=\"section\">\n\t\t\t\t\t\t<div class=\"elementor-container elementor-column-gap-default\">\n\t\t\t\t\t<div class=\"elementor-column elementor-col-100 elementor-top-column elementor-element elementor-element-cc8fea3\" data-id=\"cc8fea3\" data-element_type=\"column\" data-settings=\"{&quot;background_background&quot;:&quot;classic&quot;}\">\n\t\t\t<div class=\"elementor-widget-wrap elementor-element-populated\">\n\t\t\t\t\t<div class=\"elementor-background-overlay\"><\/div>\n\t\t\t\t\t\t\t\t<div class=\"elementor-element elementor-element-b149dd9 elementor-invisible elementor-widget elementor-widget-heading\" data-id=\"b149dd9\" data-element_type=\"widget\" data-settings=\"{&quot;_animation&quot;:&quot;fadeInDown&quot;,&quot;_animation_delay&quot;:&quot;100&quot;}\" data-widget_type=\"heading.default\">\n\t\t\t\t<div class=\"elementor-widget-container\">\n\t\t\t<h1 class=\"elementor-heading-title elementor-size-default\">Realiz\u00e1cia a n\u00e1kup<\/h1>\t\t<\/div>\n\t\t\t\t<\/div>\n\t\t\t\t\t<\/div>\n\t\t<\/div>\n\t\t\t\t\t\t\t<\/div>\n\t\t<\/section>\n\t\t\t\t<section class=\"elementor-section elementor-top-section elementor-element elementor-element-14f3c4d5 elementor-section-boxed elementor-section-height-default elementor-section-height-default wpr-equal-height-no\" data-id=\"14f3c4d5\" data-element_type=\"section\">\n\t\t\t\t\t\t<div class=\"elementor-container elementor-column-gap-wide\">\n\t\t\t\t\t<div class=\"elementor-column elementor-col-100 elementor-top-column elementor-element elementor-element-254da0c8\" data-id=\"254da0c8\" data-element_type=\"column\">\n\t\t\t<div class=\"elementor-widget-wrap elementor-element-populated\">\n\t\t\t\t\t\t\t\t<div class=\"elementor-element elementor-element-3c3bfa70 animated-fast elementor-invisible elementor-widget elementor-widget-heading\" data-id=\"3c3bfa70\" data-element_type=\"widget\" data-settings=\"{&quot;_animation&quot;:&quot;fadeInLeft&quot;,&quot;_animation_delay&quot;:200}\" data-widget_type=\"heading.default\">\n\t\t\t\t<div class=\"elementor-widget-container\">\n\t\t\t<h2 class=\"elementor-heading-title elementor-size-default\">Proces realiz\u00e1cie a n\u00e1kupu tepeln\u00e9ho \u010derpadla<\/h2>\t\t<\/div>\n\t\t\t\t<\/div>\n\t\t\t\t\t<\/div>\n\t\t<\/div>\n\t\t\t\t\t\t\t<\/div>\n\t\t<\/section>\n\t\t\t\t<section class=\"elementor-section elementor-top-section elementor-element elementor-element-77e1548 elementor-section-boxed elementor-section-height-default elementor-section-height-default wpr-equal-height-no\" data-id=\"77e1548\" data-element_type=\"section\">\n\t\t\t\t\t\t<div class=\"elementor-container elementor-column-gap-default\">\n\t\t\t\t\t<div class=\"elementor-column elementor-col-100 elementor-top-column elementor-element elementor-element-1ce339f\" data-id=\"1ce339f\" data-element_type=\"column\" data-settings=\"{&quot;background_background&quot;:&quot;classic&quot;}\">\n\t\t\t<div class=\"elementor-widget-wrap elementor-element-populated\">\n\t\t\t\t\t\t\t\t<div class=\"elementor-element elementor-element-41ce357 elementor-position-left elementor-widget__width-initial elementor-position-mobile-top elementor-view-framed elementor-shape-circle elementor-invisible elementor-widget elementor-widget-themo-service-block\" data-id=\"41ce357\" data-element_type=\"widget\" data-settings=\"{&quot;_animation&quot;:&quot;fadeInRight&quot;}\" data-widget_type=\"themo-service-block.default\">\n\t\t\t\t<div class=\"elementor-widget-container\">\n\t\t\t\t\t<div class=\"th-service-block-w\">\n            <div class=\"elementor-icon-box-wrapper th-show-icon\">\n                                    <div class=\"elementor-icon-box-icon th-icon-size-sm\">\n                        <span class=\"elementor-icon\" >\n                            <i aria-hidden=\"true\" class=\"fas fa-phone-alt\"><\/i>                        <\/span>\n                    <\/div>\n                                <div class=\"elementor-icon-box-content\">\n                    <h3 class=\"elementor-icon-box-title\">\n                        <span >1. Kontaktujeme V\u00e1s<\/span>\n                    <\/h3>\n                    <p class=\"elementor-icon-box-description\">Po Vami vyplnenom o odoslanom dopytovom formul\u00e1ri sa V\u00e1m do 2 dn\u00ed ozve n\u00e1\u0161 obchodn\u00fd z\u00e1stupca s detailmi a dohodne si s Vami term\u00edn osobnej sch\u00f4dzky.<\/p>\n                <\/div>\n            <\/div>\n\n        <\/div>\n\n\t\t\t\t<\/div>\n\t\t\t\t<\/div>\n\t\t\t\t<div class=\"elementor-element elementor-element-85c4119 elementor-position-left elementor-widget__width-initial elementor-position-mobile-top elementor-view-framed elementor-shape-circle elementor-invisible elementor-widget elementor-widget-themo-service-block\" data-id=\"85c4119\" data-element_type=\"widget\" data-settings=\"{&quot;_animation&quot;:&quot;fadeInRight&quot;}\" data-widget_type=\"themo-service-block.default\">\n\t\t\t\t<div class=\"elementor-widget-container\">\n\t\t\t\t\t<div class=\"th-service-block-w\">\n            <div class=\"elementor-icon-box-wrapper th-show-icon\">\n                                    <div class=\"elementor-icon-box-icon th-icon-size-sm\">\n                        <span class=\"elementor-icon\" >\n                            <i aria-hidden=\"true\" class=\"fas fa-house-user\"><\/i>                        <\/span>\n                    <\/div>\n                                <div class=\"elementor-icon-box-content\">\n                    <h3 class=\"elementor-icon-box-title\">\n                        <span >2. N\u00e1v\u0161teva u V\u00e1s<\/span>\n                    <\/h3>\n                    <p class=\"elementor-icon-box-description\">Vo vopred dohodnutom term\u00edne za Vami pr\u00edde n\u00e1\u0161 technick\u00fd \u0161pecialista a na z\u00e1klade pos\u00fadenia Va\u0161ej nehnute\u013enosti (ve\u013ekos\u0165 domu, po\u010det os\u00f4b, tepeln\u00e1 strata) a vykurovacieho syst\u00e9mu s Vami preberie v\u0161etky mo\u017enosti a detaily na vytvorenie fin\u00e1lnej individu\u00e1lnej cenovej ponuky.<\/p>\n                <\/div>\n            <\/div>\n\n        <\/div>\n\n\t\t\t\t<\/div>\n\t\t\t\t<\/div>\n\t\t\t\t<div class=\"elementor-element elementor-element-641d63b elementor-position-left elementor-widget__width-initial elementor-position-mobile-top elementor-view-framed elementor-shape-circle elementor-invisible elementor-widget elementor-widget-themo-service-block\" data-id=\"641d63b\" data-element_type=\"widget\" data-settings=\"{&quot;_animation&quot;:&quot;fadeInRight&quot;}\" data-widget_type=\"themo-service-block.default\">\n\t\t\t\t<div class=\"elementor-widget-container\">\n\t\t\t\t\t<div class=\"th-service-block-w\">\n            <div class=\"elementor-icon-box-wrapper th-show-icon\">\n                                    <div class=\"elementor-icon-box-icon th-icon-size-sm\">\n                        <span class=\"elementor-icon\" >\n                            <i aria-hidden=\"true\" class=\"fas fa-calculator\"><\/i>                        <\/span>\n                    <\/div>\n                                <div class=\"elementor-icon-box-content\">\n                    <h3 class=\"elementor-icon-box-title\">\n                        <span >3. Individu\u00e1lna cenov\u00e1 ponuka<\/span>\n                    <\/h3>\n                    <p class=\"elementor-icon-box-description\">V\u0161etky inform\u00e1cie a podklady z osobnej sch\u00f4dzky bud\u00fa spracovan\u00e9 a zoh\u013eadnen\u00e9 na vytvorenie konkr\u00e9tneho n\u00e1vrhu, ktor\u00fd bude najvhodnej\u0161\u00ed pre Va\u0161u nehnute\u013enos\u0165.<\/p>\n                <\/div>\n            <\/div>\n\n        <\/div>\n\n\t\t\t\t<\/div>\n\t\t\t\t<\/div>\n\t\t\t\t<div class=\"elementor-element elementor-element-d59d7be elementor-position-left elementor-widget__width-initial elementor-position-mobile-top elementor-view-framed elementor-shape-circle elementor-invisible elementor-widget elementor-widget-themo-service-block\" data-id=\"d59d7be\" data-element_type=\"widget\" data-settings=\"{&quot;_animation&quot;:&quot;fadeInRight&quot;}\" data-widget_type=\"themo-service-block.default\">\n\t\t\t\t<div class=\"elementor-widget-container\">\n\t\t\t\t\t<div class=\"th-service-block-w\">\n            <div class=\"elementor-icon-box-wrapper th-show-icon\">\n                                    <div class=\"elementor-icon-box-icon th-icon-size-sm\">\n                        <span class=\"elementor-icon\" >\n                            <i aria-hidden=\"true\" class=\"fas fa-file-signature\"><\/i>                        <\/span>\n                    <\/div>\n                                <div class=\"elementor-icon-box-content\">\n                    <h3 class=\"elementor-icon-box-title\">\n                        <span >4. Podpis zmluvy<\/span>\n                    <\/h3>\n                    <p class=\"elementor-icon-box-description\">Akon\u00e1hle potvrd\u00edte a ods\u00fahlas\u00edte nami navrhovan\u00e9 rie\u0161enie, po\u0161leme V\u00e1m e-mailom n\u00e1vrh zmluvy na podp\u00edsanie. Potom bude dohodnut\u00fd term\u00edn realiz\u00e1cie\/in\u0161tal\u00e1cie tepeln\u00e9ho \u010derpadla a to v\u00e4\u010d\u0161inou do 14 dn\u00ed od podpisu zmluvy.<\/p>\n                <\/div>\n            <\/div>\n\n        <\/div>\n\n\t\t\t\t<\/div>\n\t\t\t\t<\/div>\n\t\t\t\t<div class=\"elementor-element elementor-element-cb9b224 elementor-position-left elementor-widget__width-initial elementor-position-mobile-top elementor-view-framed elementor-shape-circle elementor-invisible elementor-widget elementor-widget-themo-service-block\" data-id=\"cb9b224\" data-element_type=\"widget\" data-settings=\"{&quot;_animation&quot;:&quot;fadeInRight&quot;}\" data-widget_type=\"themo-service-block.default\">\n\t\t\t\t<div class=\"elementor-widget-container\">\n\t\t\t\t\t<div class=\"th-service-block-w\">\n            <div class=\"elementor-icon-box-wrapper th-show-icon\">\n                                    <div class=\"elementor-icon-box-icon th-icon-size-sm\">\n                        <span class=\"elementor-icon\" >\n                            <i aria-hidden=\"true\" class=\"far fa-money-bill-alt\"><\/i>                        <\/span>\n                    <\/div>\n                                <div class=\"elementor-icon-box-content\">\n                    <h3 class=\"elementor-icon-box-title\">\n                        <span >5. \u017diados\u0165 o dot\u00e1ciu<\/span>\n                    <\/h3>\n                    <p class=\"elementor-icon-box-description\">Priprav\u00edme za V\u00e1s v\u0161etku dokument\u00e1ciu spojen\u00fa s vybaven\u00edm dot\u00e1cie.<\/p>\n                <\/div>\n            <\/div>\n\n        <\/div>\n\n\t\t\t\t<\/div>\n\t\t\t\t<\/div>\n\t\t\t\t<div class=\"elementor-element elementor-element-3796d59 elementor-position-left elementor-widget__width-initial elementor-position-mobile-top elementor-view-framed elementor-shape-circle elementor-invisible elementor-widget elementor-widget-themo-service-block\" data-id=\"3796d59\" data-element_type=\"widget\" data-settings=\"{&quot;_animation&quot;:&quot;fadeInRight&quot;}\" data-widget_type=\"themo-service-block.default\">\n\t\t\t\t<div class=\"elementor-widget-container\">\n\t\t\t\t\t<div class=\"th-service-block-w\">\n            <div class=\"elementor-icon-box-wrapper th-show-icon\">\n                                    <div class=\"elementor-icon-box-icon th-icon-size-sm\">\n                        <span class=\"elementor-icon\" >\n                            <i aria-hidden=\"true\" class=\"fas fa-tools\"><\/i>                        <\/span>\n                    <\/div>\n                                <div class=\"elementor-icon-box-content\">\n                    <h3 class=\"elementor-icon-box-title\">\n                        <span >6. Realiz\u00e1cia<\/span>\n                    <\/h3>\n                    <p class=\"elementor-icon-box-description\">Vo vopred dohodnutom term\u00edne V\u00e1s nav\u0161t\u00edvi n\u00e1\u0161 sk\u00fasen\u00fd mont\u00e1\u017eny t\u00edm a prevedie tak in\u0161tal\u00e1ciu a zapojenie tepeln\u00e9ho \u010derpadla. Vykon\u00e1 sa rev\u00edzia syst\u00e9mu a vysvetl\u00edme V\u00e1m ako spr\u00e1vne a \u013eahko sa d\u00e1 tepeln\u00e9 \u010derpadlo ovl\u00e1da\u0165.  <\/p>\n                <\/div>\n            <\/div>\n\n        <\/div>\n\n\t\t\t\t<\/div>\n\t\t\t\t<\/div>\n\t\t\t\t<div class=\"elementor-element elementor-element-b6e285b elementor-position-left elementor-widget__width-initial elementor-position-mobile-top elementor-view-framed elementor-shape-circle elementor-invisible elementor-widget elementor-widget-themo-service-block\" data-id=\"b6e285b\" data-element_type=\"widget\" data-settings=\"{&quot;_animation&quot;:&quot;fadeInRight&quot;}\" data-widget_type=\"themo-service-block.default\">\n\t\t\t\t<div class=\"elementor-widget-container\">\n\t\t\t\t\t<div class=\"th-service-block-w\">\n            <div class=\"elementor-icon-box-wrapper th-show-icon\">\n                                    <div class=\"elementor-icon-box-icon th-icon-size-sm\">\n                        <span class=\"elementor-icon\" >\n                            <i aria-hidden=\"true\" class=\"fas fa-hand-holding-usd\"><\/i>                        <\/span>\n                    <\/div>\n                                <div class=\"elementor-icon-box-content\">\n                    <h3 class=\"elementor-icon-box-title\">\n                        <span >7. Vyplatenie dot\u00e1cie<\/span>\n                    <\/h3>\n                    <p class=\"elementor-icon-box-description\">Po\u0161leme V\u00e1m e-mailom v\u0161etku dokument\u00e1ciu spojen\u00fa s dota\u010dn\u00fdm programom, ktor\u00fa potom sta\u010d\u00ed posla\u0165 na \u0160t\u00e1tny fond \u017eivotn\u00e9ho prostredia (NZ\u00da). Akon\u00e1hle bude administrat\u00edvny proces zo strany NZ\u00da ukon\u010den\u00fd, bud\u00fa V\u00e1m peniaze vyplaten\u00e9 na V\u00e1\u0161 \u00fa\u010det.<\/p>\n                <\/div>\n            <\/div>\n\n        <\/div>\n\n\t\t\t\t<\/div>\n\t\t\t\t<\/div>\n\t\t\t\t\t<\/div>\n\t\t<\/div>\n\t\t\t\t\t\t\t<\/div>\n\t\t<\/section>\n\t\t\t\t\t\t\t<\/div>","protected":false},"excerpt":{"rendered":"<p>Realizace a n\u00e1kup Proces realizace a n\u00e1kupu tepeln\u00e9ho \u010derpadla 1. Kontaktujeme V\u00e1s Po V\u00e1mi vypln\u011bn\u00e9m o odeslan\u00e9m popt\u00e1vkov\u00e9m formul\u00e1\u0159i se V\u00e1m do 2 dn\u016f ozve n\u00e1\u0161 obchodn\u00ed z\u00e1stupce s\u00a0detaily a domluv\u00ed si s\u00a0V\u00e1mi term\u00edn osobn\u00ed sch\u016fzky. 2. N\u00e1v\u0161t\u011bva u V\u00e1s &hellip; <a href=\"https:\/\/www.thermannpro.cz\/sk\/realizace-nakup-tepelneho-cerpadla\/\">Read More<\/a><\/p>","protected":false},"author":3,"featured_media":0,"parent":0,"menu_order":0,"comment_status":"closed","ping_status":"closed","template":"","meta":{"footnotes":""},"class_list":["post-2107","page","type-page","status-publish","hentry"],"_links":{"self":[{"href":"https:\/\/www.thermannpro.cz\/sk\/wp-json\/wp\/v2\/pages\/2107","targetHints":{"allow":["GET"]}}],"collection":[{"href":"https:\/\/www.thermannpro.cz\/sk\/wp-json\/wp\/v2\/pages"}],"about":[{"href":"https:\/\/www.thermannpro.cz\/sk\/wp-json\/wp\/v2\/types\/page"}],"author":[{"embeddable":true,"href":"https:\/\/www.thermannpro.cz\/sk\/wp-json\/wp\/v2\/users\/3"}],"replies":[{"embeddable":true,"href":"https:\/\/www.thermannpro.cz\/sk\/wp-json\/wp\/v2\/comments?post=2107"}],"version-history":[{"count":4,"href":"https:\/\/www.thermannpro.cz\/sk\/wp-json\/wp\/v2\/pages\/2107\/revisions"}],"predecessor-version":[{"id":2111,"href":"https:\/\/www.thermannpro.cz\/sk\/wp-json\/wp\/v2\/pages\/2107\/revisions\/2111"}],"wp:attachment":[{"href":"https:\/\/www.thermannpro.cz\/sk\/wp-json\/wp\/v2\/media?parent=2107"}],"curies":[{"name":"wp","href":"https:\/\/api.w.org\/{rel}","templated":true}]}}