{"id":2705,"date":"2024-10-29T16:07:32","date_gmt":"2024-10-29T15:07:32","guid":{"rendered":"https:\/\/www.thermannpro.cz\/?page_id=2705"},"modified":"2024-10-29T16:13:33","modified_gmt":"2024-10-29T15:13:33","slug":"prislusenstvi-k-tepelnym-cerpadlum-rozvadec","status":"publish","type":"page","link":"https:\/\/www.thermannpro.cz\/sk\/sortiment\/prislusenstvi-k-tepelnym-cerpadlum-rozvadec\/","title":{"rendered":"P\u0159\u00edslu\u0161enstv\u00ed k T\u010c &#8211; rozvad\u011b\u010d"},"content":{"rendered":"<div data-elementor-type=\"wp-page\" data-elementor-id=\"2705\" class=\"elementor elementor-2705\">\n\t\t\t\t\t\t\t\t\t<section class=\"elementor-section elementor-top-section elementor-element elementor-element-a2f3eb7 elementor-section-boxed elementor-section-height-default elementor-section-height-default wpr-equal-height-no\" data-id=\"a2f3eb7\" data-element_type=\"section\">\n\t\t\t\t\t\t<div class=\"elementor-container elementor-column-gap-default\">\n\t\t\t\t\t<div class=\"elementor-column elementor-col-100 elementor-top-column elementor-element elementor-element-70153dd\" data-id=\"70153dd\" data-element_type=\"column\" data-settings=\"{&quot;background_background&quot;:&quot;classic&quot;}\">\n\t\t\t<div class=\"elementor-widget-wrap elementor-element-populated\">\n\t\t\t\t\t<div class=\"elementor-background-overlay\"><\/div>\n\t\t\t\t\t\t\t\t<div class=\"elementor-element elementor-element-ed492a7 elementor-invisible elementor-widget elementor-widget-heading\" data-id=\"ed492a7\" data-element_type=\"widget\" data-settings=\"{&quot;_animation&quot;:&quot;fadeInDown&quot;,&quot;_animation_delay&quot;:&quot;100&quot;}\" data-widget_type=\"heading.default\">\n\t\t\t\t<div class=\"elementor-widget-container\">\n\t\t\t<h1 class=\"elementor-heading-title elementor-size-default\">Rozvad\u011b\u010d<\/h1>\t\t<\/div>\n\t\t\t\t<\/div>\n\t\t\t\t\t<\/div>\n\t\t<\/div>\n\t\t\t\t\t\t\t<\/div>\n\t\t<\/section>\n\t\t\t\t<section class=\"elementor-section elementor-top-section elementor-element elementor-element-f7c662f elementor-section-boxed elementor-section-height-default elementor-section-height-default wpr-equal-height-no\" data-id=\"f7c662f\" data-element_type=\"section\">\n\t\t\t\t\t\t<div class=\"elementor-container elementor-column-gap-default\">\n\t\t\t\t\t<div class=\"elementor-column elementor-col-100 elementor-top-column elementor-element elementor-element-9d785fd\" data-id=\"9d785fd\" data-element_type=\"column\">\n\t\t\t<div class=\"elementor-widget-wrap elementor-element-populated\">\n\t\t\t\t\t\t\t\t<div class=\"elementor-element elementor-element-ab3f038 elementor-invisible elementor-widget elementor-widget-heading\" data-id=\"ab3f038\" data-element_type=\"widget\" data-settings=\"{&quot;_animation&quot;:&quot;fadeIn&quot;}\" data-widget_type=\"heading.default\">\n\t\t\t\t<div class=\"elementor-widget-container\">\n\t\t\t<h2 class=\"elementor-heading-title elementor-size-default\">1-f\u00e1zov\u00fd a 3-f\u00e1zov\u00fd rozvad\u011b\u010d<\/h2>\t\t<\/div>\n\t\t\t\t<\/div>\n\t\t\t\t<div class=\"elementor-element elementor-element-f885a46 elementor-widget elementor-widget-text-editor\" data-id=\"f885a46\" data-element_type=\"widget\" data-widget_type=\"text-editor.default\">\n\t\t\t\t<div class=\"elementor-widget-container\">\n\t\t\t\t\t\t\t<p style=\"text-align: center;\">V nab\u00eddce m\u00e1me 1-f\u00e1zov\u00fd a 3-f\u00e1zov\u00fd rozvad\u011b\u010d.<\/p>\t\t\t\t\t\t<\/div>\n\t\t\t\t<\/div>\n\t\t\t\t\t<\/div>\n\t\t<\/div>\n\t\t\t\t\t\t\t<\/div>\n\t\t<\/section>\n\t\t\t\t<section class=\"elementor-section elementor-top-section elementor-element elementor-element-34be658 elementor-section-boxed elementor-section-height-default elementor-section-height-default wpr-equal-height-no\" data-id=\"34be658\" data-element_type=\"section\">\n\t\t\t\t\t\t<div class=\"elementor-container elementor-column-gap-default\">\n\t\t\t\t\t<div class=\"elementor-column elementor-col-50 elementor-top-column elementor-element elementor-element-4516ba4\" data-id=\"4516ba4\" data-element_type=\"column\" data-settings=\"{&quot;background_background&quot;:&quot;classic&quot;}\">\n\t\t\t<div class=\"elementor-widget-wrap elementor-element-populated\">\n\t\t\t\t\t\t\t\t<div class=\"elementor-element elementor-element-351addf elementor-widget elementor-widget-spacer\" data-id=\"351addf\" data-element_type=\"widget\" data-widget_type=\"spacer.default\">\n\t\t\t\t<div class=\"elementor-widget-container\">\n\t\t\t\t\t<div class=\"elementor-spacer\">\n\t\t\t<div class=\"elementor-spacer-inner\"><\/div>\n\t\t<\/div>\n\t\t\t\t<\/div>\n\t\t\t\t<\/div>\n\t\t\t\t\t<\/div>\n\t\t<\/div>\n\t\t\t\t<div class=\"elementor-column elementor-col-50 elementor-top-column elementor-element elementor-element-47572d8\" data-id=\"47572d8\" data-element_type=\"column\" data-settings=\"{&quot;background_background&quot;:&quot;classic&quot;}\">\n\t\t\t<div class=\"elementor-widget-wrap elementor-element-populated\">\n\t\t\t\t\t\t\t\t<div class=\"elementor-element elementor-element-4316776 elementor-invisible elementor-widget elementor-widget-heading\" data-id=\"4316776\" data-element_type=\"widget\" data-settings=\"{&quot;_animation&quot;:&quot;fadeIn&quot;}\" data-widget_type=\"heading.default\">\n\t\t\t\t<div class=\"elementor-widget-container\">\n\t\t\t<h2 class=\"elementor-heading-title elementor-size-default\">1-f\u00e1zov\u00fd rozvad\u011b\u010d<\/h2>\t\t<\/div>\n\t\t\t\t<\/div>\n\t\t\t\t<div class=\"elementor-element elementor-element-2342c80 elementor-widget elementor-widget-text-editor\" data-id=\"2342c80\" data-element_type=\"widget\" data-widget_type=\"text-editor.default\">\n\t\t\t\t<div class=\"elementor-widget-container\">\n\t\t\t\t\t\t\t<p>Tento rozvad\u011b\u010d je navr\u017een pro jednof\u00e1zov\u00e9 elektrick\u00e9 p\u0159ipojen\u00ed a ochranu tepeln\u00e9ho \u010derpadla. Je vhodn\u00fd pro instalaci ve venkovn\u00edch i vnit\u0159n\u00edch prostor\u00e1ch d\u00edky stupni kryt\u00ed IP65.<\/p><p>Rozvad\u011b\u010d zaji\u0161\u0165uje bezpe\u010dn\u00e9 a efektivn\u00ed elektrick\u00e9 p\u0159ipojen\u00ed tepeln\u00e9ho \u010derpadla s ochranou proti nadm\u011brn\u00e9mu proudov\u00e9mu zat\u00ed\u017een\u00ed a ochranu p\u0159ed p\u0159ep\u011bt\u00edm v\u00a0elektrick\u00e9 s\u00edti.<\/p><p>Jeho slo\u017een\u00ed s vysoce kvalitn\u00edmi komponenty zaji\u0161\u0165uj\u00ed dlouhou \u017eivotnost a spolehliv\u00fd provoz v n\u00e1ro\u010dn\u00fdch podm\u00ednk\u00e1ch.<\/p>\t\t\t\t\t\t<\/div>\n\t\t\t\t<\/div>\n\t\t\t\t<div class=\"elementor-element elementor-element-ffa9f8c elementor-align-center elementor-mobile-align-center elementor-invisible elementor-widget elementor-widget-button\" data-id=\"ffa9f8c\" data-element_type=\"widget\" data-settings=\"{&quot;_animation&quot;:&quot;fadeIn&quot;}\" data-widget_type=\"button.default\">\n\t\t\t\t<div class=\"elementor-widget-container\">\n\t\t\t\t\t<div class=\"elementor-button-wrapper\">\n\t\t\t<a class=\"elementor-button elementor-button-link elementor-size-lg\" href=\"https:\/\/thermannpro.t3.upgates.shop\/p\/1-fazovy-rozvadec\" target=\"_blank\">\n\t\t\t\t\t\t<span class=\"elementor-button-content-wrapper\">\n\t\t\t\t\t\t<span class=\"elementor-button-text\">Koupit 1-f\u00e1zov\u00fd rozvad\u011b\u010d<\/span>\n\t\t<\/span>\n\t\t\t\t\t<\/a>\n\t\t<\/div>\n\t\t\t\t<\/div>\n\t\t\t\t<\/div>\n\t\t\t\t\t<\/div>\n\t\t<\/div>\n\t\t\t\t\t\t\t<\/div>\n\t\t<\/section>\n\t\t\t\t<section class=\"elementor-section elementor-top-section elementor-element elementor-element-a6ff2c4 elementor-section-boxed elementor-section-height-default elementor-section-height-default wpr-equal-height-no\" data-id=\"a6ff2c4\" data-element_type=\"section\">\n\t\t\t\t\t\t<div class=\"elementor-container elementor-column-gap-default\">\n\t\t\t\t\t<div class=\"elementor-column elementor-col-50 elementor-top-column elementor-element elementor-element-348dc3c\" data-id=\"348dc3c\" data-element_type=\"column\" data-settings=\"{&quot;background_background&quot;:&quot;classic&quot;}\">\n\t\t\t<div class=\"elementor-widget-wrap elementor-element-populated\">\n\t\t\t\t\t\t\t\t<div class=\"elementor-element elementor-element-a623bb4 elementor-invisible elementor-widget elementor-widget-heading\" data-id=\"a623bb4\" data-element_type=\"widget\" data-settings=\"{&quot;_animation&quot;:&quot;fadeIn&quot;}\" data-widget_type=\"heading.default\">\n\t\t\t\t<div class=\"elementor-widget-container\">\n\t\t\t<h2 class=\"elementor-heading-title elementor-size-default\">3-f\u00e1zov\u00fd rozvad\u011b\u010d<\/h2>\t\t<\/div>\n\t\t\t\t<\/div>\n\t\t\t\t<div class=\"elementor-element elementor-element-3e872f5 elementor-widget elementor-widget-text-editor\" data-id=\"3e872f5\" data-element_type=\"widget\" data-widget_type=\"text-editor.default\">\n\t\t\t\t<div class=\"elementor-widget-container\">\n\t\t\t\t\t\t\t<p>Tento rozvad\u011b\u010d je navr\u017een pro jednof\u00e1zov\u00e9 elektrick\u00e9 p\u0159ipojen\u00ed a ochranu tepeln\u00e9ho \u010derpadla. Je vhodn\u00fd pro instalaci ve venkovn\u00edch i vnit\u0159n\u00edch prostor\u00e1ch d\u00edky stupni kryt\u00ed IP65.<\/p><p>Rozvad\u011b\u010d zaji\u0161\u0165uje bezpe\u010dn\u00e9 a efektivn\u00ed elektrick\u00e9 p\u0159ipojen\u00ed tepeln\u00e9ho \u010derpadla s ochranou proti nadm\u011brn\u00e9mu proudov\u00e9mu zat\u00ed\u017een\u00ed a ochranu p\u0159ed p\u0159ep\u011bt\u00edm v\u00a0elektrick\u00e9 s\u00edti.<\/p><p>Jeho slo\u017een\u00ed s vysoce kvalitn\u00edmi komponenty zaji\u0161\u0165uj\u00ed dlouhou \u017eivotnost a spolehliv\u00fd provoz v n\u00e1ro\u010dn\u00fdch podm\u00ednk\u00e1ch.<\/p>\t\t\t\t\t\t<\/div>\n\t\t\t\t<\/div>\n\t\t\t\t<div class=\"elementor-element elementor-element-4a5c92c elementor-align-center elementor-mobile-align-center elementor-invisible elementor-widget elementor-widget-button\" data-id=\"4a5c92c\" data-element_type=\"widget\" data-settings=\"{&quot;_animation&quot;:&quot;fadeIn&quot;}\" data-widget_type=\"button.default\">\n\t\t\t\t<div class=\"elementor-widget-container\">\n\t\t\t\t\t<div class=\"elementor-button-wrapper\">\n\t\t\t<a class=\"elementor-button elementor-button-link elementor-size-lg\" href=\"https:\/\/thermannpro.t3.upgates.shop\/p\/3-fazovy-rozvadec\" target=\"_blank\">\n\t\t\t\t\t\t<span class=\"elementor-button-content-wrapper\">\n\t\t\t\t\t\t<span class=\"elementor-button-text\">Koupit 3-f\u00e1zov\u00fd rozvad\u011b\u010d<\/span>\n\t\t<\/span>\n\t\t\t\t\t<\/a>\n\t\t<\/div>\n\t\t\t\t<\/div>\n\t\t\t\t<\/div>\n\t\t\t\t\t<\/div>\n\t\t<\/div>\n\t\t\t\t<div class=\"elementor-column elementor-col-50 elementor-top-column elementor-element elementor-element-e188847\" data-id=\"e188847\" data-element_type=\"column\" data-settings=\"{&quot;background_background&quot;:&quot;classic&quot;}\">\n\t\t\t<div class=\"elementor-widget-wrap elementor-element-populated\">\n\t\t\t\t\t\t\t\t<div class=\"elementor-element elementor-element-36cae4e elementor-widget elementor-widget-spacer\" data-id=\"36cae4e\" data-element_type=\"widget\" data-widget_type=\"spacer.default\">\n\t\t\t\t<div class=\"elementor-widget-container\">\n\t\t\t\t\t<div class=\"elementor-spacer\">\n\t\t\t<div class=\"elementor-spacer-inner\"><\/div>\n\t\t<\/div>\n\t\t\t\t<\/div>\n\t\t\t\t<\/div>\n\t\t\t\t\t<\/div>\n\t\t<\/div>\n\t\t\t\t\t\t\t<\/div>\n\t\t<\/section>\n\t\t\t\t\t\t\t<\/div>","protected":false},"excerpt":{"rendered":"<p>Rozvad\u011b\u010d 1-f\u00e1zov\u00fd a 3-f\u00e1zov\u00fd rozvad\u011b\u010d V nab\u00eddce m\u00e1me 1-f\u00e1zov\u00fd a 3-f\u00e1zov\u00fd rozvad\u011b\u010d. 1-f\u00e1zov\u00fd rozvad\u011b\u010d Tento rozvad\u011b\u010d je navr\u017een pro jednof\u00e1zov\u00e9 elektrick\u00e9 p\u0159ipojen\u00ed a ochranu tepeln\u00e9ho \u010derpadla. Je vhodn\u00fd pro instalaci ve venkovn\u00edch i vnit\u0159n\u00edch prostor\u00e1ch d\u00edky stupni kryt\u00ed IP65. Rozvad\u011b\u010d &hellip; <a href=\"https:\/\/www.thermannpro.cz\/sk\/sortiment\/prislusenstvi-k-tepelnym-cerpadlum-rozvadec\/\">Read More<\/a><\/p>","protected":false},"author":3,"featured_media":0,"parent":777,"menu_order":0,"comment_status":"closed","ping_status":"closed","template":"","meta":{"footnotes":""},"class_list":["post-2705","page","type-page","status-publish","hentry"],"_links":{"self":[{"href":"https:\/\/www.thermannpro.cz\/sk\/wp-json\/wp\/v2\/pages\/2705","targetHints":{"allow":["GET"]}}],"collection":[{"href":"https:\/\/www.thermannpro.cz\/sk\/wp-json\/wp\/v2\/pages"}],"about":[{"href":"https:\/\/www.thermannpro.cz\/sk\/wp-json\/wp\/v2\/types\/page"}],"author":[{"embeddable":true,"href":"https:\/\/www.thermannpro.cz\/sk\/wp-json\/wp\/v2\/users\/3"}],"replies":[{"embeddable":true,"href":"https:\/\/www.thermannpro.cz\/sk\/wp-json\/wp\/v2\/comments?post=2705"}],"version-history":[{"count":4,"href":"https:\/\/www.thermannpro.cz\/sk\/wp-json\/wp\/v2\/pages\/2705\/revisions"}],"predecessor-version":[{"id":2711,"href":"https:\/\/www.thermannpro.cz\/sk\/wp-json\/wp\/v2\/pages\/2705\/revisions\/2711"}],"up":[{"embeddable":true,"href":"https:\/\/www.thermannpro.cz\/sk\/wp-json\/wp\/v2\/pages\/777"}],"wp:attachment":[{"href":"https:\/\/www.thermannpro.cz\/sk\/wp-json\/wp\/v2\/media?parent=2705"}],"curies":[{"name":"wp","href":"https:\/\/api.w.org\/{rel}","templated":true}]}}