{"id":3561,"date":"2025-09-15T14:42:48","date_gmt":"2025-09-15T12:42:48","guid":{"rendered":"https:\/\/www.thermannpro.cz\/?page_id=3561"},"modified":"2025-09-15T14:43:48","modified_gmt":"2025-09-15T12:43:48","slug":"podlahovy-fancoil-the-fs600","status":"publish","type":"page","link":"https:\/\/www.thermannpro.cz\/sk\/sortiment\/fancoily\/podlahove-fancoily\/podlahovy-fancoil-the-fs600\/","title":{"rendered":"Podlahov\u00fd fancoil THE-FS600"},"content":{"rendered":"<div data-elementor-type=\"wp-page\" data-elementor-id=\"3561\" class=\"elementor elementor-3561\">\n\t\t\t\t\t\t\t\t\t<section class=\"elementor-section elementor-top-section elementor-element elementor-element-8e8fd47 elementor-section-boxed elementor-section-height-default elementor-section-height-default wpr-equal-height-no\" data-id=\"8e8fd47\" data-element_type=\"section\">\n\t\t\t\t\t\t<div class=\"elementor-container elementor-column-gap-default\">\n\t\t\t\t\t<div class=\"elementor-column elementor-col-100 elementor-top-column elementor-element elementor-element-3f9d801\" data-id=\"3f9d801\" data-element_type=\"column\" data-settings=\"{&quot;background_background&quot;:&quot;classic&quot;}\">\n\t\t\t<div class=\"elementor-widget-wrap elementor-element-populated\">\n\t\t\t\t\t<div class=\"elementor-background-overlay\"><\/div>\n\t\t\t\t\t\t\t\t<div class=\"elementor-element elementor-element-abb0823 elementor-invisible elementor-widget elementor-widget-heading\" data-id=\"abb0823\" data-element_type=\"widget\" data-settings=\"{&quot;_animation&quot;:&quot;fadeInDown&quot;,&quot;_animation_delay&quot;:&quot;100&quot;}\" data-widget_type=\"heading.default\">\n\t\t\t\t<div class=\"elementor-widget-container\">\n\t\t\t<h1 class=\"elementor-heading-title elementor-size-default\">Podlahov\u00fd fancoil THE-FS600<\/h1>\t\t<\/div>\n\t\t\t\t<\/div>\n\t\t\t\t\t<\/div>\n\t\t<\/div>\n\t\t\t\t\t\t\t<\/div>\n\t\t<\/section>\n\t\t\t\t<section class=\"elementor-section elementor-top-section elementor-element elementor-element-7af23cb elementor-section-boxed elementor-section-height-default elementor-section-height-default wpr-equal-height-no\" data-id=\"7af23cb\" data-element_type=\"section\">\n\t\t\t\t\t\t<div class=\"elementor-container elementor-column-gap-wide\">\n\t\t\t\t\t<div class=\"elementor-column elementor-col-50 elementor-top-column elementor-element elementor-element-9224c8d\" data-id=\"9224c8d\" data-element_type=\"column\">\n\t\t\t<div class=\"elementor-widget-wrap elementor-element-populated\">\n\t\t\t\t\t\t\t\t<div class=\"elementor-element elementor-element-4f79d94 animated-fast elementor-invisible elementor-widget elementor-widget-heading\" data-id=\"4f79d94\" data-element_type=\"widget\" data-settings=\"{&quot;_animation&quot;:&quot;fadeInLeft&quot;,&quot;_animation_delay&quot;:200}\" data-widget_type=\"heading.default\">\n\t\t\t\t<div class=\"elementor-widget-container\">\n\t\t\t<h2 class=\"elementor-heading-title elementor-size-default\">Podlahov\u00e9 fancoily THERMANNPRO<\/h2>\t\t<\/div>\n\t\t\t\t<\/div>\n\t\t\t\t\t<\/div>\n\t\t<\/div>\n\t\t\t\t<div class=\"elementor-column elementor-col-50 elementor-top-column elementor-element elementor-element-5288b51\" data-id=\"5288b51\" data-element_type=\"column\">\n\t\t\t<div class=\"elementor-widget-wrap elementor-element-populated\">\n\t\t\t\t\t\t\t\t<div class=\"elementor-element elementor-element-22c4487 animated-fast elementor-invisible elementor-widget elementor-widget-heading\" data-id=\"22c4487\" data-element_type=\"widget\" data-settings=\"{&quot;_animation&quot;:&quot;fadeInRight&quot;,&quot;_animation_delay&quot;:&quot;200&quot;}\" data-widget_type=\"heading.default\">\n\t\t\t\t<div class=\"elementor-widget-container\">\n\t\t\t<h5 class=\"elementor-heading-title elementor-size-default\">Podlahov\u00fd fancoil THE-FS600 s chladiacim v\u00fdkonom 2,9 kW a vykurovac\u00edm v\u00fdkonom 3,4 kW.<\/h5>\t\t<\/div>\n\t\t\t\t<\/div>\n\t\t\t\t\t<\/div>\n\t\t<\/div>\n\t\t\t\t\t\t\t<\/div>\n\t\t<\/section>\n\t\t\t\t<section class=\"elementor-section elementor-top-section elementor-element elementor-element-3447819 elementor-section-boxed elementor-section-height-default elementor-section-height-default wpr-equal-height-no\" data-id=\"3447819\" data-element_type=\"section\">\n\t\t\t\t\t\t<div class=\"elementor-container elementor-column-gap-default\">\n\t\t\t\t\t<div class=\"elementor-column elementor-col-100 elementor-top-column elementor-element elementor-element-339c922\" data-id=\"339c922\" data-element_type=\"column\" data-settings=\"{&quot;background_background&quot;:&quot;classic&quot;}\">\n\t\t\t<div class=\"elementor-widget-wrap elementor-element-populated\">\n\t\t\t\t\t\t\t\t<div class=\"elementor-element elementor-element-235d704 animated-fast elementor-invisible elementor-widget elementor-widget-heading\" data-id=\"235d704\" data-element_type=\"widget\" data-settings=\"{&quot;_animation&quot;:&quot;fadeInUp&quot;}\" data-widget_type=\"heading.default\">\n\t\t\t\t<div class=\"elementor-widget-container\">\n\t\t\t<h2 class=\"elementor-heading-title elementor-size-default\">Technick\u00e9 inform\u00e1cie<\/h2>\t\t<\/div>\n\t\t\t\t<\/div>\n\t\t\t\t<div class=\"elementor-element elementor-element-589bea9 animated-fast elementor-invisible elementor-widget elementor-widget-heading\" data-id=\"589bea9\" data-element_type=\"widget\" data-settings=\"{&quot;_animation&quot;:&quot;fadeInUp&quot;}\" data-widget_type=\"heading.default\">\n\t\t\t\t<div class=\"elementor-widget-container\">\n\t\t\t<p class=\"elementor-heading-title elementor-size-default\">podlahov\u00e9ho fancoilu THE-FS600<\/p>\t\t<\/div>\n\t\t\t\t<\/div>\n\t\t\t\t\t<\/div>\n\t\t<\/div>\n\t\t\t\t\t\t\t<\/div>\n\t\t<\/section>\n\t\t\t\t<section class=\"elementor-section elementor-top-section elementor-element elementor-element-74623c5 elementor-section-boxed elementor-section-height-default elementor-section-height-default wpr-equal-height-no\" data-id=\"74623c5\" data-element_type=\"section\" data-settings=\"{&quot;background_background&quot;:&quot;classic&quot;}\">\n\t\t\t\t\t\t<div class=\"elementor-container elementor-column-gap-default\">\n\t\t\t\t\t<div class=\"elementor-column elementor-col-100 elementor-top-column elementor-element elementor-element-80413cd\" data-id=\"80413cd\" data-element_type=\"column\">\n\t\t\t<div class=\"elementor-widget-wrap elementor-element-populated\">\n\t\t\t\t\t\t\t\t<div class=\"elementor-element elementor-element-2d90071 elementor-widget elementor-widget-image\" data-id=\"2d90071\" data-element_type=\"widget\" data-widget_type=\"image.default\">\n\t\t\t\t<div class=\"elementor-widget-container\">\n\t\t\t\t\t\t\t\t\t\t\t\t\t\t\t\t<a href=\"https:\/\/www.thermannpro.cz\/wp-content\/uploads\/2025\/03\/THE-006F1-SK.png\" data-elementor-open-lightbox=\"yes\" data-elementor-lightbox-title=\"tech-info_006F1_230925\" data-e-action-hash=\"#elementor-action%3Aaction%3Dlightbox%26settings%3DeyJpZCI6MTgyNSwidXJsIjoiaHR0cHM6XC9cL3d3dy50aGVybWFubnByby5jelwvd3AtY29udGVudFwvdXBsb2Fkc1wvMjAyM1wvMTBcL3RlY2gtaW5mb18wMDZGMV8yMzA5MjUucG5nIn0%3D\">\n\t\t\t\t\t\t\t<img fetchpriority=\"high\" decoding=\"async\" width=\"543\" height=\"782\" src=\"https:\/\/www.thermannpro.cz\/wp-content\/uploads\/2025\/03\/THE-006F1-SK.png\" class=\"attachment-full size-full wp-image-1825\" alt=\"\" srcset=\"https:\/\/www.thermannpro.cz\/wp-content\/uploads\/2025\/03\/THE-006F1-SK.png 588w, https:\/\/www.thermannpro.cz\/wp-content\/uploads\/2025\/03\/THE-006F1-SK-215x300.png 215w, https:\/\/www.thermannpro.cz\/wp-content\/uploads\/2025\/03\/THE-006F1-SK-9x12.png 9w, https:\/\/www.thermannpro.cz\/wp-content\/uploads\/2025\/03\/THE-006F1-SK-72x100.png 72w, https:\/\/www.thermannpro.cz\/wp-content\/uploads\/2025\/03\/THE-006F1-SK-57x80.png 57w, https:\/\/www.thermannpro.cz\/wp-content\/uploads\/2025\/03\/THE-006F1-SK-218x303.png 218w, https:\/\/www.thermannpro.cz\/wp-content\/uploads\/2025\/03\/THE-006F1-SK-503x700.png 503w\" sizes=\"(max-width: 543px) 100vw, 543px\" \/>\t\t\t\t\t\t\t\t<\/a>\n\t\t\t\t\t\t\t\t\t\t\t\t\t\t\t<\/div>\n\t\t\t\t<\/div>\n\t\t\t\t\t<\/div>\n\t\t<\/div>\n\t\t\t\t\t\t\t<\/div>\n\t\t<\/section>\n\t\t\t\t<section class=\"elementor-section elementor-top-section elementor-element elementor-element-2d49b7c elementor-section-boxed elementor-section-height-default elementor-section-height-default wpr-equal-height-no\" data-id=\"2d49b7c\" data-element_type=\"section\">\n\t\t\t\t\t\t<div class=\"elementor-container elementor-column-gap-default\">\n\t\t\t\t\t<div class=\"elementor-column elementor-col-100 elementor-top-column elementor-element elementor-element-e23e787\" data-id=\"e23e787\" data-element_type=\"column\">\n\t\t\t<div class=\"elementor-widget-wrap elementor-element-populated\">\n\t\t\t\t\t\t\t\t<div class=\"elementor-element elementor-element-2754f7d animated-fast elementor-invisible elementor-widget elementor-widget-heading\" data-id=\"2754f7d\" data-element_type=\"widget\" data-settings=\"{&quot;_animation&quot;:&quot;fadeInUp&quot;}\" data-widget_type=\"heading.default\">\n\t\t\t\t<div class=\"elementor-widget-container\">\n\t\t\t<h2 class=\"elementor-heading-title elementor-size-default\">Kompletn\u00fd technick\u00fd list<\/h2>\t\t<\/div>\n\t\t\t\t<\/div>\n\t\t\t\t<div class=\"elementor-element elementor-element-1bec01c elementor-align-center elementor-mobile-align-center elementor-invisible elementor-widget elementor-widget-button\" data-id=\"1bec01c\" data-element_type=\"widget\" data-settings=\"{&quot;_animation&quot;:&quot;fadeIn&quot;}\" data-widget_type=\"button.default\">\n\t\t\t\t<div class=\"elementor-widget-container\">\n\t\t\t\t\t<div class=\"elementor-button-wrapper\">\n\t\t\t<a class=\"elementor-button elementor-button-link elementor-size-lg\" href=\"https:\/\/www.thermannpro.cz\/wp-content\/uploads\/2023\/10\/Technicky_list_006F1_231015.pdf\" target=\"_blank\">\n\t\t\t\t\t\t<span class=\"elementor-button-content-wrapper\">\n\t\t\t\t\t\t<span class=\"elementor-button-text\">Stiahnu\u0165 technick\u00fd list<\/span>\n\t\t<\/span>\n\t\t\t\t\t<\/a>\n\t\t<\/div>\n\t\t\t\t<\/div>\n\t\t\t\t<\/div>\n\t\t\t\t\t<\/div>\n\t\t<\/div>\n\t\t\t\t\t\t\t<\/div>\n\t\t<\/section>\n\t\t\t\t<section class=\"elementor-section elementor-top-section elementor-element elementor-element-7619acb elementor-section-boxed elementor-section-height-default elementor-section-height-default wpr-equal-height-no\" data-id=\"7619acb\" data-element_type=\"section\" data-settings=\"{&quot;background_background&quot;:&quot;classic&quot;}\">\n\t\t\t\t\t\t<div class=\"elementor-container elementor-column-gap-default\">\n\t\t\t\t\t<div class=\"elementor-column elementor-col-50 elementor-top-column elementor-element elementor-element-7355a23\" data-id=\"7355a23\" data-element_type=\"column\" data-settings=\"{&quot;background_background&quot;:&quot;classic&quot;}\">\n\t\t\t<div class=\"elementor-widget-wrap elementor-element-populated\">\n\t\t\t\t\t\t\t\t<div class=\"elementor-element elementor-element-c6f1e58 animated-fast elementor-invisible elementor-widget elementor-widget-heading\" data-id=\"c6f1e58\" data-element_type=\"widget\" data-settings=\"{&quot;_animation&quot;:&quot;fadeInLeft&quot;,&quot;_animation_delay&quot;:200}\" data-widget_type=\"heading.default\">\n\t\t\t\t<div class=\"elementor-widget-container\">\n\t\t\t<h2 class=\"elementor-heading-title elementor-size-default\">Energetick\u00fd \u0161t\u00edtok podlahov\u00e9ho fancoilu THE-FS600<\/h2>\t\t<\/div>\n\t\t\t\t<\/div>\n\t\t\t\t\t<\/div>\n\t\t<\/div>\n\t\t\t\t<div class=\"elementor-column elementor-col-50 elementor-top-column elementor-element elementor-element-dd3d96d\" data-id=\"dd3d96d\" data-element_type=\"column\" data-settings=\"{&quot;background_background&quot;:&quot;classic&quot;}\">\n\t\t\t<div class=\"elementor-widget-wrap elementor-element-populated\">\n\t\t\t\t\t\t\t\t<div class=\"elementor-element elementor-element-cb5f0fa elementor-widget elementor-widget-image\" data-id=\"cb5f0fa\" data-element_type=\"widget\" data-widget_type=\"image.default\">\n\t\t\t\t<div class=\"elementor-widget-container\">\n\t\t\t\t\t\t\t\t\t\t\t\t\t\t\t\t<a href=\"https:\/\/www.thermannpro.cz\/wp-content\/uploads\/2023\/09\/energeticky-stitek_THE-006F1.jpg\" data-elementor-open-lightbox=\"yes\" data-elementor-lightbox-title=\"Energetick\u00fd \u0161t\u00edtek THE-006F1\" data-e-action-hash=\"#elementor-action%3Aaction%3Dlightbox%26settings%3DeyJpZCI6OTg5LCJ1cmwiOiJodHRwczpcL1wvd3d3LnRoZXJtYW5ucHJvLmN6XC93cC1jb250ZW50XC91cGxvYWRzXC8yMDIzXC8wOVwvZW5lcmdldGlja3ktc3RpdGVrX1RIRS0wMDZGMS5qcGcifQ%3D%3D\">\n\t\t\t\t\t\t\t<img decoding=\"async\" width=\"525\" height=\"1000\" data-src=\"https:\/\/www.thermannpro.cz\/wp-content\/uploads\/2023\/09\/energeticky-stitek_THE-006F1.jpg\" class=\"attachment-full size-full wp-image-989 lazyload\" alt=\"Energetick\u00fd \u0161t\u00edtek THE-006F1\" data-srcset=\"https:\/\/www.thermannpro.cz\/wp-content\/uploads\/2023\/09\/energeticky-stitek_THE-006F1.jpg 525w, https:\/\/www.thermannpro.cz\/wp-content\/uploads\/2023\/09\/energeticky-stitek_THE-006F1-158x300.jpg 158w, https:\/\/www.thermannpro.cz\/wp-content\/uploads\/2023\/09\/energeticky-stitek_THE-006F1-53x100.jpg 53w, https:\/\/www.thermannpro.cz\/wp-content\/uploads\/2023\/09\/energeticky-stitek_THE-006F1-42x80.jpg 42w, https:\/\/www.thermannpro.cz\/wp-content\/uploads\/2023\/09\/energeticky-stitek_THE-006F1-159x303.jpg 159w, https:\/\/www.thermannpro.cz\/wp-content\/uploads\/2023\/09\/energeticky-stitek_THE-006F1-368x700.jpg 368w, https:\/\/www.thermannpro.cz\/wp-content\/uploads\/2023\/09\/energeticky-stitek_THE-006F1-499x950.jpg 499w\" data-sizes=\"(max-width: 525px) 100vw, 525px\" src=\"data:image\/svg+xml;base64,PHN2ZyB3aWR0aD0iMSIgaGVpZ2h0PSIxIiB4bWxucz0iaHR0cDovL3d3dy53My5vcmcvMjAwMC9zdmciPjwvc3ZnPg==\" style=\"--smush-placeholder-width: 525px; --smush-placeholder-aspect-ratio: 525\/1000;\" \/>\t\t\t\t\t\t\t\t<\/a>\n\t\t\t\t\t\t\t\t\t\t\t\t\t\t\t<\/div>\n\t\t\t\t<\/div>\n\t\t\t\t\t<\/div>\n\t\t<\/div>\n\t\t\t\t\t\t\t<\/div>\n\t\t<\/section>\n\t\t\t\t<section class=\"elementor-section elementor-top-section elementor-element elementor-element-c7c19e4 elementor-section-boxed elementor-section-height-default elementor-section-height-default wpr-equal-height-no\" data-id=\"c7c19e4\" data-element_type=\"section\">\n\t\t\t\t\t\t<div class=\"elementor-container elementor-column-gap-default\">\n\t\t\t\t\t<div class=\"elementor-column elementor-col-100 elementor-top-column elementor-element elementor-element-e59223f\" data-id=\"e59223f\" data-element_type=\"column\">\n\t\t\t<div class=\"elementor-widget-wrap elementor-element-populated\">\n\t\t\t\t\t\t\t\t<div class=\"elementor-element elementor-element-0488b4c elementor-widget elementor-widget-themo-image-gallery\" data-id=\"0488b4c\" data-element_type=\"widget\" data-widget_type=\"themo-image-gallery.default\">\n\t\t\t\t<div class=\"elementor-widget-container\">\n\t\t\t\t\t<div class=\"elementor-image-gallery\">\n\t\t\t<div class=\"gallery gallery-3561-1\"><div class=\"row gallery-row\"><div class=\"col-sm-4 col-lg-4\"><a data-toggle=\"lightbox\" data-gallery=\"multiimages\" data-title=\"Podlahov\u00fd fancoil THE-FS\"  class=\"thumbnail img-thumbnail\" href='https:\/\/www.thermannpro.cz\/wp-content\/uploads\/2025\/09\/podlahovy-fancoil-FS-01-1240x698.jpg'><img decoding=\"async\" width=\"300\" height=\"169\" data-src=\"https:\/\/www.thermannpro.cz\/wp-content\/uploads\/2025\/09\/podlahovy-fancoil-FS-01-300x169.jpg\" class=\"attachment-medium size-medium lazyload\" alt=\"Podlahov\u00fd fancoil THE-FS\" data-srcset=\"https:\/\/www.thermannpro.cz\/wp-content\/uploads\/2025\/09\/podlahovy-fancoil-FS-01-300x169.jpg 300w, https:\/\/www.thermannpro.cz\/wp-content\/uploads\/2025\/09\/podlahovy-fancoil-FS-01-1024x576.jpg 1024w, https:\/\/www.thermannpro.cz\/wp-content\/uploads\/2025\/09\/podlahovy-fancoil-FS-01-768x432.jpg 768w, https:\/\/www.thermannpro.cz\/wp-content\/uploads\/2025\/09\/podlahovy-fancoil-FS-01-1536x864.jpg 1536w, https:\/\/www.thermannpro.cz\/wp-content\/uploads\/2025\/09\/podlahovy-fancoil-FS-01-18x10.jpg 18w, https:\/\/www.thermannpro.cz\/wp-content\/uploads\/2025\/09\/podlahovy-fancoil-FS-01-178x100.jpg 178w, https:\/\/www.thermannpro.cz\/wp-content\/uploads\/2025\/09\/podlahovy-fancoil-FS-01-142x80.jpg 142w, https:\/\/www.thermannpro.cz\/wp-content\/uploads\/2025\/09\/podlahovy-fancoil-FS-01-394x222.jpg 394w, https:\/\/www.thermannpro.cz\/wp-content\/uploads\/2025\/09\/podlahovy-fancoil-FS-01-915x515.jpg 915w, https:\/\/www.thermannpro.cz\/wp-content\/uploads\/2025\/09\/podlahovy-fancoil-FS-01-1240x698.jpg 1240w, https:\/\/www.thermannpro.cz\/wp-content\/uploads\/2025\/09\/podlahovy-fancoil-FS-01-1240x698.jpg 1920w\" data-sizes=\"(max-width: 300px) 100vw, 300px\" src=\"data:image\/svg+xml;base64,PHN2ZyB3aWR0aD0iMSIgaGVpZ2h0PSIxIiB4bWxucz0iaHR0cDovL3d3dy53My5vcmcvMjAwMC9zdmciPjwvc3ZnPg==\" style=\"--smush-placeholder-width: 300px; --smush-placeholder-aspect-ratio: 300\/169;\" \/><\/a><div class=\"gallery-text\"><div class=\"image-title\">Podlahov\u00fd fancoil THE-FS<\/div><\/div><\/div><div class=\"col-sm-4 col-lg-4\"><a data-toggle=\"lightbox\" data-gallery=\"multiimages\" data-title=\"Podlahov\u00fd fancoil THE-FS\"  class=\"thumbnail img-thumbnail\" href='https:\/\/www.thermannpro.cz\/wp-content\/uploads\/2025\/09\/podlahovy-fancoil-FS-02-1240x698.jpg'><img decoding=\"async\" width=\"300\" height=\"169\" data-src=\"https:\/\/www.thermannpro.cz\/wp-content\/uploads\/2025\/09\/podlahovy-fancoil-FS-02-300x169.jpg\" class=\"attachment-medium size-medium lazyload\" alt=\"Podlahov\u00fd fancoil THE-FS\" data-srcset=\"https:\/\/www.thermannpro.cz\/wp-content\/uploads\/2025\/09\/podlahovy-fancoil-FS-02-300x169.jpg 300w, https:\/\/www.thermannpro.cz\/wp-content\/uploads\/2025\/09\/podlahovy-fancoil-FS-02-1024x576.jpg 1024w, https:\/\/www.thermannpro.cz\/wp-content\/uploads\/2025\/09\/podlahovy-fancoil-FS-02-768x432.jpg 768w, https:\/\/www.thermannpro.cz\/wp-content\/uploads\/2025\/09\/podlahovy-fancoil-FS-02-1536x864.jpg 1536w, https:\/\/www.thermannpro.cz\/wp-content\/uploads\/2025\/09\/podlahovy-fancoil-FS-02-18x10.jpg 18w, https:\/\/www.thermannpro.cz\/wp-content\/uploads\/2025\/09\/podlahovy-fancoil-FS-02-178x100.jpg 178w, https:\/\/www.thermannpro.cz\/wp-content\/uploads\/2025\/09\/podlahovy-fancoil-FS-02-142x80.jpg 142w, https:\/\/www.thermannpro.cz\/wp-content\/uploads\/2025\/09\/podlahovy-fancoil-FS-02-394x222.jpg 394w, https:\/\/www.thermannpro.cz\/wp-content\/uploads\/2025\/09\/podlahovy-fancoil-FS-02-915x515.jpg 915w, https:\/\/www.thermannpro.cz\/wp-content\/uploads\/2025\/09\/podlahovy-fancoil-FS-02-1240x698.jpg 1240w, https:\/\/www.thermannpro.cz\/wp-content\/uploads\/2025\/09\/podlahovy-fancoil-FS-02-1240x698.jpg 1920w\" data-sizes=\"(max-width: 300px) 100vw, 300px\" src=\"data:image\/svg+xml;base64,PHN2ZyB3aWR0aD0iMSIgaGVpZ2h0PSIxIiB4bWxucz0iaHR0cDovL3d3dy53My5vcmcvMjAwMC9zdmciPjwvc3ZnPg==\" style=\"--smush-placeholder-width: 300px; --smush-placeholder-aspect-ratio: 300\/169;\" \/><\/a><div class=\"gallery-text\"><div class=\"image-title\">Podlahov\u00fd fancoil THE-FS<\/div><\/div><\/div><div class=\"col-sm-4 col-lg-4\"><a data-toggle=\"lightbox\" data-gallery=\"multiimages\" data-title=\"Podlahov\u00fd fancoil THE-FS\"  class=\"thumbnail img-thumbnail\" href='https:\/\/www.thermannpro.cz\/wp-content\/uploads\/2025\/09\/podlahovy-fancoil-FS-03-1240x698.jpg'><img decoding=\"async\" width=\"300\" height=\"169\" data-src=\"https:\/\/www.thermannpro.cz\/wp-content\/uploads\/2025\/09\/podlahovy-fancoil-FS-03-300x169.jpg\" class=\"attachment-medium size-medium lazyload\" alt=\"Podlahov\u00fd fancoil THE-FS\" data-srcset=\"https:\/\/www.thermannpro.cz\/wp-content\/uploads\/2025\/09\/podlahovy-fancoil-FS-03-300x169.jpg 300w, https:\/\/www.thermannpro.cz\/wp-content\/uploads\/2025\/09\/podlahovy-fancoil-FS-03-1024x576.jpg 1024w, https:\/\/www.thermannpro.cz\/wp-content\/uploads\/2025\/09\/podlahovy-fancoil-FS-03-768x432.jpg 768w, https:\/\/www.thermannpro.cz\/wp-content\/uploads\/2025\/09\/podlahovy-fancoil-FS-03-1536x864.jpg 1536w, https:\/\/www.thermannpro.cz\/wp-content\/uploads\/2025\/09\/podlahovy-fancoil-FS-03-18x10.jpg 18w, https:\/\/www.thermannpro.cz\/wp-content\/uploads\/2025\/09\/podlahovy-fancoil-FS-03-178x100.jpg 178w, https:\/\/www.thermannpro.cz\/wp-content\/uploads\/2025\/09\/podlahovy-fancoil-FS-03-142x80.jpg 142w, https:\/\/www.thermannpro.cz\/wp-content\/uploads\/2025\/09\/podlahovy-fancoil-FS-03-394x222.jpg 394w, https:\/\/www.thermannpro.cz\/wp-content\/uploads\/2025\/09\/podlahovy-fancoil-FS-03-915x515.jpg 915w, https:\/\/www.thermannpro.cz\/wp-content\/uploads\/2025\/09\/podlahovy-fancoil-FS-03-1240x698.jpg 1240w, https:\/\/www.thermannpro.cz\/wp-content\/uploads\/2025\/09\/podlahovy-fancoil-FS-03-1240x698.jpg 1920w\" data-sizes=\"(max-width: 300px) 100vw, 300px\" src=\"data:image\/svg+xml;base64,PHN2ZyB3aWR0aD0iMSIgaGVpZ2h0PSIxIiB4bWxucz0iaHR0cDovL3d3dy53My5vcmcvMjAwMC9zdmciPjwvc3ZnPg==\" style=\"--smush-placeholder-width: 300px; --smush-placeholder-aspect-ratio: 300\/169;\" \/><\/a><div class=\"gallery-text\"><div class=\"image-title\">Podlahov\u00fd fancoil THE-FS<\/div><\/div><\/div><\/div><div class=\"row gallery-row\"><div class=\"col-sm-4 col-lg-4\"><a data-toggle=\"lightbox\" data-gallery=\"multiimages\" data-title=\"Podlahov\u00fd fancoil THE-FS\"  class=\"thumbnail img-thumbnail\" href='https:\/\/www.thermannpro.cz\/wp-content\/uploads\/2025\/09\/podlahovy-fancoil-FS-04-1240x826.jpg'><img decoding=\"async\" width=\"300\" height=\"200\" data-src=\"https:\/\/www.thermannpro.cz\/wp-content\/uploads\/2025\/09\/podlahovy-fancoil-FS-04-300x200.jpg\" class=\"attachment-medium size-medium lazyload\" alt=\"Podlahov\u00fd fancoil THE-FS\" data-srcset=\"https:\/\/www.thermannpro.cz\/wp-content\/uploads\/2025\/09\/podlahovy-fancoil-FS-04-300x200.jpg 300w, https:\/\/www.thermannpro.cz\/wp-content\/uploads\/2025\/09\/podlahovy-fancoil-FS-04-1024x682.jpg 1024w, https:\/\/www.thermannpro.cz\/wp-content\/uploads\/2025\/09\/podlahovy-fancoil-FS-04-768x512.jpg 768w, https:\/\/www.thermannpro.cz\/wp-content\/uploads\/2025\/09\/podlahovy-fancoil-FS-04-18x12.jpg 18w, https:\/\/www.thermannpro.cz\/wp-content\/uploads\/2025\/09\/podlahovy-fancoil-FS-04-150x100.jpg 150w, https:\/\/www.thermannpro.cz\/wp-content\/uploads\/2025\/09\/podlahovy-fancoil-FS-04-120x80.jpg 120w, https:\/\/www.thermannpro.cz\/wp-content\/uploads\/2025\/09\/podlahovy-fancoil-FS-04-394x263.jpg 394w, https:\/\/www.thermannpro.cz\/wp-content\/uploads\/2025\/09\/podlahovy-fancoil-FS-04-915x610.jpg 915w, https:\/\/www.thermannpro.cz\/wp-content\/uploads\/2025\/09\/podlahovy-fancoil-FS-04-1240x826.jpg 1240w, https:\/\/www.thermannpro.cz\/wp-content\/uploads\/2025\/09\/podlahovy-fancoil-FS-04-1240x826.jpg 1535w\" data-sizes=\"(max-width: 300px) 100vw, 300px\" src=\"data:image\/svg+xml;base64,PHN2ZyB3aWR0aD0iMSIgaGVpZ2h0PSIxIiB4bWxucz0iaHR0cDovL3d3dy53My5vcmcvMjAwMC9zdmciPjwvc3ZnPg==\" style=\"--smush-placeholder-width: 300px; --smush-placeholder-aspect-ratio: 300\/200;\" \/><\/a><div class=\"gallery-text\"><div class=\"image-title\">Podlahov\u00fd fancoil THE-FS<\/div><\/div><\/div><div class=\"col-sm-4 col-lg-4\"><a data-toggle=\"lightbox\" data-gallery=\"multiimages\" data-title=\"Podlahov\u00fd fancoil THE-FS\"  class=\"thumbnail img-thumbnail\" href='https:\/\/www.thermannpro.cz\/wp-content\/uploads\/2025\/09\/podlahovy-fancoil-FS-05-1240x698.jpg'><img decoding=\"async\" width=\"300\" height=\"169\" data-src=\"https:\/\/www.thermannpro.cz\/wp-content\/uploads\/2025\/09\/podlahovy-fancoil-FS-05-300x169.jpg\" class=\"attachment-medium size-medium lazyload\" alt=\"Podlahov\u00fd fancoil THE-FS\" data-srcset=\"https:\/\/www.thermannpro.cz\/wp-content\/uploads\/2025\/09\/podlahovy-fancoil-FS-05-300x169.jpg 300w, https:\/\/www.thermannpro.cz\/wp-content\/uploads\/2025\/09\/podlahovy-fancoil-FS-05-1024x576.jpg 1024w, https:\/\/www.thermannpro.cz\/wp-content\/uploads\/2025\/09\/podlahovy-fancoil-FS-05-768x432.jpg 768w, https:\/\/www.thermannpro.cz\/wp-content\/uploads\/2025\/09\/podlahovy-fancoil-FS-05-1536x864.jpg 1536w, https:\/\/www.thermannpro.cz\/wp-content\/uploads\/2025\/09\/podlahovy-fancoil-FS-05-18x10.jpg 18w, https:\/\/www.thermannpro.cz\/wp-content\/uploads\/2025\/09\/podlahovy-fancoil-FS-05-178x100.jpg 178w, https:\/\/www.thermannpro.cz\/wp-content\/uploads\/2025\/09\/podlahovy-fancoil-FS-05-142x80.jpg 142w, https:\/\/www.thermannpro.cz\/wp-content\/uploads\/2025\/09\/podlahovy-fancoil-FS-05-394x222.jpg 394w, https:\/\/www.thermannpro.cz\/wp-content\/uploads\/2025\/09\/podlahovy-fancoil-FS-05-915x515.jpg 915w, https:\/\/www.thermannpro.cz\/wp-content\/uploads\/2025\/09\/podlahovy-fancoil-FS-05-1240x698.jpg 1240w, https:\/\/www.thermannpro.cz\/wp-content\/uploads\/2025\/09\/podlahovy-fancoil-FS-05-1240x698.jpg 1920w\" data-sizes=\"(max-width: 300px) 100vw, 300px\" src=\"data:image\/svg+xml;base64,PHN2ZyB3aWR0aD0iMSIgaGVpZ2h0PSIxIiB4bWxucz0iaHR0cDovL3d3dy53My5vcmcvMjAwMC9zdmciPjwvc3ZnPg==\" style=\"--smush-placeholder-width: 300px; --smush-placeholder-aspect-ratio: 300\/169;\" \/><\/a><div class=\"gallery-text\"><div class=\"image-title\">Podlahov\u00fd fancoil THE-FS<\/div><\/div><\/div><\/div><\/div>\t\t<\/div>\n\t\t\t\t<\/div>\n\t\t\t\t<\/div>\n\t\t\t\t\t<\/div>\n\t\t<\/div>\n\t\t\t\t\t\t\t<\/div>\n\t\t<\/section>\n\t\t\t\t\t\t\t<\/div>","protected":false},"excerpt":{"rendered":"<p>Podlahov\u00fd fancoil THE-FS600 Podlahov\u00e9 fancoily THERMANNPRO Podlahov\u00fd fancoil THE-FS600 s chlad\u00edc\u00edm v\u00fdkonem 2,9kW a topn\u00fdm v\u00fdkonem 3,4kW. Technick\u00e9 informace\u200b podlahov\u00e9ho fancoilu THE-FS600 Kompletn\u00ed technick\u00fd list St\u00e1hnout technick\u00fd list Energetick\u00fd \u0161t\u00edtek podlahov\u00e9ho fancoilu THE-FS600 Podlahov\u00fd fancoil THE-FSPodlahov\u00fd fancoil THE-FSPodlahov\u00fd fancoil THE-FSPodlahov\u00fd &hellip; <a href=\"https:\/\/www.thermannpro.cz\/sk\/sortiment\/fancoily\/podlahove-fancoily\/podlahovy-fancoil-the-fs600\/\">Read More<\/a><\/p>","protected":false},"author":3,"featured_media":0,"parent":2598,"menu_order":0,"comment_status":"closed","ping_status":"closed","template":"","meta":{"footnotes":""},"class_list":["post-3561","page","type-page","status-publish","hentry"],"_links":{"self":[{"href":"https:\/\/www.thermannpro.cz\/sk\/wp-json\/wp\/v2\/pages\/3561","targetHints":{"allow":["GET"]}}],"collection":[{"href":"https:\/\/www.thermannpro.cz\/sk\/wp-json\/wp\/v2\/pages"}],"about":[{"href":"https:\/\/www.thermannpro.cz\/sk\/wp-json\/wp\/v2\/types\/page"}],"author":[{"embeddable":true,"href":"https:\/\/www.thermannpro.cz\/sk\/wp-json\/wp\/v2\/users\/3"}],"replies":[{"embeddable":true,"href":"https:\/\/www.thermannpro.cz\/sk\/wp-json\/wp\/v2\/comments?post=3561"}],"version-history":[{"count":4,"href":"https:\/\/www.thermannpro.cz\/sk\/wp-json\/wp\/v2\/pages\/3561\/revisions"}],"predecessor-version":[{"id":3565,"href":"https:\/\/www.thermannpro.cz\/sk\/wp-json\/wp\/v2\/pages\/3561\/revisions\/3565"}],"up":[{"embeddable":true,"href":"https:\/\/www.thermannpro.cz\/sk\/wp-json\/wp\/v2\/pages\/2598"}],"wp:attachment":[{"href":"https:\/\/www.thermannpro.cz\/sk\/wp-json\/wp\/v2\/media?parent=3561"}],"curies":[{"name":"wp","href":"https:\/\/api.w.org\/{rel}","templated":true}]}}